{"id":82153,"date":"2026-04-14T14:56:19","date_gmt":"2026-04-14T12:56:19","guid":{"rendered":"https:\/\/safeblood.rs\/?page_id=82153"},"modified":"2026-04-14T14:56:19","modified_gmt":"2026-04-14T12:56:19","slug":"vseobecne-obchodne-podmienky","status":"publish","type":"page","link":"https:\/\/safeblood.rs\/sk\/vseobecne-obchodne-podmienky\/","title":{"rendered":"V\u0161eobecn\u00e9 obchodn\u00e9 podmienky"},"content":{"rendered":"[vc_row type=&#8220;in_container&#8220; full_screen_row_position=&#8220;middle&#8220; column_margin=&#8220;default&#8220; column_direction=&#8220;default&#8220; column_direction_tablet=&#8220;default&#8220; column_direction_phone=&#8220;default&#8220; scene_position=&#8220;center&#8220; text_color=&#8220;dark&#8220; text_align=&#8220;left&#8220; row_border_radius=&#8220;none&#8220; row_border_radius_applies=&#8220;bg&#8220; overlay_strength=&#8220;0.3&#8243; gradient_direction=&#8220;left_to_right&#8220; shape_divider_position=&#8220;bottom&#8220; bg_image_animation=&#8220;none&#8220;][vc_column column_padding=&#8220;no-extra-padding&#8220; column_padding_tablet=&#8220;inherit&#8220; column_padding_phone=&#8220;inherit&#8220; column_padding_position=&#8220;all&#8220; column_element_spacing=&#8220;default&#8220; background_color_opacity=&#8220;1&#8243; background_hover_color_opacity=&#8220;1&#8243; column_shadow=&#8220;none&#8220; column_border_radius=&#8220;none&#8220; column_link_target=&#8220;_self&#8220; gradient_direction=&#8220;left_to_right&#8220; overlay_strength=&#8220;0.3&#8243; width=&#8220;1\/1&#8243; tablet_width_inherit=&#8220;default&#8220; tablet_text_alignment=&#8220;default&#8220; phone_text_alignment=&#8220;default&#8220; bg_image_animation=&#8220;none&#8220; border_type=&#8220;simple&#8220; column_border_width=&#8220;none&#8220; column_border_style=&#8220;solid&#8220;][vc_column_text]\n<div class=\"page\" title=\"Page 1\">\n<div class=\"section\">\n<div class=\"layoutArea\">\n<div class=\"column\">\n<p>Pre pokra\u010dovanie v registr\u00e1cii si najprv pre\u010d\u00edtajte nasleduj\u00faci text. Kliknut\u00edm do pol\u00ed\u010dka \u00faplne dole potvrdzujete, \u017ee ste si pre\u010d\u00edtali, pochopili a s\u00fahlas\u00edte so v\u0161eobecn\u00fdmi obchodn\u00fdmi podmienkami.<\/p>\n<p><strong>V\u0161eobecn\u00e9 obchodn\u00e9 podmienky<\/strong><\/p>\n<p>Registr\u00e1ciou ako \u010dlen v SafeBlood Donation potvrdzujem nasledovn\u00e9:<\/p>\n<ul>\n<li>S\u00fahlas\u00edm s t\u00fdm, aby moje \u00fadaje boli organiz\u00e1ciou SafeBlood Donation pou\u017e\u00edvan\u00e9 na vyh\u013eadanie vhodn\u00e9ho darcu krvi. SafeBlood Donation sa naopak zav\u00e4zuje, \u017ee tieto \u00fadaje nikdy neposkytne tret\u00edm stran\u00e1m. Men\u00e1 bud\u00fa zverejnen\u00e9 a komunikovan\u00e9 iba v momente, ke\u010f s\u00fa darca a pr\u00edjemca osobne spojen\u00ed.<\/li>\n<li>V krajin\u00e1ch, kde je t\u00e1to slu\u017eba u\u017e zriaden\u00e1, sprostredkovanie zabezpe\u010duje telefonick\u00e9 centrum. Tam, kde tak\u00e9to centrum e\u0161te neexistuje, s\u00fahlas\u00edm s t\u00fdm, aby moje kontaktn\u00e9 \u00fadaje boli pri sprostredkovan\u00ed odovzdan\u00e9 priamo pr\u00edjemcovi prostredn\u00edctvom SafeBlood, a aby ma tento pr\u00edjemca kontaktoval priamo.<\/li>\n<li>Oslobodzujem potenci\u00e1lnych darcov, pr\u00edjemcov, zapojen\u00e9 zdravotn\u00edcke in\u0161tit\u00facie a SafeBlood Donation ako sprostredkovate\u013ea od akejko\u013evek zodpovednosti.<\/li>\n<li>Pri zad\u00e1van\u00ed mojich \u00fadajov vypln\u00edm v\u0161etky polia spr\u00e1vne. Som si vedom\u00fd\/\u00e1, \u017ee nespr\u00e1vne \u00fadaje, najm\u00e4 pokia\u013e ide o m\u00f4j o\u010dkovac\u00ed status a osobn\u00e9 \u00fadaje, s\u00fa zav\u00e1dzaj\u00face a m\u00f4\u017eu ma\u0165 za n\u00e1sledok nielen okam\u017eit\u00e9 vyl\u00fa\u010denie z asoci\u00e1cie, ale aj trestn\u00e9 st\u00edhanie. Absol\u00fatna istota, \u017ee tu sprostredk\u00favame iba krv od neo\u010dkovan\u00fdch \u010dlenov (t\u00fdka sa v\u00fdlu\u010dne mRNA o\u010dkovan\u00ed), je pre m\u0148a rovnako d\u00f4le\u017eit\u00e1 ako pre ka\u017ed\u00e9ho in\u00e9ho potenci\u00e1lneho pr\u00edjemcu.<\/li>\n<li>Som si vedom\u00fd\/\u00e1, \u017ee svoje \u00fadaje m\u00f4\u017eem kedyko\u013evek n\u00e1sledne aktualizova\u0165, aby boli aktu\u00e1lne. Ak napr\u00edklad v \u010dase registr\u00e1cie nepozn\u00e1m svoju krvn\u00fa skupinu, m\u00f4\u017eem sa aj tak zaregistrova\u0165 a doplni\u0165 ju nesk\u00f4r. Fungovanie syst\u00e9mu sprostredkovania darcov krvi v\u0161ak z\u00e1vis\u00ed od spr\u00e1vneho uvedenia krvn\u00fdch skup\u00edn v\u0161etk\u00fdch \u010dlenov, preto\u017ee len tak m\u00f4\u017eem v sekcii \u201eN\u00e1js\u0165 darcu krvi\u201c kedyko\u013evek a bez probl\u00e9mov n\u00e1js\u0165 darcu pre moju krvn\u00fa skupinu. Tie\u017e mus\u00ed by\u0165 moja adresa na tento \u00fa\u010del spr\u00e1vne vyplnen\u00e1 (ulica, \u010d\u00edslo, PS\u010c, mesto, kraj\/kant\u00f3n\/okres), krajina. V opa\u010dnom pr\u00edpade ma syst\u00e9m sprostredkovania nen\u00e1jde.<\/li>\n<li>Akceptujem darcov krvi sprostredkovan\u00fdch organiz\u00e1ciou SafeBlood Donation a naopak sa (s v\u00fdhradou zdravotn\u00fdch d\u00f4vodov) pon\u00fakam ako darca krvi. Ak som vybran\u00fd\/\u00e1 ako darca krvi, v r\u00e1mci mo\u017enost\u00ed a primeranosti \u010do najr\u00fdchlej\u0161ie cestujem na miesto pobytu pr\u00edjemcu. Za t\u00fato slu\u017ebu nedost\u00e1vam \u017eiadnu odmenu \u2013 n\u00e1hradu v\u00fddavkov v\u0161ak hrad\u00ed pr\u00edjemca.<\/li>\n<\/ul>\n<\/div>\n<p><input class=\"btn-close closemodale cbutton\" style=\"background: red;\" type=\"button\" value=\"Prija\u0165 a zavrie\u0165\" \/><\/p>\n<\/div>\n<\/div>\n<\/div>\n[\/vc_column_text][\/vc_column][\/vc_row]\n","protected":false},"excerpt":{"rendered":"<p>[vc_row type=&#8220;in_container&#8220; full_screen_row_position=&#8220;middle&#8220; column_margin=&#8220;default&#8220; column_direction=&#8220;default&#8220; column_direction_tablet=&#8220;default&#8220; column_direction_phone=&#8220;default&#8220; scene_position=&#8220;center&#8220; text_color=&#8220;dark&#8220; text_align=&#8220;left&#8220; row_border_radius=&#8220;none&#8220; row_border_radius_applies=&#8220;bg&#8220; overlay_strength=&#8220;0.3&#8243; gradient_direction=&#8220;left_to_right&#8220; shape_divider_position=&#8220;bottom&#8220; bg_image_animation=&#8220;none&#8220;][vc_column column_padding=&#8220;no-extra-padding&#8220; column_padding_tablet=&#8220;inherit&#8220; column_padding_phone=&#8220;inherit&#8220; column_padding_position=&#8220;all&#8220; column_element_spacing=&#8220;default&#8220; background_color_opacity=&#8220;1&#8243; background_hover_color_opacity=&#8220;1&#8243; column_shadow=&#8220;none&#8220; column_border_radius=&#8220;none&#8220; column_link_target=&#8220;_self&#8220; gradient_direction=&#8220;left_to_right&#8220; overlay_strength=&#8220;0.3&#8243; width=&#8220;1\/1&#8243; tablet_width_inherit=&#8220;default&#8220;&#8230;<\/p>\n","protected":false},"author":2,"featured_media":0,"parent":0,"menu_order":0,"comment_status":"closed","ping_status":"closed","template":"","meta":[],"_links":{"self":[{"href":"https:\/\/safeblood.rs\/sk\/wp-json\/wp\/v2\/pages\/82153"}],"collection":[{"href":"https:\/\/safeblood.rs\/sk\/wp-json\/wp\/v2\/pages"}],"about":[{"href":"https:\/\/safeblood.rs\/sk\/wp-json\/wp\/v2\/types\/page"}],"author":[{"embeddable":true,"href":"https:\/\/safeblood.rs\/sk\/wp-json\/wp\/v2\/users\/2"}],"replies":[{"embeddable":true,"href":"https:\/\/safeblood.rs\/sk\/wp-json\/wp\/v2\/comments?post=82153"}],"version-history":[{"count":1,"href":"https:\/\/safeblood.rs\/sk\/wp-json\/wp\/v2\/pages\/82153\/revisions"}],"predecessor-version":[{"id":82154,"href":"https:\/\/safeblood.rs\/sk\/wp-json\/wp\/v2\/pages\/82153\/revisions\/82154"}],"wp:attachment":[{"href":"https:\/\/safeblood.rs\/sk\/wp-json\/wp\/v2\/media?parent=82153"}],"curies":[{"name":"wp","href":"https:\/\/api.w.org\/{rel}","templated":true}]}}