{"id":82122,"date":"2026-04-14T14:44:09","date_gmt":"2026-04-14T12:44:09","guid":{"rendered":"https:\/\/safeblood.rs\/?page_id=82122"},"modified":"2026-04-14T14:46:28","modified_gmt":"2026-04-14T12:46:28","slug":"domovska-stranka","status":"publish","type":"page","link":"https:\/\/safeblood.rs\/sk\/","title":{"rendered":"Domovsk\u00e1 str\u00e1nka"},"content":{"rendered":"[vc_row type=&#8220;full_width_background&#8220; full_screen_row_position=&#8220;middle&#8220; column_margin=&#8220;default&#8220; equal_height=&#8220;yes&#8220; content_placement=&#8220;bottom&#8220; column_direction=&#8220;default&#8220; column_direction_tablet=&#8220;default&#8220; column_direction_phone=&#8220;default&#8220; bg_color=&#8220;#d1d1ca&#8220; bg_image=&#8220;72795&#8243; bg_position=&#8220;center center&#8220; background_image_loading=&#8220;default&#8220; bg_repeat=&#8220;no-repeat&#8220; scene_position=&#8220;center&#8220; top_padding=&#8220;15%&#8220; bottom_padding=&#8220;13%&#8220; text_color=&#8220;light&#8220; text_align=&#8220;left&#8220; row_border_radius=&#8220;none&#8220; row_border_radius_applies=&#8220;bg&#8220; color_overlay=&#8220;#0a0a0a&#8220; overlay_strength=&#8220;0.5&#8243; gradient_direction=&#8220;left_to_right&#8220; shape_divider_position=&#8220;bottom&#8220; shape_divider_height=&#8220;350&#8243; bg_image_animation=&#8220;fade-in&#8220; parallax_bg=&#8220;true&#8220; parallax_bg_speed=&#8220;fast&#8220; shape_type=&#8220;mountains&#8220;][vc_column column_padding=&#8220;no-extra-padding&#8220; column_padding_tablet=&#8220;inherit&#8220; column_padding_phone=&#8220;inherit&#8220; column_padding_position=&#8220;all&#8220; column_element_spacing=&#8220;default&#8220; background_color_opacity=&#8220;1&#8243; background_hover_color_opacity=&#8220;1&#8243; column_shadow=&#8220;none&#8220; column_border_radius=&#8220;none&#8220; column_link_target=&#8220;_self&#8220; gradient_direction=&#8220;left_to_right&#8220; overlay_strength=&#8220;0.3&#8243; width=&#8220;1\/2&#8243; tablet_width_inherit=&#8220;default&#8220; tablet_text_alignment=&#8220;default&#8220; phone_text_alignment=&#8220;default&#8220; bg_image_animation=&#8220;none&#8220; enable_animation=&#8220;true&#8220; animation=&#8220;none&#8220; border_type=&#8220;simple&#8220; column_border_width=&#8220;none&#8220; column_border_style=&#8220;solid&#8220;][vc_row_inner column_margin=&#8220;default&#8220; column_direction=&#8220;default&#8220; column_direction_tablet=&#8220;default&#8220; column_direction_phone=&#8220;default&#8220; text_align=&#8220;left&#8220;][vc_column_inner column_padding=&#8220;no-extra-padding&#8220; column_padding_tablet=&#8220;inherit&#8220; column_padding_phone=&#8220;inherit&#8220; column_padding_position=&#8220;all&#8220; column_element_spacing=&#8220;default&#8220; background_color_opacity=&#8220;1&#8243; background_hover_color_opacity=&#8220;1&#8243; column_shadow=&#8220;none&#8220; column_border_radius=&#8220;none&#8220; column_link_target=&#8220;_self&#8220; gradient_direction=&#8220;left_to_right&#8220; overlay_strength=&#8220;0.3&#8243; width=&#8220;1\/1&#8243; tablet_width_inherit=&#8220;default&#8220; bg_image_animation=&#8220;none&#8220; enable_animation=&#8220;true&#8220; animation=&#8220;none&#8220; border_type=&#8220;simple&#8220; column_border_width=&#8220;none&#8220; column_border_style=&#8220;solid&#8220;][split_line_heading animation_type=&#8220;line-reveal-by-space&#8220; font_style=&#8220;h1&#8243; content_alignment=&#8220;default&#8220; mobile_content_alignment=&#8220;inherit&#8220; text_content=&#8220;Chr\u00e1ni bud\u00facnos\u0165. Chr\u00e1ni \u013eudstvo. Chr\u00e1ni na\u0161u krv.&#8220;][\/split_line_heading][\/vc_column_inner][\/vc_row_inner][vc_row_inner column_margin=&#8220;default&#8220; column_direction=&#8220;default&#8220; column_direction_tablet=&#8220;default&#8220; column_direction_phone=&#8220;default&#8220; text_align=&#8220;left&#8220;][vc_column_inner column_padding=&#8220;no-extra-padding&#8220; column_padding_tablet=&#8220;inherit&#8220; column_padding_phone=&#8220;inherit&#8220; column_padding_position=&#8220;all&#8220; column_element_spacing=&#8220;default&#8220; background_color_opacity=&#8220;1&#8243; background_hover_color_opacity=&#8220;1&#8243; column_shadow=&#8220;none&#8220; column_border_radius=&#8220;none&#8220; column_link_target=&#8220;_self&#8220; gradient_direction=&#8220;left_to_right&#8220; overlay_strength=&#8220;0.3&#8243; width=&#8220;1\/1&#8243; tablet_width_inherit=&#8220;default&#8220; bg_image_animation=&#8220;none&#8220; enable_animation=&#8220;true&#8220; animation=&#8220;fade-in&#8220; border_type=&#8220;simple&#8220; column_border_width=&#8220;none&#8220; column_border_style=&#8220;solid&#8220; delay=&#8220;800&#8243;][nectar_cta btn_style=&#8220;arrow-animation&#8220; heading_tag=&#8220;h4&#8243; text_color=&#8220;#ffffff&#8220; button_color=&#8220;accent-color&#8220; link_type=&#8220;regular&#8220; alignment=&#8220;left&#8220; alignment_tablet=&#8220;default&#8220; alignment_phone=&#8220;default&#8220; display=&#8220;block&#8220; link_text=&#8220;Zisti\u0165 viac&#8220; url=&#8220;#about&#8220; margin_top=&#8220;30&#8243; padding_top=&#8220;20&#8243; padding_right=&#8220;40&#8243; padding_bottom=&#8220;20&#8243; padding_left=&#8220;40&#8243;][nectar_cta btn_style=&#8220;arrow-animation&#8220; heading_tag=&#8220;h4&#8243; text_color=&#8220;#ffffff&#8220; button_color=&#8220;accent-color&#8220; link_type=&#8220;new_tab&#8220; alignment=&#8220;right&#8220; alignment_tablet=&#8220;default&#8220; alignment_phone=&#8220;default&#8220; display=&#8220;inline&#8220; link_text=&#8220;Odobera\u0165 newsletter&#8220; url=&#8220;https:\/\/safeblood.rs\/newsletter\/&#8220; margin_top=&#8220;30&#8243; padding_top=&#8220;20&#8243; padding_right=&#8220;40&#8243; padding_bottom=&#8220;20&#8243; padding_left=&#8220;40&#8243;][nectar_cta btn_style=&#8220;arrow-animation&#8220; heading_tag=&#8220;h4&#8243; text_color=&#8220;#ffffff&#8220; button_color=&#8220;accent-color&#8220; link_type=&#8220;new_tab&#8220; alignment=&#8220;left&#8220; alignment_tablet=&#8220;default&#8220; alignment_phone=&#8220;default&#8220; display=&#8220;block&#8220; link_text=&#8220;Sledujte n\u00e1s na Telegrame&#8220; url=&#8220;https:\/\/t.me\/SafeBlood&#8220; margin_top=&#8220;30&#8243; padding_top=&#8220;20&#8243; padding_bottom=&#8220;20&#8243; padding_left=&#8220;40&#8243; padding_right=&#8220;40&#8243;][\/vc_column_inner][\/vc_row_inner][\/vc_column][vc_column column_padding=&#8220;no-extra-padding&#8220; column_padding_tablet=&#8220;inherit&#8220; column_padding_phone=&#8220;inherit&#8220; column_padding_position=&#8220;bottom-right&#8220; top_margin=&#8220;0&#8243; constrain_group_1=&#8220;yes&#8220; bottom_margin=&#8220;0&#8243; column_element_spacing=&#8220;default&#8220; background_color_opacity=&#8220;1&#8243; background_hover_color_opacity=&#8220;1&#8243; column_shadow=&#8220;none&#8220; column_border_radius=&#8220;none&#8220; column_link_target=&#8220;_self&#8220; gradient_direction=&#8220;left_to_right&#8220; overlay_strength=&#8220;0.3&#8243; width=&#8220;1\/2&#8243; tablet_width_inherit=&#8220;default&#8220; tablet_text_alignment=&#8220;default&#8220; phone_text_alignment=&#8220;default&#8220; bg_image_animation=&#8220;none&#8220; border_type=&#8220;simple&#8220; column_border_width=&#8220;none&#8220; column_border_style=&#8220;solid&#8220;][\/vc_column][\/vc_row][vc_row type=&#8220;in_container&#8220; full_screen_row_position=&#8220;middle&#8220; column_margin=&#8220;90px&#8220; equal_height=&#8220;yes&#8220; content_placement=&#8220;middle&#8220; column_direction=&#8220;default&#8220; column_direction_tablet=&#8220;default&#8220; column_direction_phone=&#8220;default&#8220; scene_position=&#8220;center&#8220; top_padding=&#8220;3%&#8220; bottom_padding=&#8220;3%&#8220; text_color=&#8220;dark&#8220; text_align=&#8220;left&#8220; row_border_radius=&#8220;none&#8220; row_border_radius_applies=&#8220;bg&#8220; id=&#8220;about&#8220; overlay_strength=&#8220;0.3&#8243; gradient_direction=&#8220;left_to_right&#8220; shape_divider_position=&#8220;bottom&#8220; bg_image_animation=&#8220;none&#8220; shape_type=&#8220;&#8220;][vc_column column_padding=&#8220;padding-5-percent&#8220; column_padding_tablet=&#8220;inherit&#8220; column_padding_phone=&#8220;inherit&#8220; column_padding_position=&#8220;all&#8220; column_element_spacing=&#8220;default&#8220; background_color_opacity=&#8220;1&#8243; background_hover_color_opacity=&#8220;1&#8243; background_image=&#8220;6042&#8243; background_image_position=&#8220;center center&#8220; enable_bg_scale=&#8220;true&#8220; background_image_loading=&#8220;lazy-load&#8220; column_shadow=&#8220;none&#8220; column_border_radius=&#8220;none&#8220; column_link_target=&#8220;_self&#8220; gradient_direction=&#8220;left_to_right&#8220; overlay_strength=&#8220;0.3&#8243; width=&#8220;1\/2&#8243; tablet_width_inherit=&#8220;default&#8220; tablet_text_alignment=&#8220;default&#8220; phone_text_alignment=&#8220;default&#8220; bg_image_animation=&#8220;zoom-out-reveal&#8220; border_type=&#8220;simple&#8220; column_border_width=&#8220;none&#8220; column_border_style=&#8220;solid&#8220;][divider line_type=&#8220;No Line&#8220; custom_height=&#8220;300&#8243;][\/vc_column][vc_column column_padding=&#8220;padding-2-percent&#8220; column_padding_tablet=&#8220;inherit&#8220; column_padding_phone=&#8220;inherit&#8220; column_padding_position=&#8220;top-bottom&#8220; column_element_spacing=&#8220;default&#8220; background_color_opacity=&#8220;1&#8243; background_hover_color_opacity=&#8220;1&#8243; column_shadow=&#8220;none&#8220; column_border_radius=&#8220;none&#8220; column_link_target=&#8220;_self&#8220; gradient_direction=&#8220;left_to_right&#8220; overlay_strength=&#8220;0.3&#8243; width=&#8220;1\/2&#8243; tablet_width_inherit=&#8220;default&#8220; tablet_text_alignment=&#8220;default&#8220; phone_text_alignment=&#8220;default&#8220; bg_image_animation=&#8220;none&#8220; border_type=&#8220;simple&#8220; column_border_width=&#8220;none&#8220; column_border_style=&#8220;solid&#8220;][vc_row_inner column_margin=&#8220;default&#8220; column_direction=&#8220;default&#8220; column_direction_tablet=&#8220;default&#8220; column_direction_phone=&#8220;default&#8220; text_align=&#8220;left&#8220;][vc_column_inner column_padding=&#8220;no-extra-padding&#8220; column_padding_tablet=&#8220;inherit&#8220; column_padding_phone=&#8220;inherit&#8220; column_padding_position=&#8220;all&#8220; column_element_spacing=&#8220;default&#8220; background_color_opacity=&#8220;1&#8243; background_hover_color_opacity=&#8220;1&#8243; column_shadow=&#8220;none&#8220; column_border_radius=&#8220;none&#8220; column_link_target=&#8220;_self&#8220; gradient_direction=&#8220;left_to_right&#8220; overlay_strength=&#8220;0.3&#8243; width=&#8220;1\/1&#8243; tablet_width_inherit=&#8220;default&#8220; bg_image_animation=&#8220;none&#8220; enable_animation=&#8220;true&#8220; animation=&#8220;fade-in-from-bottom&#8220; border_type=&#8220;simple&#8220; column_border_width=&#8220;none&#8220; column_border_style=&#8220;solid&#8220;][vc_column_text css_animation=&#8220;fadeIn&#8220; max_width=&#8220;500&#8243;]Krvn\u00e9 transf\u00fazie sa vykon\u00e1vaj\u00fa pomocou krvn\u00fdch konzerv, ktor\u00e9 po darovan\u00ed krvi prech\u00e1dzaj\u00fa komplexn\u00fdm procesom, pri ktorom s\u00fa z ve\u013ekej \u010disti o\u010disten\u00e9 od cudzorod\u00fdch l\u00e1tok. Takto z\u00edskan\u00e1 krv sa a\u017e doteraz mohla bez ob\u00e1v pou\u017e\u00edva\u0165 na transf\u00fazie.<\/p>\n<p>S pr\u00edchodom nov\u00fdch mRNA vakc\u00edn (ako napr\u00edklad aktu\u00e1lne vakc\u00edny proti Covidu) \u010del\u00edme \u00faplne nov\u00fdm v\u00fdzvam, ke\u010f\u017ee nielen takzvan\u00e9 spike prote\u00edny s\u00fa zatia\u013e neutralizovan\u00e9 len v nezn\u00e1mej miere. Mno\u017estvo nedeklarovan\u00fdch anorganick\u00fdch pr\u00edsad t\u00fdchto vakc\u00edn m\u00f4\u017ee by\u0165 pod\u013ea s\u00fa\u010dasn\u00e9ho stavu vedy zn\u00e1mymi \u010distiacimi met\u00f3dami odstr\u00e1nen\u00fdch len \u010diasto\u010dne. Mikroskopia v tmavom poli ukazuje pr\u00edtomnos\u0165 t\u00fdchto \u010dast\u00edc v krvi aj po najmenej 6 mesiacoch \u2013 \u010diasto\u010dne nemusia by\u0165 nikdy rozlo\u017een\u00e9.<\/p>\n<p>Ve\u013ek\u00fd po\u010det \u013eud\u00ed sa vedome rozhodol nezao\u010dkova\u0165 sa proti Sars-Cov-2 a bude odmieta\u0165 aj nadch\u00e1dzaj\u00face o\u010dkovania na b\u00e1ze mRNA \u2013 z ak\u00fdchko\u013evek d\u00f4vodov. T\u00edto \u013eudia maj\u00fa v\u00fdhrady vo\u010di tomu, aby im bola transfundovan\u00e1 krv od zao\u010dkovan\u00fdch \u013eud\u00ed. \u010ci u\u017e ide o n\u00fadzov\u00fd stav, pl\u00e1novan\u00fa oper\u00e1ciu alebo preto, \u017ee z in\u00fdch zdravotn\u00fdch d\u00f4vodov potrebuj\u00fa pravideln\u00e9 transf\u00fazie.[\/vc_column_text][\/vc_column_inner][\/vc_row_inner][\/vc_column][\/vc_row][vc_row type=&#8220;in_container&#8220; full_screen_row_position=&#8220;middle&#8220; column_margin=&#8220;90px&#8220; equal_height=&#8220;yes&#8220; content_placement=&#8220;middle&#8220; column_direction=&#8220;default&#8220; column_direction_tablet=&#8220;default&#8220; column_direction_phone=&#8220;default&#8220; scene_position=&#8220;center&#8220; top_padding=&#8220;0%&#8220; bottom_padding=&#8220;9%&#8220; text_color=&#8220;dark&#8220; text_align=&#8220;left&#8220; row_border_radius=&#8220;none&#8220; row_border_radius_applies=&#8220;bg&#8220; overlay_strength=&#8220;0.3&#8243; gradient_direction=&#8220;left_to_right&#8220; shape_divider_position=&#8220;bottom&#8220; bg_image_animation=&#8220;none&#8220; shape_type=&#8220;&#8220;][vc_column column_padding=&#8220;padding-2-percent&#8220; column_padding_tablet=&#8220;inherit&#8220; column_padding_phone=&#8220;inherit&#8220; column_padding_position=&#8220;top-bottom&#8220; column_element_spacing=&#8220;default&#8220; background_color_opacity=&#8220;1&#8243; background_hover_color_opacity=&#8220;1&#8243; column_shadow=&#8220;none&#8220; column_border_radius=&#8220;none&#8220; column_link_target=&#8220;_self&#8220; gradient_direction=&#8220;left_to_right&#8220; overlay_strength=&#8220;0.3&#8243; width=&#8220;1\/2&#8243; tablet_width_inherit=&#8220;default&#8220; tablet_text_alignment=&#8220;default&#8220; phone_text_alignment=&#8220;default&#8220; bg_image_animation=&#8220;none&#8220; border_type=&#8220;simple&#8220; column_border_width=&#8220;none&#8220; column_border_style=&#8220;solid&#8220;][vc_column_text css_animation=&#8220;fadeIn&#8220; max_width=&#8220;500&#8243;]Tu prich\u00e1dza na rad SAFE BLOOD Donation ako sprostredkovate\u013e. Na\u0161\u00edm cie\u013eom je, aby na\u0161i \u010dlenovi v pr\u00edpade potreby mohli dosta\u0165 krv od neo\u010dkovan\u00fdch \u013eud\u00ed, bu\u010f ako \u010derstv\u00fa krv alebo konzervu. Na opl\u00e1tku sa stanovuj\u00fa ako darcovia krvi. \u010clenom sa u n\u00e1s m\u00f4\u017ee sta\u0165 ka\u017ed\u00fd, \u010di u\u017e o\u010dkovan\u00fd alebo neo\u010dkovan\u00fd \u2013 darova\u0165 v\u0161ak m\u00f4\u017eu iba neo\u010dkovan\u00ed.<\/p>\n<p>Pre\u010d\u00edtajte si <a href=\"https:\/\/safeblood.rs\/wp-content\/uploads\/2025\/11\/SAFEBLOOD-LEITBILD-Mission-Statement-deutsch-2025.pdf\" target=\"_blank\" rel=\"noopener\">tu<\/a> v na\u0161om <a href=\"https:\/\/safeblood.rs\/wp-content\/uploads\/2025\/11\/SAFEBLOOD-LEITBILD-Mission-Statement-deutsch-2025.pdf\" target=\"_blank\" rel=\"noopener\">poslan\u00ed<\/a>, o \u010do ide predov\u0161etk\u00fdm v SafeBlood.<\/p>\n<p>Budovanie potrebnej infra\u0161trukt\u00fary je ve\u013emi \u010dasovo n\u00e1ro\u010dn\u00e9 a pracujeme na tom pln\u00fdm nasaden\u00edm. U\u017e teraz p\u00f4sob\u00edme vo viac ako 50 krajin\u00e1ch na 5 kontinentoch, v Eur\u00f3pe, USA, Kanade, Ju\u017enej Amerike, \u00c1zii, Austr\u00e1lii a r\u00f4znych africk\u00fdch \u0161t\u00e1toch.<br \/>\n\u010clenov m\u00e1me moment\u00e1lne celosvetovo vo viac ako 100 \u0161t\u00e1toch, z toho 50 len v USA. Priamych kontaktov pre jednotliv\u00e9 krajiny n\u00e1jdete v sekcii <a href=\"https:\/\/safeblood.rs\/impressum-und-datenschutzerklaerung\/\" target=\"_blank\" rel=\"noopener\">o n\u00e1s.<\/a><\/p>\n<p>Akon\u00e1hle budeme ma\u0165 dostatok medic\u00ednskych partnerov (na aplik\u00e1ciu, odber a spracovanie krvi), za\u010dneme so sprostredkovan\u00edm naplno, a v krajin\u00e1ch, kde je to mo\u017en\u00e9, sprostredk\u00favame u\u017e denne (napr. USA). U\u017e teraz n\u00e1jdete na tejto webovej str\u00e1nke (anonymn\u00fa) datab\u00e1zu na\u0161ich darcov krvi a m\u00f4\u017eete tam h\u013eada\u0165 kompatibiln\u00e9ho <a href=\"https:\/\/safeblood.rs\/suche\/\" target=\"_blank\" rel=\"noopener\">darcu<\/a>. Rovnako existuje <a href=\"https:\/\/safeblood.net\/medicial-partner-suche\/\" target=\"_blank\" rel=\"noopener\">mo\u017enos\u0165 vyh\u013eadania medic\u00ednskeho partnera<\/a> so zoznamom v\u0161etk\u00fdch nami osloven\u00fdch klin\u00edk, nez\u00e1visle od toho, \u010di n\u00e1m odpovedali alebo nie.<\/p>\n<p>Pros\u00edm, vezmite na vedomie, \u017ee na\u0161im hlavn\u00fdm cie\u013eom nie je prev\u00e1dzkovanie vlastnej krvnej banky \u2013 to je z pr\u00e1vnych d\u00f4vodov moment\u00e1lne e\u0161te nemo\u017en\u00e9, ale aj napriek tomu na tom pracujeme a sme u\u017e ve\u013emi bl\u00edzko \u2013 ale sk\u00f4r sprostredkovanie medzi darcami a prij\u00edmate\u013emi krvi, ktor\u00fdch sp\u00e1jame v klinike, ktor\u00e1 umo\u017e\u0148uje v\u00fdber darcu krvi. <strong>Tak\u017ee zatia\u013e neexistuje \u017eiadna krvn\u00e1 banka s krvou bez mRNA<\/strong>, ani u n\u00e1s. A hoci sme oslovili stovky klin\u00edk, v\u00e4\u010d\u0161ina z nich \u2013 aspo\u0148 v Eur\u00f3pe \u2013 sa moment\u00e1lne e\u0161te zdr\u00e1ha umo\u017eni\u0165 \u013eudsk\u00e9 pr\u00e1vo na slobodn\u00fd v\u00fdber darcu krvi vo svojich priestoroch \u2013 alebo nechc\u00fa by\u0165 ani mencionovan\u00ed, preto\u017ee sa ob\u00e1vaj\u00fa represi\u00ed. S\u013eubujeme v\u00e1m v\u0161ak, \u017ee nepo\u013eav\u00edme, k\u00fdm nebudeme m\u00f4c\u0165 pon\u00faknu\u0165 plo\u0161n\u00fa sie\u0165 tak\u00fdchto klin\u00edk. <strong>Dobrou spr\u00e1vou je, \u017ee vo ve\u013ek\u00fdch \u010dastiach Afriky, Ju\u017enej Ameriky a vo v\u0161etk\u00fdch \u0161t\u00e1toch USA je st\u00e1le mo\u017en\u00e9 slobodne si vybra\u0165 svojho darcu krvi. <\/strong>V Eur\u00f3pe je Taliansko moment\u00e1lne jedinou krajinou, kde je aspo\u0148 v niektor\u00fdch nemocniciach mo\u017en\u00e9 pomocou nieko\u013ek\u00fdch trikov slobodne si vybra\u0165 darcu krvi. Je to s\u00edce komplikovan\u00e9 a zd\u013ahav\u00e9, ale nieko\u013ek\u00fdm na\u0161im \u010dlenom sa to podarilo.<\/p>\n<p>Pre \u010fal\u0161ie inform\u00e1cie si odoberajte n\u00e1\u0161 <a href=\"https:\/\/safeblood.rs\/newsletter\/\" target=\"_blank\" rel=\"noopener\">newsletter<\/a>, po\u0161lite n\u00e1m <a href=\"mailto:george@safeblood.ch\" target=\"_blank\" rel=\"noopener\">e-mail<\/a> a pravidelne nav\u0161tevujte t\u00fato str\u00e1nku. Predt\u00fdm, ne\u017e n\u00e1m polo\u017e\u00edte ot\u00e1zku, pros\u00edm, pozrite sa na <a href=\"https:\/\/safeblood.rs\/faqs\/\" target=\"_blank\" rel=\"noopener\">na\u0161u str\u00e1nku FAQ<\/a>, \u010di tam u\u017e nebola zodpovedan\u00e1.<\/p>\n<p><strong>Georg Della Pietra<\/strong><\/p>\n<h5>Zakladate\u013e <a href=\"https:\/\/safeblood.net\/\" target=\"_blank\" rel=\"noopener\">SafeBlood<\/a> a <a href=\"https:\/\/safereproduction.net\/\" target=\"_blank\" rel=\"noopener\">Safereproduction<\/a><br \/>\n<a href=\"https:\/\/safeblood.rs\/wp-content\/uploads\/2023\/06\/george-della-pietra-scaled.jpg\" target=\"_blank\" rel=\"noopener\"><img loading=\"lazy\" class=\"alignleft size-medium wp-image-70717\" src=\"https:\/\/safeblood.rs\/wp-content\/uploads\/2023\/06\/george-della-pietra-300x204.jpg\" alt=\"\" width=\"300\" height=\"204\" srcset=\"https:\/\/safeblood.rs\/wp-content\/uploads\/2023\/06\/george-della-pietra-300x204.jpg 300w, https:\/\/safeblood.rs\/wp-content\/uploads\/2023\/06\/george-della-pietra-1024x697.jpg 1024w, https:\/\/safeblood.rs\/wp-content\/uploads\/2023\/06\/george-della-pietra-768x523.jpg 768w, https:\/\/safeblood.rs\/wp-content\/uploads\/2023\/06\/george-della-pietra-1536x1046.jpg 1536w, https:\/\/safeblood.rs\/wp-content\/uploads\/2023\/06\/george-della-pietra-2048x1394.jpg 2048w\" sizes=\"(max-width: 300px) 100vw, 300px\" \/><\/a><\/h5>\n[\/vc_column_text][vc_column_text]<div class=\"nectar-cta alignment_tablet_default alignment_phone_default loaded\" data-color=\"accent-color\" data-using-bg=\"true\" data-style=\"arrow-animation\" data-display=\"block\" data-alignment=\"left\" data-text-color=\"custom\" style=\"margin-top: 30px; \"><h4 style=\"color: #ffffff;\"><span class=\"link_wrap\" style=\"padding-top: 20px; padding-right: 40px; padding-bottom: 20px; padding-left: 40px;\"><a  class=\"link_text\" href=\"\/kontakt\"><span class=\"text\">Schreiben Sie uns eine E-Mail<\/span><svg class=\"next-arrow\" aria-hidden=\"true\" width=\"20px\" height=\"25px\" viewBox=\"0 0 50 80\" xml:space=\"preserve\">\n  <polyline stroke=\"#ffffff\" stroke-width=\"9\" fill=\"none\" stroke-linecap=\"round\" stroke-linejoin=\"round\" points=\"0, 0 45, 40 0, 80\"><\/polyline>\n  <\/svg>  <span class=\"line\" style=\"background-color: #ffffff;\"><\/span> <\/a><\/span><\/h4><\/div>[\/vc_column_text][nectar_cta btn_style=&#8220;arrow-animation&#8220; heading_tag=&#8220;h4&#8243; text_color=&#8220;#ffffff&#8220; button_color=&#8220;accent-color&#8220; link_type=&#8220;new_tab&#8220; alignment=&#8220;left&#8220; alignment_tablet=&#8220;default&#8220; alignment_phone=&#8220;default&#8220; display=&#8220;block&#8220; link_text=&#8220;Sledujte n\u00e1s na Telegrame&#8220; url=&#8220;https:\/\/t.me\/SafeBlood&#8220; margin_top=&#8220;60&#8243; padding_top=&#8220;15&#8243; padding_right=&#8220;40&#8243; padding_bottom=&#8220;20&#8243; padding_left=&#8220;40&#8243;][vc_column_text css=&#8220;.vc_custom_1696699556152{padding-top: 20px !important;}&#8220;]\n<h3 style=\"text-align: left;\">Situ\u00e1cia v mojej krajine: <div class=\"select-my-x-flag\" style=\"display:inline-block;font-size:45px\"><\/div><\/h3>\n[\/vc_column_text][\/vc_column][vc_column column_padding=&#8220;no-extra-padding&#8220; column_padding_tablet=&#8220;inherit&#8220; column_padding_phone=&#8220;inherit&#8220; column_padding_position=&#8220;all&#8220; column_element_spacing=&#8220;default&#8220; background_color_opacity=&#8220;1&#8243; background_hover_color_opacity=&#8220;1&#8243; column_shadow=&#8220;none&#8220; column_border_radius=&#8220;none&#8220; column_link_target=&#8220;_self&#8220; gradient_direction=&#8220;left_to_right&#8220; overlay_strength=&#8220;0.3&#8243; width=&#8220;1\/2&#8243; tablet_width_inherit=&#8220;default&#8220; tablet_text_alignment=&#8220;default&#8220; phone_text_alignment=&#8220;default&#8220; bg_image_animation=&#8220;zoom-out-reveal&#8220; border_type=&#8220;simple&#8220; column_border_width=&#8220;none&#8220; column_border_style=&#8220;solid&#8220;][image_with_animation image_url=&#8220;74990&#8243; animation=&#8220;Fade In&#8220; hover_animation=&#8220;none&#8220; alignment=&#8220;&#8220; border_radius=&#8220;none&#8220; box_shadow=&#8220;none&#8220; image_loading=&#8220;lazy-load&#8220; max_width=&#8220;100%&#8220; max_width_mobile=&#8220;default&#8220;][image_with_animation image_url=&#8220;75171&#8243; animation=&#8220;Fade In&#8220; hover_animation=&#8220;none&#8220; alignment=&#8220;&#8220; border_radius=&#8220;none&#8220; box_shadow=&#8220;none&#8220; image_loading=&#8220;lazy-load&#8220; max_width=&#8220;100%&#8220; max_width_mobile=&#8220;default&#8220;][image_with_animation image_url=&#8220;75091&#8243; animation=&#8220;Fade In&#8220; hover_animation=&#8220;none&#8220; alignment=&#8220;&#8220; border_radius=&#8220;none&#8220; box_shadow=&#8220;none&#8220; image_loading=&#8220;lazy-load&#8220; max_width=&#8220;100%&#8220; max_width_mobile=&#8220;default&#8220;][\/vc_column][\/vc_row][vc_row type=&#8220;in_container&#8220; full_screen_row_position=&#8220;middle&#8220; column_margin=&#8220;default&#8220; column_direction=&#8220;default&#8220; column_direction_tablet=&#8220;default&#8220; column_direction_phone=&#8220;default&#8220; scene_position=&#8220;center&#8220; text_color=&#8220;dark&#8220; text_align=&#8220;left&#8220; row_border_radius=&#8220;none&#8220; row_border_radius_applies=&#8220;bg&#8220; overlay_strength=&#8220;0.3&#8243; gradient_direction=&#8220;left_to_right&#8220; shape_divider_position=&#8220;bottom&#8220; bg_image_animation=&#8220;none&#8220;][vc_column column_padding=&#8220;no-extra-padding&#8220; column_padding_tablet=&#8220;inherit&#8220; column_padding_phone=&#8220;inherit&#8220; column_padding_position=&#8220;all&#8220; column_element_spacing=&#8220;default&#8220; background_color_opacity=&#8220;1&#8243; background_hover_color_opacity=&#8220;1&#8243; column_shadow=&#8220;none&#8220; column_border_radius=&#8220;none&#8220; column_link_target=&#8220;_self&#8220; gradient_direction=&#8220;left_to_right&#8220; overlay_strength=&#8220;0.3&#8243; width=&#8220;1\/1&#8243; tablet_width_inherit=&#8220;default&#8220; tablet_text_alignment=&#8220;default&#8220; phone_text_alignment=&#8220;default&#8220; bg_image_animation=&#8220;none&#8220; border_type=&#8220;simple&#8220; column_border_width=&#8220;none&#8220; column_border_style=&#8220;solid&#8220;][vc_column_text][\/vc_column_text][\/vc_column][\/vc_row]\n","protected":false},"excerpt":{"rendered":"<p>[vc_row type=&#8220;full_width_background&#8220; full_screen_row_position=&#8220;middle&#8220; column_margin=&#8220;default&#8220; equal_height=&#8220;yes&#8220; content_placement=&#8220;bottom&#8220; column_direction=&#8220;default&#8220; column_direction_tablet=&#8220;default&#8220; column_direction_phone=&#8220;default&#8220; bg_color=&#8220;#d1d1ca&#8220; bg_image=&#8220;72795&#8243; bg_position=&#8220;center center&#8220; background_image_loading=&#8220;default&#8220; bg_repeat=&#8220;no-repeat&#8220; scene_position=&#8220;center&#8220; top_padding=&#8220;15%&#8220; bottom_padding=&#8220;13%&#8220; text_color=&#8220;light&#8220; text_align=&#8220;left&#8220; row_border_radius=&#8220;none&#8220; row_border_radius_applies=&#8220;bg&#8220; color_overlay=&#8220;#0a0a0a&#8220; overlay_strength=&#8220;0.5&#8243; gradient_direction=&#8220;left_to_right&#8220; shape_divider_position=&#8220;bottom&#8220; shape_divider_height=&#8220;350&#8243; bg_image_animation=&#8220;fade-in&#8220; parallax_bg=&#8220;true&#8220; parallax_bg_speed=&#8220;fast&#8220;&#8230;<\/p>\n","protected":false},"author":2,"featured_media":0,"parent":0,"menu_order":0,"comment_status":"closed","ping_status":"closed","template":"","meta":[],"_links":{"self":[{"href":"https:\/\/safeblood.rs\/sk\/wp-json\/wp\/v2\/pages\/82122"}],"collection":[{"href":"https:\/\/safeblood.rs\/sk\/wp-json\/wp\/v2\/pages"}],"about":[{"href":"https:\/\/safeblood.rs\/sk\/wp-json\/wp\/v2\/types\/page"}],"author":[{"embeddable":true,"href":"https:\/\/safeblood.rs\/sk\/wp-json\/wp\/v2\/users\/2"}],"replies":[{"embeddable":true,"href":"https:\/\/safeblood.rs\/sk\/wp-json\/wp\/v2\/comments?post=82122"}],"version-history":[{"count":1,"href":"https:\/\/safeblood.rs\/sk\/wp-json\/wp\/v2\/pages\/82122\/revisions"}],"predecessor-version":[{"id":82150,"href":"https:\/\/safeblood.rs\/sk\/wp-json\/wp\/v2\/pages\/82122\/revisions\/82150"}],"wp:attachment":[{"href":"https:\/\/safeblood.rs\/sk\/wp-json\/wp\/v2\/media?parent=82122"}],"curies":[{"name":"wp","href":"https:\/\/api.w.org\/{rel}","templated":true}]}}