{"id":72107,"date":"2023-08-27T17:09:44","date_gmt":"2023-08-27T15:09:44","guid":{"rendered":"https:\/\/safeblood.rs\/?page_id=72107"},"modified":"2025-09-20T18:04:59","modified_gmt":"2025-09-20T16:04:59","slug":"protocolos-das-reunioes-anuais","status":"publish","type":"page","link":"https:\/\/safeblood.rs\/pt-pt\/protocolos-das-reunioes-anuais\/","title":{"rendered":"Protocolos das reuni\u00f5es anuais"},"content":{"rendered":"[vc_row type=&#8221;in_container&#8221; full_screen_row_position=&#8221;middle&#8221; column_margin=&#8221;default&#8221; column_direction=&#8221;default&#8221; column_direction_tablet=&#8221;default&#8221; column_direction_phone=&#8221;default&#8221; scene_position=&#8221;center&#8221; text_color=&#8221;dark&#8221; text_align=&#8221;left&#8221; row_border_radius=&#8221;none&#8221; row_border_radius_applies=&#8221;bg&#8221; overlay_strength=&#8221;0.3&#8243; gradient_direction=&#8221;left_to_right&#8221; shape_divider_position=&#8221;bottom&#8221; bg_image_animation=&#8221;none&#8221;][vc_column column_padding=&#8221;no-extra-padding&#8221; column_padding_tablet=&#8221;inherit&#8221; column_padding_phone=&#8221;inherit&#8221; column_padding_position=&#8221;all&#8221; column_element_spacing=&#8221;default&#8221; background_color_opacity=&#8221;1&#8243; background_hover_color_opacity=&#8221;1&#8243; column_shadow=&#8221;none&#8221; column_border_radius=&#8221;none&#8221; column_link_target=&#8221;_self&#8221; gradient_direction=&#8221;left_to_right&#8221; overlay_strength=&#8221;0.3&#8243; width=&#8221;1\/1&#8243; tablet_width_inherit=&#8221;default&#8221; tablet_text_alignment=&#8221;default&#8221; phone_text_alignment=&#8221;default&#8221; bg_image_animation=&#8221;none&#8221; border_type=&#8221;simple&#8221; column_border_width=&#8221;none&#8221; column_border_style=&#8221;solid&#8221;][vc_column_text]<strong>Muito obrigado pela sua participa\u00e7\u00e3o na nossa Assembleia Geral Anual de 20.6.2025, relativa ao exerc\u00edcio de 2024!<\/strong><\/p>\n<p>Pela primeira vez, pudemos receber participantes de todo o mundo e, no pr\u00f3ximo ano, realizaremos novamente esta assembleia online. Todos os assuntos e elei\u00e7\u00f5es foram aprovados pelos participantes, sem um \u00fanico voto contra. A vota\u00e7\u00e3o eletr\u00f3nica funcionou muito bem.<\/p>\n<p>Abaixo encontra a grava\u00e7\u00e3o em v\u00eddeo da reuni\u00e3o, que tamb\u00e9m serve como ata da reuni\u00e3o (em ingl\u00eas).<\/p>\n<div style=\"width: 1080px;\" class=\"wp-video\"><!--[if lt IE 9]><script>document.createElement('video');<\/script><![endif]-->\n<video class=\"wp-video-shortcode\" id=\"video-72107-1\" width=\"1080\" height=\"608\" preload=\"metadata\" controls=\"controls\"><source type=\"video\/mp4\" src=\"https:\/\/safeblood.rs\/wp-content\/uploads\/2025\/08\/GeneralAssembly-20250620.mp4?_=1\" \/><a href=\"https:\/\/safeblood.rs\/wp-content\/uploads\/2025\/08\/GeneralAssembly-20250620.mp4\">https:\/\/safeblood.rs\/wp-content\/uploads\/2025\/08\/GeneralAssembly-20250620.mp4<\/a><\/video><\/div>[\/vc_column_text][divider line_type=&#8221;Full Width Line&#8221; line_thickness=&#8221;1&#8243; divider_color=&#8221;accent-color&#8221;][\/vc_column][\/vc_row][vc_row type=&#8221;in_container&#8221; full_screen_row_position=&#8221;middle&#8221; column_margin=&#8221;default&#8221; column_direction=&#8221;default&#8221; column_direction_tablet=&#8221;default&#8221; column_direction_phone=&#8221;default&#8221; scene_position=&#8221;center&#8221; text_color=&#8221;dark&#8221; text_align=&#8221;left&#8221; row_border_radius=&#8221;none&#8221; row_border_radius_applies=&#8221;bg&#8221; overlay_strength=&#8221;0.3&#8243; gradient_direction=&#8221;left_to_right&#8221; shape_divider_position=&#8221;bottom&#8221; bg_image_animation=&#8221;none&#8221;][vc_column column_padding=&#8221;no-extra-padding&#8221; column_padding_tablet=&#8221;inherit&#8221; column_padding_phone=&#8221;inherit&#8221; column_padding_position=&#8221;all&#8221; column_element_spacing=&#8221;default&#8221; background_color_opacity=&#8221;1&#8243; background_hover_color_opacity=&#8221;1&#8243; column_shadow=&#8221;none&#8221; column_border_radius=&#8221;none&#8221; column_link_target=&#8221;_self&#8221; gradient_direction=&#8221;left_to_right&#8221; overlay_strength=&#8221;0.3&#8243; width=&#8221;1\/1&#8243; tablet_width_inherit=&#8221;default&#8221; tablet_text_alignment=&#8221;default&#8221; phone_text_alignment=&#8221;default&#8221; bg_image_animation=&#8221;none&#8221; border_type=&#8221;simple&#8221; column_border_width=&#8221;none&#8221; column_border_style=&#8221;solid&#8221;][vc_column_text]<strong> A grava\u00e7\u00e3o em v\u00eddeo da nossa Assembleia Geral Anual de 8.6.2024, relativa ao exerc\u00edcio de 2023.<\/strong><\/p>\n<p>Serve tamb\u00e9m de ata da reuni\u00e3o.<\/p>\n<p><em>Esta \u00e9 a vers\u00e3o em ingl\u00eas:<\/em><\/p>\n<p><iframe loading=\"lazy\" class=\"rumble\" src=\"https:\/\/rumble.com\/embed\/v4ykrfx\/?pub=vvn0n\" width=\"640\" height=\"360\" frameborder=\"0\" allowfullscreen=\"allowfullscreen\" data-mce-fragment=\"1\"><\/iframe><\/p>\n<p>Pode descarregar os estatutos actuais <a href=\"https:\/\/safeblood.net\/en\/imprint-and-privacy-policy\/\" target=\"_blank\" rel=\"noopener\">aqui<\/a> (em ingl\u00eas).<\/p>\n<p>Este ano, realiz\u00e1mos o encontro em duas l\u00ednguas, alem\u00e3o e ingl\u00eas, e edit\u00e1mos posteriormente o v\u00eddeo em duas vers\u00f5es. Digo mais ou menos a mesma coisa em ambas as vers\u00f5es, mas por vezes com informa\u00e7\u00f5es adicionais relacionadas com a respectiva regi\u00e3o lingu\u00edstica.<\/p>\n<p>Coment\u00e1rio: Na introdu\u00e7\u00e3o, falo de uma vota\u00e7\u00e3o que teve lugar na Su\u00ed\u00e7a no dia seguinte ao nosso encontro; uma vota\u00e7\u00e3o hist\u00f3rica que visava incluir a &#8220;integridade f\u00edsica&#8221; na Constitui\u00e7\u00e3o Federal. E, tal como eu receava, o resultado da vota\u00e7\u00e3o foi que cerca de 75% dos eleitores rejeitaram esta iniciativa. Teriam tido a oportunidade de consagrar este direito na Constitui\u00e7\u00e3o atrav\u00e9s das urnas, mas preferiram delegar no governo a responsabilidade pela sua sa\u00fade e liberdade. 75% dos su\u00ed\u00e7os pensam que o governo sabe melhor do que eles o que \u00e9 bom para o seu corpo e para o corpo dos seus filhos. 75% renunciam voluntariamente \u00e0 sua liberdade e aos seus direitos fundamentais. Isto faz-nos realmente pensar para que serve uma democracia&#8230;[\/vc_column_text][divider line_type=&#8221;Full Width Line&#8221; line_thickness=&#8221;1&#8243; divider_color=&#8221;accent-color&#8221;][\/vc_column][\/vc_row][vc_row type=&#8221;in_container&#8221; full_screen_row_position=&#8221;middle&#8221; column_margin=&#8221;default&#8221; column_direction=&#8221;default&#8221; column_direction_tablet=&#8221;default&#8221; column_direction_phone=&#8221;default&#8221; scene_position=&#8221;center&#8221; text_color=&#8221;dark&#8221; text_align=&#8221;left&#8221; row_border_radius=&#8221;none&#8221; row_border_radius_applies=&#8221;bg&#8221; overlay_strength=&#8221;0.3&#8243; gradient_direction=&#8221;left_to_right&#8221; shape_divider_position=&#8221;bottom&#8221; bg_image_animation=&#8221;none&#8221;][vc_column column_padding=&#8221;no-extra-padding&#8221; column_padding_tablet=&#8221;inherit&#8221; column_padding_phone=&#8221;inherit&#8221; column_padding_position=&#8221;all&#8221; column_element_spacing=&#8221;default&#8221; background_color_opacity=&#8221;1&#8243; background_hover_color_opacity=&#8221;1&#8243; column_shadow=&#8221;none&#8221; column_border_radius=&#8221;none&#8221; column_link_target=&#8221;_self&#8221; gradient_direction=&#8221;left_to_right&#8221; overlay_strength=&#8221;0.3&#8243; width=&#8221;1\/1&#8243; tablet_width_inherit=&#8221;default&#8221; tablet_text_alignment=&#8221;default&#8221; phone_text_alignment=&#8221;default&#8221; bg_image_animation=&#8221;none&#8221; border_type=&#8221;simple&#8221; column_border_width=&#8221;none&#8221; column_border_style=&#8221;solid&#8221;][vc_column_text]<strong>A vers\u00e3o em v\u00eddeo da grava\u00e7\u00e3o da nossa Assembleia Geral Anual de 15.6.2023<\/strong>.<\/p>\n<p>Serve tamb\u00e9m de ata da reuni\u00e3o.<\/p>\n<p><em>Esta \u00e9 a vers\u00e3o com legendas em ingl\u00eas.<\/em><\/p>\n<p><iframe loading=\"lazy\" class=\"rumble\" src=\"https:\/\/rumble.com\/embed\/v2yqrq0\/?pub=vvn0n\" width=\"640\" height=\"360\" frameborder=\"0\" allowfullscreen=\"allowfullscreen\" data-mce-fragment=\"1\"><\/iframe><\/p>\n<p>Pode descarregar os estatutos actuais <a href=\"https:\/\/safeblood.net\/en\/imprint-and-privacy-policy\/\" target=\"_blank\" rel=\"noopener\">aqui<\/a> (em ingl\u00eas).[\/vc_column_text][\/vc_column][\/vc_row]\n","protected":false},"excerpt":{"rendered":"<p>[vc_row type=&#8221;in_container&#8221; full_screen_row_position=&#8221;middle&#8221; column_margin=&#8221;default&#8221; column_direction=&#8221;default&#8221; column_direction_tablet=&#8221;default&#8221; column_direction_phone=&#8221;default&#8221; scene_position=&#8221;center&#8221; text_color=&#8221;dark&#8221; text_align=&#8221;left&#8221; row_border_radius=&#8221;none&#8221; row_border_radius_applies=&#8221;bg&#8221; overlay_strength=&#8221;0.3&#8243; gradient_direction=&#8221;left_to_right&#8221; shape_divider_position=&#8221;bottom&#8221; bg_image_animation=&#8221;none&#8221;][vc_column column_padding=&#8221;no-extra-padding&#8221; column_padding_tablet=&#8221;inherit&#8221; column_padding_phone=&#8221;inherit&#8221; column_padding_position=&#8221;all&#8221; column_element_spacing=&#8221;default&#8221; background_color_opacity=&#8221;1&#8243; background_hover_color_opacity=&#8221;1&#8243; column_shadow=&#8221;none&#8221; column_border_radius=&#8221;none&#8221; column_link_target=&#8221;_self&#8221; gradient_direction=&#8221;left_to_right&#8221; overlay_strength=&#8221;0.3&#8243; width=&#8221;1\/1&#8243; tablet_width_inherit=&#8221;default&#8221;&#8230;<\/p>\n","protected":false},"author":2,"featured_media":0,"parent":0,"menu_order":0,"comment_status":"closed","ping_status":"closed","template":"","meta":[],"_links":{"self":[{"href":"https:\/\/safeblood.rs\/pt-pt\/wp-json\/wp\/v2\/pages\/72107"}],"collection":[{"href":"https:\/\/safeblood.rs\/pt-pt\/wp-json\/wp\/v2\/pages"}],"about":[{"href":"https:\/\/safeblood.rs\/pt-pt\/wp-json\/wp\/v2\/types\/page"}],"author":[{"embeddable":true,"href":"https:\/\/safeblood.rs\/pt-pt\/wp-json\/wp\/v2\/users\/2"}],"replies":[{"embeddable":true,"href":"https:\/\/safeblood.rs\/pt-pt\/wp-json\/wp\/v2\/comments?post=72107"}],"version-history":[{"count":9,"href":"https:\/\/safeblood.rs\/pt-pt\/wp-json\/wp\/v2\/pages\/72107\/revisions"}],"predecessor-version":[{"id":80516,"href":"https:\/\/safeblood.rs\/pt-pt\/wp-json\/wp\/v2\/pages\/72107\/revisions\/80516"}],"wp:attachment":[{"href":"https:\/\/safeblood.rs\/pt-pt\/wp-json\/wp\/v2\/media?parent=72107"}],"curies":[{"name":"wp","href":"https:\/\/api.w.org\/{rel}","templated":true}]}}