{"id":71951,"date":"2023-08-23T14:21:49","date_gmt":"2023-08-23T12:21:49","guid":{"rendered":"https:\/\/safeblood.rs\/?page_id=71951"},"modified":"2026-02-01T18:40:03","modified_gmt":"2026-02-01T17:40:03","slug":"renovar-a-taxa-de-adesao","status":"publish","type":"page","link":"https:\/\/safeblood.rs\/pt-pt\/renovar-a-taxa-de-adesao\/","title":{"rendered":"Renovar a taxa de ades\u00e3o"},"content":{"rendered":"[vc_row type=&#8221;in_container&#8221; full_screen_row_position=&#8221;middle&#8221; column_margin=&#8221;default&#8221; column_direction=&#8221;default&#8221; column_direction_tablet=&#8221;default&#8221; column_direction_phone=&#8221;default&#8221; scene_position=&#8221;center&#8221; text_color=&#8221;dark&#8221; text_align=&#8221;left&#8221; row_border_radius=&#8221;none&#8221; row_border_radius_applies=&#8221;bg&#8221; overlay_strength=&#8221;0.3&#8243; gradient_direction=&#8221;left_to_right&#8221; shape_divider_position=&#8221;bottom&#8221; bg_image_animation=&#8221;none&#8221;][vc_column column_padding=&#8221;no-extra-padding&#8221; column_padding_tablet=&#8221;inherit&#8221; column_padding_phone=&#8221;inherit&#8221; column_padding_position=&#8221;all&#8221; column_element_spacing=&#8221;default&#8221; background_color_opacity=&#8221;1&#8243; background_hover_color_opacity=&#8221;1&#8243; column_shadow=&#8221;none&#8221; column_border_radius=&#8221;none&#8221; column_link_target=&#8221;_self&#8221; gradient_direction=&#8221;left_to_right&#8221; overlay_strength=&#8221;0.3&#8243; width=&#8221;1\/1&#8243; tablet_width_inherit=&#8221;default&#8221; tablet_text_alignment=&#8221;default&#8221; phone_text_alignment=&#8221;default&#8221; bg_image_animation=&#8221;none&#8221; border_type=&#8221;simple&#8221; column_border_width=&#8221;none&#8221; column_border_style=&#8221;solid&#8221;][vc_text_separator title=&#8221;Renove a sua quota de membro aqui&#8221;][\/vc_column][\/vc_row][vc_row type=&#8221;in_container&#8221; full_screen_row_position=&#8221;middle&#8221; column_margin=&#8221;default&#8221; column_direction=&#8221;default&#8221; column_direction_tablet=&#8221;default&#8221; column_direction_phone=&#8221;default&#8221; scene_position=&#8221;center&#8221; text_color=&#8221;dark&#8221; text_align=&#8221;left&#8221; row_border_radius=&#8221;none&#8221; row_border_radius_applies=&#8221;bg&#8221; overlay_strength=&#8221;0.3&#8243; gradient_direction=&#8221;left_to_right&#8221; shape_divider_position=&#8221;bottom&#8221; bg_image_animation=&#8221;none&#8221;][vc_column column_padding=&#8221;no-extra-padding&#8221; column_padding_tablet=&#8221;inherit&#8221; column_padding_phone=&#8221;inherit&#8221; column_padding_position=&#8221;all&#8221; column_element_spacing=&#8221;default&#8221; background_color_opacity=&#8221;1&#8243; background_hover_color_opacity=&#8221;1&#8243; column_shadow=&#8221;none&#8221; column_border_radius=&#8221;none&#8221; column_link_target=&#8221;_self&#8221; gradient_direction=&#8221;left_to_right&#8221; overlay_strength=&#8221;0.3&#8243; width=&#8221;1\/1&#8243; tablet_width_inherit=&#8221;default&#8221; tablet_text_alignment=&#8221;default&#8221; phone_text_alignment=&#8221;default&#8221; bg_image_animation=&#8221;none&#8221; border_type=&#8221;simple&#8221; column_border_width=&#8221;none&#8221; column_border_style=&#8221;solid&#8221;][vc_column_text]Sendo uma associa\u00e7\u00e3o sem fins lucrativos, dependemos das quotiza\u00e7\u00f5es dos nossos membros para cobrir as nossas despesas de funcionamento em termos de infra-estruturas e m\u00e3o de obra. Estas contribui\u00e7\u00f5es s\u00e3o vitais, pois permitem-nos continuar a nossa miss\u00e3o e manter o nosso servi\u00e7o. Atrav\u00e9s do seu apoio, ajuda-nos ativamente a atingir os nossos objectivos e a ter um impacto positivo na nossa comunidade. Estamos gratos pelo seu empenho e apoio financeiro, que nos permite continuar o nosso trabalho de benefic\u00eancia e fazer a diferen\u00e7a.[\/vc_column_text][\/vc_column][\/vc_row][vc_row type=&#8221;in_container&#8221; full_screen_row_position=&#8221;middle&#8221; column_margin=&#8221;default&#8221; column_direction=&#8221;default&#8221; column_direction_tablet=&#8221;default&#8221; column_direction_phone=&#8221;default&#8221; scene_position=&#8221;center&#8221; text_color=&#8221;dark&#8221; text_align=&#8221;left&#8221; row_border_radius=&#8221;none&#8221; row_border_radius_applies=&#8221;bg&#8221; overlay_strength=&#8221;0.3&#8243; gradient_direction=&#8221;left_to_right&#8221; shape_divider_position=&#8221;bottom&#8221; bg_image_animation=&#8221;none&#8221;][vc_column column_padding=&#8221;no-extra-padding&#8221; column_padding_tablet=&#8221;inherit&#8221; column_padding_phone=&#8221;inherit&#8221; column_padding_position=&#8221;all&#8221; column_element_spacing=&#8221;default&#8221; background_color_opacity=&#8221;1&#8243; background_hover_color_opacity=&#8221;1&#8243; column_shadow=&#8221;none&#8221; column_border_radius=&#8221;none&#8221; column_link_target=&#8221;_self&#8221; gradient_direction=&#8221;left_to_right&#8221; overlay_strength=&#8221;0.3&#8243; width=&#8221;1\/2&#8243; tablet_width_inherit=&#8221;default&#8221; tablet_text_alignment=&#8221;default&#8221; phone_text_alignment=&#8221;default&#8221; bg_image_animation=&#8221;none&#8221; border_type=&#8221;simple&#8221; column_border_width=&#8221;none&#8221; column_border_style=&#8221;solid&#8221;][vc_column_text]Conforme mencionado abaixo, a quota associativa \u00e9 de 50 euros\/francos su\u00ed\u00e7os por membro adulto por ano, referindo-se ao ano civil, ou seja, de 1 de janeiro a 31 de dezembro do ano em curso.<br \/>\nSe se tornar membro em dezembro, a sua contribui\u00e7\u00e3o tamb\u00e9m ser\u00e1 contabilizada para todo o ano seguinte.[\/vc_column_text][\/vc_column][vc_column column_padding=&#8221;no-extra-padding&#8221; column_padding_tablet=&#8221;inherit&#8221; column_padding_phone=&#8221;inherit&#8221; column_padding_position=&#8221;all&#8221; column_element_spacing=&#8221;default&#8221; background_color_opacity=&#8221;1&#8243; background_hover_color_opacity=&#8221;1&#8243; column_shadow=&#8221;none&#8221; column_border_radius=&#8221;none&#8221; column_link_target=&#8221;_self&#8221; gradient_direction=&#8221;left_to_right&#8221; overlay_strength=&#8221;0.3&#8243; width=&#8221;1\/2&#8243; tablet_width_inherit=&#8221;default&#8221; tablet_text_alignment=&#8221;default&#8221; phone_text_alignment=&#8221;default&#8221; bg_image_animation=&#8221;none&#8221; border_type=&#8221;simple&#8221; column_border_width=&#8221;none&#8221; column_border_style=&#8221;solid&#8221;][vc_column_text]<div class=\"payment-history\">Os pagamentos j\u00e1 feitos com sua conta:<table><tr><td><b>Total: (CHF\/\u20ac\/US$) <\/b><\/td><td>0<\/td><tr><td colspan=2><hr><\/td><tr><tr><th>Taxa de associa\u00e7\u00e3o<\/th><th><\/th><\/tr><tr><td>2024<\/td><td><\/td><tr><tr><td>2025<\/td><td><\/td><tr><tr><td>2026<\/td><td><\/td><tr><\/table>Os pagamentos com cart\u00e3o de cr\u00e9dito s\u00e3o apresentados no prazo de 2 dias; as transfer\u00eancias banc\u00e1rias, o PayPal, etc. s\u00f3 s\u00e3o apresentados ap\u00f3s verifica\u00e7\u00e3o manual, o que pode demorar 1 a 2 semanas.<\/div>[\/vc_column_text][\/vc_column][\/vc_row][vc_row type=&#8221;in_container&#8221; full_screen_row_position=&#8221;middle&#8221; column_margin=&#8221;default&#8221; column_direction=&#8221;default&#8221; column_direction_tablet=&#8221;default&#8221; column_direction_phone=&#8221;default&#8221; scene_position=&#8221;center&#8221; text_color=&#8221;dark&#8221; text_align=&#8221;left&#8221; row_border_radius=&#8221;none&#8221; row_border_radius_applies=&#8221;bg&#8221; overlay_strength=&#8221;0.3&#8243; gradient_direction=&#8221;left_to_right&#8221; shape_divider_position=&#8221;bottom&#8221; bg_image_animation=&#8221;none&#8221;][vc_column column_padding=&#8221;no-extra-padding&#8221; column_padding_tablet=&#8221;inherit&#8221; column_padding_phone=&#8221;inherit&#8221; column_padding_position=&#8221;all&#8221; column_element_spacing=&#8221;default&#8221; background_color_opacity=&#8221;1&#8243; background_hover_color_opacity=&#8221;1&#8243; column_shadow=&#8221;none&#8221; column_border_radius=&#8221;none&#8221; column_link_target=&#8221;_self&#8221; gradient_direction=&#8221;left_to_right&#8221; overlay_strength=&#8221;0.3&#8243; width=&#8221;1\/6&#8243; tablet_width_inherit=&#8221;default&#8221; tablet_text_alignment=&#8221;default&#8221; phone_text_alignment=&#8221;default&#8221; bg_image_animation=&#8221;none&#8221; border_type=&#8221;simple&#8221; column_border_width=&#8221;none&#8221; column_border_style=&#8221;solid&#8221;][\/vc_column][vc_column column_padding=&#8221;no-extra-padding&#8221; column_padding_tablet=&#8221;inherit&#8221; column_padding_phone=&#8221;inherit&#8221; column_padding_position=&#8221;all&#8221; column_element_spacing=&#8221;default&#8221; background_color_opacity=&#8221;1&#8243; background_hover_color_opacity=&#8221;1&#8243; column_shadow=&#8221;none&#8221; column_border_radius=&#8221;none&#8221; column_link_target=&#8221;_self&#8221; gradient_direction=&#8221;left_to_right&#8221; overlay_strength=&#8221;0.3&#8243; width=&#8221;2\/3&#8243; tablet_width_inherit=&#8221;default&#8221; tablet_text_alignment=&#8221;default&#8221; phone_text_alignment=&#8221;default&#8221; bg_image_animation=&#8221;none&#8221; border_type=&#8221;simple&#8221; column_border_width=&#8221;none&#8221; column_border_style=&#8221;solid&#8221;][vc_column_text]\t<div class=\"asp_product_item\">\n\t\t<div class=\"asp_product_item_top\">\n\t\t<div class=\"asp_product_item_thumbnail\">\n\t\t\t\n\t\t<\/div>\n\t\t<div class=\"asp_product_name\">\n\t\t\tTaxa de associa\u00e7\u00e3o ao Safeblood\n\t\t<\/div>\n\t\t<\/div>\n\t\t<div style=\"clear:both;\"><\/div>\n\t\t<div class=\"asp_product_description\">\n\t\t<p>O pre\u00e7o da ades\u00e3o \u00e0 SafeBlood \u00e9 de 50 euros\/francos su\u00ed\u00e7os por ano por membro adulto, cobrado por ano civil (Africa 20 USD). Crian\u00e7as e jovens at\u00e9 aos 18 anos ou ainda em forma\u00e7\u00e3o n\u00e3o pagam.<\/p>\n<p>Este valor est\u00e1 em vigor desde 2025. Se se tornou membro antes de 2025, os 50 euros\/francos su\u00ed\u00e7os eram apenas uma recomenda\u00e7\u00e3o. Voc\u00ea mesmo podia determinar o valor que desejava transferir anualmente como contribui\u00e7\u00e3o de membro. Muitos membros achavam isso complicado e queriam um valor anual fixo. Isso vale desde 2025. Se voc\u00ea se tornou membro antes dessa data, ainda se aplicam as condi\u00e7\u00f5es vigentes no momento da sua ades\u00e3o \u00e0 SafeBlood, o que, no seu caso, significa que voc\u00ea ainda pode determinar o valor da sua contribui\u00e7\u00e3o. Se puder pagar a contribui\u00e7\u00e3o acima mencionada, ficaremos naturalmente muito satisfeitos.<\/p>\n<p>Se quiser tornar-se membro, mas n\u00e3o tiver condi\u00e7\u00f5es financeiras para tal, envie-nos <a href=\"mailto:info@safeblood.net\" target=\"_blank\" rel=\"noopener\">um e-mail<\/a> e solicite uma ades\u00e3o gratuita ou uma contribui\u00e7\u00e3o reduzida. Estamos cientes de que h\u00e1 casos em que isso \u00e9 necess\u00e1rio.<\/p>\n<p>Voc\u00ea pode transferir dinheiro para nossa conta no Post Finance, pagar com Paypal, Bitcoin ou Unvaxcoin, bem como pagar com cart\u00e3o de cr\u00e9dito usando o bot\u00e3o abaixo.<br \/>\n<strong>Obviamente, agradecemos se voc\u00ea fizer a transfer\u00eancia diretamente para a conta do Post Finance, pois assim teremos as menores despesas; a maior parte de sua contribui\u00e7\u00e3o, portanto, cumpre sua finalidade real.<\/strong><\/p>\n<hr \/>\n<p><span style=\"color: #ff0000;\"><strong>CART\u00c3O DE CR\u00c9DITO:<br \/>\n<\/strong><\/span>Para transfer\u00eancias com cart\u00e3o de cr\u00e9dito, role a tela at\u00e9 o fim e pressione o bot\u00e3o vermelho <span style=\"color: #ff0000;\">Doar com cart\u00e3o de cr\u00e9dito<\/span>.<\/p>\n<hr \/>\n<p><strong><span style=\"color: #ff0000;\">TRANSFER\u00caNCIA BANC\u00c1RIA \/ CHF:<br \/>\n<\/span><\/strong>Nossa conta no Post Finance para transfer\u00eancias banc\u00e1rias em CHF \u00e9<\/p>\n<p><strong>CH96 0900 0000 1586 7596 5<\/strong><br \/>\nSafeBlood, Ankenweid 29, 8041 Zurique<\/p>\n<p>Para pagamentos do exterior, voc\u00ea tamb\u00e9m precisa do seguinte BIC (c\u00f3digo SWIFT):<br \/>\nPOFICHBEXXX<br \/>\nNome do banco: PostFinance AG, Mingerstrasse 20, CH-3030 Bern, Su\u00ed\u00e7a<\/p>\n<p><a href=\"https:\/\/safeblood.rs\/wp-content\/uploads\/2024\/02\/QR-code-postfinance.jpg\"><img class=\"alignleft size-thumbnail wp-image-73974\" src=\"https:\/\/safeblood.rs\/wp-content\/uploads\/2024\/02\/QR-code-postfinance-150x150.jpg\" alt=\"\" width=\"150\" height=\"150\" \/><\/a><\/p>\n<p>Para pagamentos na conta postal, indique a finalidade do seu pagamento:<br \/>\nTaxa de associa\u00e7\u00e3o 2026<\/p>\n<hr \/>\n<p><strong><span style=\"color: #ff0000;\">TRANSFER\u00caNCIA BANC\u00c1RIA \/ EURO (\u20ac):<br \/>\n<\/span><\/strong>Nossa conta no Post Finance para transfer\u00eancias banc\u00e1rias em EURO \u00e9<\/p>\n<p><strong>CH54 0900 0000 1686 2698 1<\/strong><br \/>\nSafeBlood, Ankenweid 29, 8041 Zurique<\/p>\n<p>Para pagamentos do exterior, voc\u00ea tamb\u00e9m precisa do seguinte BIC (c\u00f3digo SWIFT):<br \/>\nPOFICHBEXXX<br \/>\nNome do banco: PostFinance AG, Mingerstrasse 20, CH-3030 Bern, Su\u00ed\u00e7a<\/p>\n<p><a href=\"https:\/\/safeblood.rs\/wp-content\/uploads\/2026\/04\/QR-code-postfinance-eurokonto.jpg\"><img class=\"alignleft wp-image-82070 size-thumbnail\" src=\"https:\/\/safeblood.rs\/wp-content\/uploads\/2026\/04\/QR-code-postfinance-eurokonto-150x150.jpg\" alt=\"\" width=\"150\" height=\"150\" \/><\/a><\/p>\n<p>Para pagamentos na conta postal, indique a finalidade do seu pagamento:<br \/>\nTaxa de associa\u00e7\u00e3o 2026<\/p>\n<hr \/>\n<p class=\"p1\"><span style=\"color: #ff0000;\"><strong>PAYPAL:<br \/>\n<\/strong><\/span>Para transferir com o PayPal, clique no bot\u00e3o \"Doar\" ou ler o c\u00f3digo QR com a aplica\u00e7\u00e3o Paypal:<\/p>\n<div >\n<form target='_blank' action='https:\/\/www.paypal.com\/cgi-bin\/webscr' method='post'><input type='hidden' name='cmd' value='_donations' \/><input type='hidden' name='business' value='george@safeblood.net' \/><input type='hidden' name='item_name' value='gastar' \/><input type='hidden' name='item_number' value='' \/><input type='hidden' name='currency_code' value='EUR' \/><input type='hidden' name='amount' id='amount_fce3544065f6f6721f081fc930586ed1' value='' \/><input type='hidden' name='no_note' value='0'><input type='hidden' name='no_shipping' value='1'><input type='hidden' name='notify_url' value='https:\/\/safeblood.rs\/wp-admin\/admin-post.php?action=add_wpedon_button_ipn'><input type='hidden' name='lc' value='pt_BR'><input type='hidden' name='bn' value='WPPlugin_SP'><input type='hidden' name='return' value='' \/><input type='hidden' name='cancel_return' value='' \/><input class='wpedon_paypalbuttonimage' type='image' src='https:\/\/www.paypal.com\/pt_PT\/PT\/i\/btn\/btn_donate_LG.gif' border='0' name='submit' alt='Make your payments with PayPal. It is free, secure, effective.' style='border: none;'><img alt='' border='0' style='border:none;display:none;' src='https:\/\/www.paypal.com\/pt_BR\/i\/scr\/pixel.gif' width='1' height='1'><\/form>\n<\/div>\n<p><a href=\"https:\/\/safeblood.rs\/wp-content\/uploads\/2025\/07\/qrcode.png\"><img class=\"alignleft wp-image-80095\" src=\"https:\/\/safeblood.rs\/wp-content\/uploads\/2025\/07\/qrcode-150x150.png\" alt=\"\" width=\"195\" height=\"195\" \/><\/a><\/p>\n<hr \/>\n<p><span style=\"color: #ff0000;\"><strong>BITCOIN:<br \/>\n<\/strong><\/span>Nosso endere\u00e7o para transfer\u00eancias de Bitcoin \u00e9<\/p>\n<p><img class=\"alignleft wp-image-69880\" src=\"https:\/\/safeblood.rs\/wp-content\/uploads\/2023\/04\/download.png\" alt=\"\" width=\"207\" height=\"207\" \/><\/p>\n<p><strong>bc1q786u8x2mhu03utewejpq45tnjrqck3shvpn7le<\/strong><\/p>\n<p>Para pagamentos com Bitcoin, envie-nos <a href=\"mailto:george@safeblood.net\" target=\"_blank\" rel=\"noopener\">um e-mail aqui<\/a> com o valor, a data, seu nome e o uso pretendido.<\/p>\n<hr \/>\n<p><span style=\"color: #ff0000;\"><strong>UNVAXCOIN:<br \/>\n<\/strong><\/span>Nosso endere\u00e7o para transfer\u00eancias de UNVAXCOIN \u00e9<\/p>\n<p><a href=\"https:\/\/safeblood.rs\/wp-content\/uploads\/2023\/07\/sbqr1.png\"><img class=\"alignleft wp-image-71118\" src=\"https:\/\/safeblood.rs\/wp-content\/uploads\/2023\/07\/sbqr1-150x150.png\" alt=\"\" width=\"208\" height=\"207\" \/><\/a><\/p>\n<p class=\"p1\"><b>rM43qVSpPGsyJjzonFmWWAuDPSz3s2tKUx<br \/>\n<\/b><br \/>\nPara pagamentos com UNVAXCOIN, envie-nos <a href=\"mailto:george@safeblood.net\" target=\"_blank\" rel=\"noopener\">um e-mail aqui<\/a> com o valor, a data, seu nome e o uso pretendido.<\/p>\n<hr \/>\n<p><span style=\"color: #ff0000;\"><strong>CART\u00c3O DE CR\u00c9DITO:<br \/>\n<\/strong><\/span>Como alternativa, conforme mencionado, \u00e9 claro que voc\u00ea pode pagar com cart\u00e3o de cr\u00e9dito em qualquer moeda usando o <strong>bot\u00e3o abaixo<\/strong>.<\/p>\n\n\t\t<\/div>\n\t\t<div class=\"asp_price_container\">\n\t\t<span class=\"asp_price_amount\"><\/span> <span class=\"asp_new_price_amount\"><\/span> <span class=\"asp_quantity\"><\/span>\n\t\t<div class=\"asp_under_price_line\"><\/div>\n\t\t<\/div>\n\t\t<div class=\"asp_product_buy_button\">\n\t\t<div class=\"asp-processing-cont\" style=\"display:none;\"><span class=\"asp-processing\">Processing <i>.<\/i><i>.<\/i><i>.<\/i><\/span><\/div><form id = 'asp_ng_form_069e1e2cc53246' class='asp-stripe-form' action = '' METHOD = 'POST'> <input type='hidden' name='asp_product_id' value='71563' \/><div class=\"asp-child-hidden-fields\" style=\"display: none !important;\"><\/div><\/form><div id=\"asp-all-buttons-container-069e1e2cc53246\" class=\"asp_all_buttons_container\"><div class=\"asp_product_buy_btn_container\"><button id=\"asp_ng_button_069e1e2cc53246\" type=\"submit\" class=\"credit-card-donation-button\"><span>pagar com cart\u00e3o de cr\u00e9dito<\/span><\/button><\/div><noscript>Stripe Payments requires Javascript to be supported by the browser in order to operate.<\/noscript><\/div><div id=\"asp-btn-spinner-container-069e1e2cc53246\" class=\"asp-btn-spinner-container\" style=\"display: none !important\"><div class=\"asp-btn-spinner\"><div><\/div><div><\/div><div><\/div><div><\/div><\/div><\/div><script>var asp_data_069e1e2cc53246 = {\"is_live\":true,\"product_id\":\"71563\",\"iframe_url\":\"https:\\\/\\\/safeblood.rs\\\/pt-pt\\\/asp-payment-box\\\/?product_id=71563\",\"button_key\":\"1b63bfb2f3dd3ea42f4cfe3595dfdd7a\",\"item_price\":0,\"quantity\":1,\"custom_quantity\":\"\",\"description\":\"\",\"descrGenerated\":false,\"shipping\":0,\"tax\":0,\"image\":\"\",\"currency\":\"CHF\",\"currency_variable\":false,\"locale\":\"auto\",\"name\":\"Taxa de associa\\u00e7\\u00e3o ao Safeblood\",\"url\":\"\",\"amount\":0,\"billingAddress\":false,\"shippingAddress\":false,\"customer_email\":\"\",\"uniq_id\":\"069e1e2cc53246\",\"variable\":true,\"zeroCents\":[\"JPY\",\"MGA\",\"VND\",\"KRW\"],\"addonHooks\":[\"recaptcha\"],\"button_text\":\"pagar com cart\\u00e3o de cr\\u00e9dito\",\"out_of_stock\":false,\"stock_control_enabled\":false,\"stock_items\":0,\"currencyFormat\":{\"c\":2,\"d\":\".\",\"t\":\",\",\"s\":\"CHF\",\"pos\":\"left\"},\"displayStr\":{\"tax\":\"%s (tax)\",\"ship\":\"%s (shipping)\"},\"thankyou_page_url\":\"\",\"show_custom_amount_input\":false,\"recaptchaSiteKey\":\"6LfNlfEgAAAAAJCVtvZhjFEaSnxftRmKtPbnUBRs\",\"recaptchaInvisible\":0};if(typeof jQuery!==\"undefined\") {jQuery(document).ready(function() {new stripeHandlerNG(asp_data_069e1e2cc53246);});} else { if (typeof wpaspInitOnDocReady===\"undefined\") {var wpaspInitOnDocReady=[];} wpaspInitOnDocReady.push(asp_data_069e1e2cc53246);}<\/script>\n\t\t<\/div>\n\t<\/div>\n\t[\/vc_column_text][\/vc_column][vc_column column_padding=&#8221;no-extra-padding&#8221; column_padding_tablet=&#8221;inherit&#8221; column_padding_phone=&#8221;inherit&#8221; column_padding_position=&#8221;all&#8221; column_element_spacing=&#8221;default&#8221; background_color_opacity=&#8221;1&#8243; background_hover_color_opacity=&#8221;1&#8243; column_shadow=&#8221;none&#8221; column_border_radius=&#8221;none&#8221; column_link_target=&#8221;_self&#8221; gradient_direction=&#8221;left_to_right&#8221; overlay_strength=&#8221;0.3&#8243; width=&#8221;1\/6&#8243; tablet_width_inherit=&#8221;default&#8221; tablet_text_alignment=&#8221;default&#8221; phone_text_alignment=&#8221;default&#8221; bg_image_animation=&#8221;none&#8221; border_type=&#8221;simple&#8221; column_border_width=&#8221;none&#8221; column_border_style=&#8221;solid&#8221;][\/vc_column][\/vc_row]\n","protected":false},"excerpt":{"rendered":"<p>Taxa de associa\u00e7\u00e3o ao Safeblood O pre\u00e7o da ades\u00e3o \u00e0 SafeBlood \u00e9 de 50 euros\/francos su\u00ed\u00e7os por ano por membro adulto, cobrado por ano civil (Africa 20 USD). Crian\u00e7as e&#8230;<\/p>\n","protected":false},"author":2,"featured_media":0,"parent":0,"menu_order":0,"comment_status":"closed","ping_status":"closed","template":"","meta":[],"_links":{"self":[{"href":"https:\/\/safeblood.rs\/pt-pt\/wp-json\/wp\/v2\/pages\/71951"}],"collection":[{"href":"https:\/\/safeblood.rs\/pt-pt\/wp-json\/wp\/v2\/pages"}],"about":[{"href":"https:\/\/safeblood.rs\/pt-pt\/wp-json\/wp\/v2\/types\/page"}],"author":[{"embeddable":true,"href":"https:\/\/safeblood.rs\/pt-pt\/wp-json\/wp\/v2\/users\/2"}],"replies":[{"embeddable":true,"href":"https:\/\/safeblood.rs\/pt-pt\/wp-json\/wp\/v2\/comments?post=71951"}],"version-history":[{"count":4,"href":"https:\/\/safeblood.rs\/pt-pt\/wp-json\/wp\/v2\/pages\/71951\/revisions"}],"predecessor-version":[{"id":81627,"href":"https:\/\/safeblood.rs\/pt-pt\/wp-json\/wp\/v2\/pages\/71951\/revisions\/81627"}],"wp:attachment":[{"href":"https:\/\/safeblood.rs\/pt-pt\/wp-json\/wp\/v2\/media?parent=71951"}],"curies":[{"name":"wp","href":"https:\/\/api.w.org\/{rel}","templated":true}]}}