{"id":76822,"date":"2024-06-27T12:07:36","date_gmt":"2024-06-27T10:07:36","guid":{"rendered":"https:\/\/safeblood.rs\/?page_id=76822"},"modified":"2026-01-10T15:17:55","modified_gmt":"2026-01-10T14:17:55","slug":"protocolli-di-trattamenti","status":"publish","type":"page","link":"https:\/\/safeblood.rs\/it\/protocolli-di-trattamenti\/","title":{"rendered":"Protocolli di Trattamenti"},"content":{"rendered":"[vc_row type=&#8221;in_container&#8221; full_screen_row_position=&#8221;middle&#8221; column_margin=&#8221;default&#8221; column_direction=&#8221;default&#8221; column_direction_tablet=&#8221;default&#8221; column_direction_phone=&#8221;default&#8221; scene_position=&#8221;center&#8221; text_color=&#8221;dark&#8221; text_align=&#8221;left&#8221; row_border_radius=&#8221;none&#8221; row_border_radius_applies=&#8221;bg&#8221; overlay_strength=&#8221;0.3&#8243; gradient_direction=&#8221;left_to_right&#8221; shape_divider_position=&#8221;bottom&#8221; bg_image_animation=&#8221;none&#8221;][vc_column column_padding=&#8221;no-extra-padding&#8221; column_padding_tablet=&#8221;inherit&#8221; column_padding_phone=&#8221;inherit&#8221; column_padding_position=&#8221;all&#8221; column_element_spacing=&#8221;default&#8221; background_color_opacity=&#8221;1&#8243; background_hover_color_opacity=&#8221;1&#8243; column_shadow=&#8221;none&#8221; column_border_radius=&#8221;none&#8221; column_link_target=&#8221;_self&#8221; gradient_direction=&#8221;left_to_right&#8221; overlay_strength=&#8221;0.3&#8243; width=&#8221;1\/1&#8243; tablet_width_inherit=&#8221;default&#8221; tablet_text_alignment=&#8221;default&#8221; phone_text_alignment=&#8221;default&#8221; bg_image_animation=&#8221;none&#8221; border_type=&#8221;simple&#8221; column_border_width=&#8221;none&#8221; column_border_style=&#8221;solid&#8221;][vc_column_text]\n<h3><strong>Protocolli di trattamento per autore\/organizzazione<\/strong><\/h3>\n<p>&nbsp;<\/p>\n<p>Vuoi sapere il modo migliore per sbarazzarti dei residui del vaccino mRNA, sia che tu abbia ricevuto direttamente un vaccino o che tu sia stato contaminato in qualche altro modo? La procedura per il trattamento \u00e8 sempre la stessa.<\/p>\n<p>Difficilmente esiste una sola \u201cerba\u201d che sia la soluzione per una corretta disintossicazione, ma di solito \u00e8 la combinazione di diverse erbe, farmaci o tecniche. Gli autori che elenchiamo di seguito hanno compilato dei \u201cprotocolli\u201d. Hai un collegamento al protocollo o un file da scaricare. Per una persona un protocollo pu\u00f2 essere la soluzione migliore, per un\u2019altra persona pu\u00f2 esserlo un approccio diverso. Ti consigliamo di contattare un operatore sanitario (idealmente un naturopata con esperienza nella disintossicazione dall&#8217;mRNA) che ti supporti e ti aiuti a scegliere il protocollo migliore per il tuo caso.<\/p>\n<p>Puoi trovare un terapista qui:\u00a0<a href=\"https:\/\/safeblood.it\/it\/cerca-un-partner-sanitario\/\" target=\"_blank\" rel=\"noopener\">https:\/\/safeblood.it\/it\/cerca-un-partner-sanitario\/<\/a> e prendere in considerazione l&#8217;analizzare il tuo sangue prima e dopo un ciclo di trattamento con questa analisi:\u00a0<a href=\"https:\/\/safeblood.it\/it\/covid19-vaccine-residual-analysis\/\" target=\"_blank\" rel=\"noopener\">https:\/\/safeblood.it\/it\/covid19-vaccine-residual-analysis\/<\/a> o uno qualsiasi degli altri metodi diagnostici elencati su <a href=\"https:\/\/safeblood.it\/it\/metodi-diagnostici\/\" target=\"_blank\" rel=\"noopener\">https:\/\/safeblood.it\/it\/metodi-diagnostici\/<\/a><\/p>\n<p>Come facciamo a sapere quale protocollo \u00e8 il migliore? Se funziona? Bene, \u00e8 meglio utilizzare l\u2019Analisi dei Residui del Vaccino Covid19 appena menzionata prima e dopo, ma ovviamente ti piacerebbe sapere prima di iniziare un programma quale sia il pi\u00f9 giusto per te. Puoi cercare testimonianze, ma anche in questo caso non puoi essere sicuro che funzioner\u00e0 davvero nel tuo caso. Quel che \u00e8 peggio \u00e8 che alcuni dei medici che raccomandano il proprio protocollo mettono specificamente in guardia dall\u2019usare altri protocolli, e solo il tempo dir\u00e0 chi aveva ragione. Poi abbiamo alcuni medici molto famosi che sono molto attivi nella resistenza ma associati ad organizzazioni discutibili come, solo una delle tante, il Dr. Peter McCullough e la TWC (The Wellness Company) che \u00e8 molto attiva come azienda ma solleva forti dubbi sulle loro vere intenzioni poich\u00e9 non possiamo trascurare fatti come questo <a href=\"https:\/\/rumble.com\/v4hhuou-twc-red-flags-the-expanding-narrative-network.html\" target=\"_blank\" rel=\"noopener\"><u>rapporto sulla Rumble<\/u><\/a> o <a href=\"https:\/\/safeblood.rs\/wp-content\/uploads\/2024\/06\/The-Wellness-Company-by-Kristin-Elizabeth.pdf\" target=\"_blank\" rel=\"noopener\"><u>questo file PDF<\/u><\/a> (Entrambi solo in inglese).<\/p>\n<p>Nella resistenza, dobbiamo sempre stare molto attenti all&#8217;opposizione controllata che cerca di minare i nostri sforzi. Quindi s\u00ec, c&#8217;\u00e8 qualche dubbio su McCullough, The Wellness Company o altri, ma senza dubbio McCullough ha anche pubblicato molti articoli utili e sicuramente ha contribuito a risvegliare molte persone riguardo ai vaccini a mRNA; \u00e8 una delle figure pi\u00f9 popolari e instancabili e uno dei pochi medici ad attaccare apertamente Big Pharma. Personalmente sono sempre un po&#8217; diffidente quando qualcuno pubblica fino a 10 post GIORNALMENTE su piattaforme diverse (come Telegram, Epoch Times, ecc.), come McCullough o la Dott.ssa Ariyana Love, quest&#8217;ultima anche con protocolli molto interessanti, ma che attacca instancabilmente altri medici come McCollough o Ana Maria Mihalcea, sostenendo addirittura che Mihalcea lavori per la CIA. Ora, sappiamo tutti che TUTTI i media del mainstream sono semplicemente diventati portavoce e sostenitori del Nuovo Ordine Mondiale. E sappiamo anche che i fatti e le storie vere vengono trasmessi solo su piattaforme come Telegram o sui canali TV della resistenza su Internet. Al giorno d&#8217;oggi \u00e8 possibile trovare facilmente tutte le informazioni REALI su Internet, ma in questo flusso di informazioni \u00e8 spesso difficile distinguere tra le informazioni vere e quelle dell&#8217;opposizione controllata, i sostenitori del NWO. Il mio consiglio: fai attenzione, controlla due o tre volte e, prima di decidere su un protocollo di trattamento o un altro, investi tempo e controllali per bene.<\/p>\n<p>Un&#8217;ultima nota: fai attenzione quando mescoli protocolli diversi, poich\u00e9 anche i singoli componenti possono presentare controindicazioni. Un esempio: la Dott.ssa Ariyana Love scrive nel suo protocollo che non dovreste utilizzare alcun tipo di dispositivo elettronico come BioResonance o simili nei primi tre mesi del suo programma. Di solito consiglio l&#8217;uso di questi dispositivi perch\u00e9 sono di grande supporto per la maggior parte dei programmi, ma se questo non funziona per il suo protocollo, mi attengo alle raccomandazioni.<\/p>\n<p>Ci scusiamo per la lunga introduzione, ma questi sono fatti che dovresti tenere a mente. E infine, ecco i protocolli promessi, in ordine alfabetico (per nome di battesimo):<\/p>\n<h3><span style=\"color: #ff0000;\">A<\/span><\/h3>\n<p><strong>Dott.ssa Ana Maria Mihalcea<\/strong>, MD, Phd,\u00a0\u00e8 un pioniere nella ricerca sulla nanotecnologia auto-organizzante e sulla biologia sintetica nel sangue umano e sul fenomeno della trasmissione delle armi biologiche COVID-19 attraverso i vaccini alle persone non vaccinate.<br \/>\nSito Web: <a href=\"https:\/\/dranamihalcea.com\/\" target=\"_blank\" rel=\"noopener\">dranamihalcea.com<\/a> (inglese)<br \/>\nIl suo <a href=\"https:\/\/anamihalceamdphd.substack.com\/?utm_source=substack&amp;utm_medium=email\" target=\"_blank\" rel=\"noopener\">Canale Substack<\/a> (inglese, solo per chi ha i nervi saldi!)<br \/>\nCommenti: La dottoressa Mihalcea non segue un protocollo vero e proprio, poich\u00e9 il suo approccio non \u00e8 di tipo medico tradizionale o biochimico, ma va ben oltre. Tuttavia, consiglio <a href=\"https:\/\/dranamihalcea.com\/books\" target=\"_blank\" rel=\"noopener\">i suoi libri<\/a> (inglese) a chiunque sia interessato all&#8217;argomento e desideri approfondirlo.<\/p>\n<p><strong>Dr. Andreas Ludwig Kalcker<\/strong>, ricercatore biofisico<br \/>\nSito Web: <a href=\"https:\/\/andreaskalcker.com\/it\/\" target=\"_blank\" rel=\"noopener\">https:\/\/andreaskalcker.com\/it\/<\/a>\u00a0(compresi tutti i protocolli di trattamento)<br \/>\nPiattaforma di testimonianze video su <a href=\"https:\/\/dioxitube.com\/\" target=\"_blank\" rel=\"noopener\">dioxitube.com<\/a> (in spagnolo &#8211; per l&#8217;italiano scrivere \u201citaliano\u201d nel campo di ricerca)<br \/>\n<a href=\"https:\/\/www.hilarispublisher.com\/open-access\/chlorine-dioxide-in-covid19-mechanism-of-molecular-action-in-sarscov2.pdf\" target=\"_blank\" rel=\"noopener\">Articolo pubblicato sul Journal of Molecular and Genetic Medicine (PDF)<\/a><br \/>\nCommenti: Principalmente CDS\/CDL (CIO2), chlorine dioxide. Autore di numerosi libri sul Covid.<em><br \/>\nIMPORTANTE: il CDL \u00e8 una sostanza che, se utilizzata in modo improprio, pu\u00f2 causare danni considerevoli. A tal proposito, consultare <a href=\"https:\/\/safeblood.rs\/wp-content\/uploads\/2025\/11\/20-Aktuelle-Studien-zur-Toxizita\u0308t-von-CDL.pdf\" target=\"_blank\" rel=\"noopener\">questi 20 studi<\/a> che lo dimostrano (tedesco).<\/em><\/p>\n<p><strong>Dr. Andrew Rallis, Phd<\/strong>, ricercatore scientifico indipendente<br \/>\nSito Web: <a href=\"https:\/\/www.dr-andrew-s-rallis.com\/\" target=\"_blank\" rel=\"noopener\">https:\/\/www.dr-andrew-s-rallis.com\/<\/a><br \/>\n<a href=\"https:\/\/www.dr-andrew-s-rallis.com\/post\/therapies-for-alleviating-the-toxic-and-pathological-effects-of-the-experimental-covid-19-vaccine\" target=\"_blank\" rel=\"noopener\">Link al Protocollo, download come file PDF (inglese)<\/a><br \/>\nCommenti: Non una lettura di 5 minuti, ma molto esauriente, considera tutti gli aspetti delle inoculazioni di mRNA.<\/p>\n<p><strong>Dott.ssa Ariyana Love, ND<\/strong><br \/>\nSubstack: <a href=\"https:\/\/drloveariyana.substack.com\/\" target=\"_blank\" rel=\"noopener\">https:\/\/drloveariyana.substack.com\/<\/a><br \/>\n<a href=\"https:\/\/drloveariyana.substack.com\/p\/dr-ariyana-loves-premium-detox-protocol?r=2juwfo&amp;utm_campaign=post&amp;utm_medium=web&amp;triedRedirect=true\" target=\"_blank\" rel=\"noopener\">Link al Protocollo, anche su Substack (inglese)<\/a><br \/>\n<a href=\"https:\/\/drloveariyana.substack.com\/p\/affordable-for-all-detox-protocol-021\" target=\"_blank\" rel=\"noopener\">Simple protocol<\/a><br \/>\nCommenti: Molto esauriente. Richiede di contattare il Dr. Love per ulteriori informazioni.<\/p>\n<h3><span style=\"color: #ff0000;\">F<\/span><\/h3>\n<p><strong>FLCCC ALLIANCE<\/strong>, Front Line COVID-19 Critical Care Alliance (FLCCC)<br \/>\nSito Web: <a href=\"https:\/\/covid19criticalcare.com\/\" target=\"_blank\" rel=\"noopener\">https:\/\/covid19criticalcare.com\/<\/a><br \/>\n<a href=\"https:\/\/covid19criticalcare.com\/protocol\/i-prevent-vaccine-injury\/\" target=\"_blank\" rel=\"noopener\">Loro protocollo, con il link per il download (inglese)<\/a><br \/>\n<a href=\"https:\/\/safeblood.rs\/wp-content\/uploads\/2024\/06\/Harrys-Notfall-Programm-Stand-01.11.2023.pdf\" target=\"_blank\" rel=\"noopener\">Il programa di emergenza di Harry<\/a>, PDF (tedesco), molto esauriente<br \/>\nCommenti: Facile da seguire. Sito Web esauriente di una delle prime organizzazioni di medici professionisti critici, dal 2020 \u2013 sono sorprendenti.<\/p>\n<h3><span style=\"color: #ff0000;\">J<\/span><\/h3>\n<p><strong>James Roguski<\/strong>, Giornalista e combattente per la libert\u00e0 di scelta terapeutica<br \/>\nCanale Substack: <a href=\"https:\/\/jamesroguski.substack.com\/\" target=\"_blank\" rel=\"noopener\">https:\/\/jamesroguski.substack.com\/<\/a><br \/>\n<a href=\"https:\/\/jamesroguski.substack.com\/p\/the-complete-guide-to-health\" target=\"_blank\" rel=\"noopener\">Il suo protocollo per la salute generale (inglese)<\/a><br \/>\nCommenti: Non specifico per l\u2019mRNA, ma vale la pena leggerlo. Suggerisco l\u2019iscrizione alla sua newsletter.<\/p>\n<h3><span style=\"color: red;\">K<\/span><\/h3>\n<p><strong>Katharina Koenig<\/strong>, lei stessa vittima dei vaccini e autrice di numerose denunce contro tutti i possibili responsabili e mandanti del crimine Covid e dei vaccini. Una combattente instancabile..<br \/>\nIl suo canale Telegram (iscriviti!): <a href=\"https:\/\/t.me\/ich_will_leben\" target=\"_blank\" rel=\"noopener\">@ich_will_leben (tedesco)<\/a><br \/>\n<a href=\"https:\/\/safeblood.rs\/wp-content\/uploads\/2025\/11\/Katharina-Koenig-Detox-neu-29-Oktober-2025.pdf\" target=\"_blank\" rel=\"noopener\">Link al protocollo da scaricare (in tedesco)<\/a><br \/>\nCommento: Katharina Koenig \u00e8 lei stessa gravemente danneggiata dal vaccino, \u00e8 stata abbandonata dai medici e si \u00e8 completamente guarita con il suo protocollo personale. L&#8217;ho conosciuta personalmente durante alcune conferenze e ho visto con i miei occhi la sua evoluzione da persona gravemente malata a persona in buona salute. Il suo protocollo ha evidentemente funzionato nel suo caso. Molto complesso ma documentato in modo completo, anche con questi link aggiuntivi:<br \/>\n<a href=\"https:\/\/safeblood.rs\/wp-content\/uploads\/2025\/11\/Katharina-Koenig-Chronic-Fatique-Syndrom-Therapie-25.10.2025.pdf\" target=\"_blank\" rel=\"noopener\">Katharina-Koenig-Chronic-Fatique-Syndrom-Terapia (tedesco)<\/a><br \/>\n<a href=\"https:\/\/safeblood.rs\/wp-content\/uploads\/2025\/11\/powepoint-katharina-koenig.pdf\" target=\"_blank\" rel=\"noopener\">Katharina-Koenig &#8211; La sua storia<\/a><\/p>\n<h3><span style=\"color: #ff0000;\">M<\/span><\/h3>\n<p><strong>MWGFD.ev<\/strong>, Associazione tedesca di medici consapevoli.<br \/>\nPresidente Onorario: <strong>Prof. Dr. Sucharit Bhakdi<\/strong><br \/>\nSito Web: <a href=\"https:\/\/www.mwgfd.org\/\" target=\"_blank\" rel=\"noopener\">https:\/\/www.mwgfd.org\/<\/a><br \/>\n<a href=\"https:\/\/www.mwgfd.org\/zur-c-impfung\/\" target=\"_blank\" rel=\"noopener\">Link al protocollo per il download (tedesco)<\/a>, di Kristina Wolff, ND<br \/>\n<a href=\"https:\/\/www.mwgfd.org\/angebot-fuer-hilfesuchende\/\" target=\"_blank\" rel=\"noopener\">2\u00b0 Protocollo, link per il download (tedesco)<\/a>, breve, anche per casi di emergenza<br \/>\nCommenti: Oltre ai protocolli sito web molto utile con ogni tipo di informazioni.<\/p>\n<h3><span style=\"color: #ff0000;\">N<\/span><\/h3>\n<p><strong>Nathan Petersburg, ND, FNMI<\/strong>, Naturopata e ideatore dell&#8217;esclusiva analisi del sangue C19VRA e della formula omeopatica Genetic Rewind.<br \/>\nSito Web: <a href=\"https:\/\/www.createdforhealth.com\/\" target=\"_blank\" rel=\"noopener\">Created for Health<\/a><br \/>\n<a href=\"https:\/\/safeblood.net\/it\/covid19-vaccine-residual-analysis\/\" target=\"_blank\" rel=\"noopener\">Link per C19VRA e Genetic Rewind<\/a><br \/>\nCommento: analisi del sangue unica nel suo genere basata sulla fisica quantistica e formula per il \u201creset\u201d del DNA dopo danni da vaccino e l&#8217;eliminazione dei residui di mRNA. Testato e raccomandato da SafeBlood.<\/p>\n<p><strong>Dr. Nicolas Hulscher, MPH<\/strong>, epidemiologo presso la McCullough Foundation. Autore di numerosi articoli e della raccolta riportata di seguito.<br \/>\nCanale Substack: <a href=\"https:\/\/substack.com\/@nichulscher\" target=\"_blank\" rel=\"noopener\">https:\/\/substack.com\/@nichulscher<\/a><br \/>\n<a href=\"https:\/\/www.thefocalpoints.com\/p\/5-evidence-based-approaches-to-healing\" target=\"_blank\" rel=\"noopener\">Video su Focal Points<\/a> con vari protocolli.<br \/>\nCommento: in qualit\u00e0 di capo epidemiologo della McCullough Foundation, raccomanda naturalmente i protocolli McCullough, ma non solo quelli.<\/p>\n<h3><span style=\"color: #ff0000;\">P<\/span><\/h3>\n<p><strong>Dr. Peter Hermann, MD<\/strong>, GENIPLET, medicina riproduttiva<br \/>\nSito Web: <a href=\"https:\/\/www.geniplet.com\/\" target=\"_blank\" rel=\"noopener\">https:\/\/www.geniplet.com\/<\/a><br \/>\n<a href=\"https:\/\/www.geniplet.com\/patienteninfo-01-2021\/\" target=\"_blank\" rel=\"noopener\">Protocollo (tedesco)<\/a><br \/>\nCommento: \u00c8 anche uno dei pochissimi medici consapevoli specialisti in medicina riproduttiva ed anche un partner di\u00a0 <a href=\"https:\/\/safereproduction.net\/\" target=\"_blank\" rel=\"noopener\">safereproduction.net<\/a><\/p>\n<p><strong>Dr. Peter A. McCullough, MD<\/strong>, figura della resistenza estremamente popolare ma controversa<br \/>\nSito Web: <a href=\"https:\/\/mcculloughfnd.org\/\" target=\"_blank\" rel=\"noopener\">https:\/\/mcculloughfnd.org\/<\/a><br \/>\n<a href=\"https:\/\/zenodo.org\/records\/8286460\" target=\"_blank\" rel=\"noopener\">Link al protocollo (inglese)<\/a> (deve essere scaricato come file di WORD)<br \/>\n<a href=\"https:\/\/www.activistpost.com\/2023\/09\/dr-peter-mcculloughs-protocol-for-covid-covid-shots.html\" target=\"_blank\" rel=\"noopener\">Altro link per il protocollo con molte pi\u00f9 informazioni (inglese)<\/a><br \/>\n<a href=\"https:\/\/www.theepochtimes.com\/health\/holy-grail-of-covid-19-spike-protein-detoxification-5075372?utm_source=top5noe&amp;src_src=top5noe&amp;utm_campaign=top5-2023-03-04-one&amp;src_cmp=top5-2023-03-04-one&amp;utm_medium=email&amp;est=lUqk5P7GqX%2BiHGZN%2FuqyzO%2BlDvvAnipaup2u0DBzmlvivTM55auckwjRvSkBxhM%3D\" target=\"_blank\" rel=\"noopener\">Articolo sulla Nattokinase<\/a><br \/>\nCommenti: Focus solo sulla proteine spike, molto facile da seguire.<br \/>\n<em>Si noti che McCullough ha appena promosso una nuova forma di terapia <a href=\"https:\/\/osf.io\/preprints\/osf\/qxbgu\" target=\"_blank\" rel=\"noopener\">in questo articolo<\/a>, vale a dire il trattamento del danno all&#8217;mRNA con siRNA (la stessa tecnologia), che consideriamo a dir poco audace e che certamente non raccomanderemmo.<\/em><\/p>\n<h3><span style=\"color: #ff0000;\">R<\/span><\/h3>\n<p><strong>Ralf Tillenburg<\/strong>, D\u00fcsseldorf, BRD, Medico specialista in medicina interna e medicina generale, Studio legale specializzato in danni da vaccino anti-Covid<br \/>\nSito Web: <a href=\"https:\/\/www.praxis-tillenburg.de\/\" target=\"_blank\" rel=\"noopener\">https:\/\/www.praxis-tillenburg.de (tedesco)<\/a><br \/>\n<a href=\"https:\/\/safeblood.rs\/wp-content\/uploads\/2024\/07\/Patientenbrief_Impfschaden_V3.pdf\" target=\"_blank\" rel=\"noopener\">Il suo protocollo, scaricabile in formato PDF (tedesco)<\/a><br \/>\n<a href=\"https:\/\/substack.com\/@ralftillenburg\" target=\"_blank\" rel=\"noopener\">Il suo canale Substack (tedesco)<\/a> (iscriviti!) con protocolli aggiornati.<br \/>\n<a href=\"https:\/\/t.me\/coronawissenschaft\" target=\"_blank\" rel=\"noopener\">Il suo canale Telegram (tedesco)<\/a>.<br \/>\nCommento: professionista con grande esperienza in materia di incidenti da vaccinazione.<\/p>\n<p><strong>React19<\/strong>, <em>\u00e8 un\u2019organizzazione no-profit basata sulla scienza che a livello globale offre supporto finanziario, fisico ed emotivo a coloro che soffrono di eventi avversi a lungo termine legati al vaccino Covid-19.<br \/>\n<\/em>Sito Web: <a href=\"https:\/\/react19.org\/\" target=\"_blank\" rel=\"noopener\">https:\/\/react19.org\/<\/a><br \/>\n<a href=\"https:\/\/react19.org\/patients\/patient-resources-education#guides\" target=\"_blank\" rel=\"noopener\">Protocollo del Dr. Paul Marik, un video su React19<\/a><br \/>\n<a href=\"https:\/\/rumble.com\/v28t7tm-patient-education-webinar-treating-post-covid-vaccine-injury-with-dr.-paul-.html\" target=\"_blank\" rel=\"noopener\">Link diretto su Rumble (inglese)<\/a><br \/>\nCommento: video di 1 ora, consiglio di guardare tutto il video. Molte altre informazioni utili sul sito.<\/p>\n<h3><span style=\"color: #ff0000;\">V<br \/>\n<\/span><\/h3>\n<p><strong>Vari autori<\/strong>, protocolli derivanti dalla collaborazione di numerosi specialisti<br \/>\n<a href=\"https:\/\/safeblood.net\/wp-content\/uploads\/2022\/12\/PVS-overview-for-therapists.pdf\" target=\"_blank\" rel=\"noopener\">Un protocollo per il download come PDF di numerosi medici tedeschi (inglese)<\/a><br \/>\nCommenti: Dal 2022, uno tra i primi consigli, comunque una buona lettura, con informazioni di base.<\/p>\n<p><strong>Vari autori<\/strong>, <strong><em>Protocolli per i entrare il livello dell\u2019emoglobina<\/em><\/strong>, un metodo per evitare la trasfusione<br \/>\n<a href=\"https:\/\/safeblood.net\/wp-content\/uploads\/2024\/10\/Natural-remedy-to-boost-hemoglobin-in-the-blood.pdf\" target=\"_blank\" rel=\"noopener\">Scarica il PDF<\/a><a href=\"https:\/\/safeblood.it\/wp-content\/uploads\/2024\/07\/RAISE-YOUR-HEMOGLOBIN-Two-Protocols-1.pdf\" target=\"_blank\" rel=\"noopener\">: RAISE YOUR HEMOGLOBIN, Protocolli di Brigitte e Lisa<\/a><br \/>\n<a href=\"https:\/\/safeblood.net\/wp-content\/uploads\/2024\/10\/Natural-remedy-to-boost-hemoglobin-in-the-blood.pdf\" target=\"_blank\" rel=\"noopener\">Scarica il PDF: Rimedio naturale per aumentare l&#8217;emoglobina nel sangue (francese, italiano + inglese)<\/a><br \/>\nCommenti: Tre protocolli di successo di membri di SafeBlood per aumentare i livelli dell\u2019emoglobina.<\/p>\n<p><strong>Vari autori<\/strong>, \u00a0<strong><em>Gruppo Telegram: Impf-Ausleitung, Heilung + Entgiftung<\/em><\/strong><br \/>\n<a href=\"https:\/\/t.me\/ImpfAusleitungen_Heilmittel\" target=\"_blank\" rel=\"noopener\">https:\/\/t.me\/ImpfAusleitungen_Heilmittel (german only)<\/a><br \/>\nCommenti: Un gruppo Telegram con tanti protocolli di cura, ma anche altre informazioni. Difficile trovare quello che ti serve, ma vale la pena dare un&#8217;occhiata. Solo in tedesco.<\/p>\n<h3><span style=\"color: #ff0000;\">W<\/span><\/h3>\n<p><strong>WarriorEssentials<\/strong> (USA)<br \/>\nSito Web: <a href=\"https:\/\/www.mywarrioressentials.com\/\" target=\"_blank\" rel=\"noopener\">https:\/\/www.mywarrioressentials.com\/<\/a><br \/>\n<a href=\"https:\/\/www.mywarrioressentials.com\/?couponCode=SPIKEG&amp;affId=E934549E&amp;c1=3468ba56777f46ef95a928ef8c77ec7d&amp;c2=9&amp;c3=&amp;_ef_transaction_id=3468ba56777f46ef95a928ef8c77ec7d\" target=\"_blank\" rel=\"noopener\">Il protocollo (inglese)<\/a><br \/>\nCommenti: Hanno una propria gamma di prodotti. Onestamente, non sappiamo molto di loro. Inviaci un feedback con la tua esperienza.<\/p>\n<p><strong>World Council For Health<\/strong>, eccellente piattaforma per tutti i tipi di problemi legati alla salute<br \/>\nSito Web: <a href=\"https:\/\/worldcouncilforhealth.org\/\" target=\"_blank\" rel=\"noopener\">https:\/\/worldcouncilforhealth.org\/<\/a><br \/>\n<a href=\"https:\/\/worldcouncilforhealth.org\/wp-content\/uploads\/2023\/01\/SpikeDetoxSummary_ITALIAN.pdf\" target=\"_blank\" rel=\"noopener\">Link al Protocollo (versione in breve in italiano)<\/a> sul loro sito web.<br \/>\nCommenti: Facile da comprendere, si concentra principalmente sulle proteine \u200b\u200b\u200b\u200bspike. Versione breve come download di un PDF nella maggior parte delle lingue.<\/p>\n<p>&nbsp;<\/p>\n<hr \/>\n<p>&nbsp;<\/p>\n<p><strong>Tieni presente che SafeBlood non \u00e8 in alcun modo affiliato con gli autori elencati di questi protocolli e non offre consulenza medica; elenchiamo semplicemente i vari protocolli in modo che tu e il tuo terapista possiate fare una scelta.<\/strong>[\/vc_column_text][\/vc_column][\/vc_row]\n","protected":false},"excerpt":{"rendered":"<p>[vc_row type=&#8221;in_container&#8221; full_screen_row_position=&#8221;middle&#8221; column_margin=&#8221;default&#8221; column_direction=&#8221;default&#8221; column_direction_tablet=&#8221;default&#8221; column_direction_phone=&#8221;default&#8221; scene_position=&#8221;center&#8221; text_color=&#8221;dark&#8221; text_align=&#8221;left&#8221; row_border_radius=&#8221;none&#8221; row_border_radius_applies=&#8221;bg&#8221; overlay_strength=&#8221;0.3&#8243; gradient_direction=&#8221;left_to_right&#8221; shape_divider_position=&#8221;bottom&#8221; bg_image_animation=&#8221;none&#8221;][vc_column column_padding=&#8221;no-extra-padding&#8221; column_padding_tablet=&#8221;inherit&#8221; column_padding_phone=&#8221;inherit&#8221; column_padding_position=&#8221;all&#8221; column_element_spacing=&#8221;default&#8221; background_color_opacity=&#8221;1&#8243; background_hover_color_opacity=&#8221;1&#8243; column_shadow=&#8221;none&#8221; column_border_radius=&#8221;none&#8221; column_link_target=&#8221;_self&#8221; gradient_direction=&#8221;left_to_right&#8221; overlay_strength=&#8221;0.3&#8243; width=&#8221;1\/1&#8243; tablet_width_inherit=&#8221;default&#8221;&#8230;<\/p>\n","protected":false},"author":2,"featured_media":0,"parent":0,"menu_order":0,"comment_status":"closed","ping_status":"closed","template":"","meta":[],"_links":{"self":[{"href":"https:\/\/safeblood.rs\/it\/wp-json\/wp\/v2\/pages\/76822"}],"collection":[{"href":"https:\/\/safeblood.rs\/it\/wp-json\/wp\/v2\/pages"}],"about":[{"href":"https:\/\/safeblood.rs\/it\/wp-json\/wp\/v2\/types\/page"}],"author":[{"embeddable":true,"href":"https:\/\/safeblood.rs\/it\/wp-json\/wp\/v2\/users\/2"}],"replies":[{"embeddable":true,"href":"https:\/\/safeblood.rs\/it\/wp-json\/wp\/v2\/comments?post=76822"}],"version-history":[{"count":19,"href":"https:\/\/safeblood.rs\/it\/wp-json\/wp\/v2\/pages\/76822\/revisions"}],"predecessor-version":[{"id":81492,"href":"https:\/\/safeblood.rs\/it\/wp-json\/wp\/v2\/pages\/76822\/revisions\/81492"}],"wp:attachment":[{"href":"https:\/\/safeblood.rs\/it\/wp-json\/wp\/v2\/media?parent=76822"}],"curies":[{"name":"wp","href":"https:\/\/api.w.org\/{rel}","templated":true}]}}