{"id":75484,"date":"2024-05-01T14:01:47","date_gmt":"2024-05-01T12:01:47","guid":{"rendered":"https:\/\/safeblood.rs\/?page_id=75484"},"modified":"2024-05-13T18:51:51","modified_gmt":"2024-05-13T16:51:51","slug":"carta-dei-donatori-di-sangue","status":"publish","type":"page","link":"https:\/\/safeblood.rs\/it\/carta-dei-donatori-di-sangue\/","title":{"rendered":"Carta dei donatori di sangue"},"content":{"rendered":"[vc_row type=&#8221;in_container&#8221; full_screen_row_position=&#8221;middle&#8221; column_margin=&#8221;default&#8221; column_direction=&#8221;default&#8221; column_direction_tablet=&#8221;default&#8221; column_direction_phone=&#8221;default&#8221; scene_position=&#8221;center&#8221; text_color=&#8221;dark&#8221; text_align=&#8221;left&#8221; row_border_radius=&#8221;none&#8221; row_border_radius_applies=&#8221;bg&#8221; overlay_strength=&#8221;0.3&#8243; gradient_direction=&#8221;left_to_right&#8221; shape_divider_position=&#8221;bottom&#8221; bg_image_animation=&#8221;none&#8221;][vc_column column_padding=&#8221;no-extra-padding&#8221; column_padding_tablet=&#8221;inherit&#8221; column_padding_phone=&#8221;inherit&#8221; column_padding_position=&#8221;all&#8221; top_margin=&#8221;-20&#8243; top_margin_tablet=&#8221;-20&#8243; top_margin_phone=&#8221;-20&#8243; column_element_spacing=&#8221;default&#8221; background_color_opacity=&#8221;1&#8243; background_hover_color_opacity=&#8221;1&#8243; column_shadow=&#8221;none&#8221; column_border_radius=&#8221;none&#8221; column_link_target=&#8221;_self&#8221; gradient_direction=&#8221;left_to_right&#8221; overlay_strength=&#8221;0.3&#8243; width=&#8221;1\/1&#8243; tablet_width_inherit=&#8221;default&#8221; tablet_text_alignment=&#8221;default&#8221; phone_text_alignment=&#8221;default&#8221; bg_image_animation=&#8221;none&#8221; border_type=&#8221;simple&#8221; column_border_width=&#8221;none&#8221; column_border_style=&#8221;solid&#8221;][vc_column_text]In questa pagina puoi cercare un donatore non vaccinato compatibile, in tutto il mondo. Per ora troverai solo i membri di SafeBlood Donation, suddivisi in <strong>Safeblood International (<a href=\"https:\/\/safeblood.net\/it\/\" target=\"_blank\" rel=\"noopener\">safeblood.net<\/a><\/strong> o safeblood.dominio del tuo paese, es. <a href=\"https:\/\/safeblood.it\/it\/\" target=\"_blank\" rel=\"noopener\">safeblood.it<\/a>), per i membri in qualsiasi parte del mondo tranne gli Stati Uniti, e <strong>SafeBlood USA (<a href=\"https:\/\/safeblood.com\/\" target=\"_blank\" rel=\"noopener\">safeblood. com<\/a>)<\/strong>, solo per gli Stati Uniti.<br \/>\nIn una prossima fase, includeremo anche i membri di altri servizi di donazione di sangue no-vax se desiderano essere includi anche qui. Quando clicchi sulla mappa su un potenziale donatore, vedrai l&#8217;affiliazione con quell&#8217;organizzazione.<\/p>\n<p>Se sei membro di SafeBlood, troverai <a href=\"https:\/\/safeblood.net\/it\/cerca-gruppi-sanguigni-compatibili\/\" target=\"_blank\" rel=\"noopener\">qui<\/a> nella tua area di membro, una mappa per la ricerca del sangue pi\u00f9 precisa e pi\u00f9 veloce, che ti permetter\u00e0 anche di richiedere un donatore di sangue direttamente dalla stessa pagina, con un tempo di risposta di poche ore. Logicamente in questa pagina, per una richiesta di contatto diretto come donatori corrispondenti vengono visualizzati solo i membri SafeBlood. Tuttavia, anche i non membri possono utilizzare questa pagina di ricerca; offre un po&#8217; pi\u00f9 di opzioni e consente, ad esempio, la ricerca in contemporanea per paese o provincia e gruppo sanguigno, pur visualizzando i risultati di tutte le associazioni partecipanti.[\/vc_column_text][\/vc_column][\/vc_row][vc_row type=&#8221;in_container&#8221; full_screen_row_position=&#8221;middle&#8221; column_margin=&#8221;default&#8221; column_direction=&#8221;default&#8221; column_direction_tablet=&#8221;default&#8221; column_direction_phone=&#8221;default&#8221; scene_position=&#8221;center&#8221; text_color=&#8221;dark&#8221; text_align=&#8221;left&#8221; row_border_radius=&#8221;none&#8221; row_border_radius_applies=&#8221;bg&#8221; overlay_strength=&#8221;0.3&#8243; gradient_direction=&#8221;left_to_right&#8221; shape_divider_position=&#8221;bottom&#8221; bg_image_animation=&#8221;none&#8221;][vc_column column_padding=&#8221;no-extra-padding&#8221; column_padding_tablet=&#8221;inherit&#8221; column_padding_phone=&#8221;inherit&#8221; column_padding_position=&#8221;all&#8221; top_margin=&#8221;-20&#8243; top_margin_tablet=&#8221;-20&#8243; bottom_margin_tablet=&#8221;-20&#8243; column_element_spacing=&#8221;default&#8221; background_color_opacity=&#8221;1&#8243; background_hover_color_opacity=&#8221;1&#8243; column_shadow=&#8221;none&#8221; column_border_radius=&#8221;none&#8221; column_link_target=&#8221;_self&#8221; gradient_direction=&#8221;left_to_right&#8221; overlay_strength=&#8221;0.3&#8243; width=&#8221;1\/1&#8243; tablet_width_inherit=&#8221;default&#8221; tablet_text_alignment=&#8221;default&#8221; phone_text_alignment=&#8221;default&#8221; bg_image_animation=&#8221;none&#8221; border_type=&#8221;simple&#8221; column_border_width=&#8221;none&#8221; column_border_style=&#8221;solid&#8221;][vc_column_text]<a name=\"sbusms\"><\/a><div class=\"safeblood-us-map-search-form\"><form action=\"#sbusms\" method=\"post\"><div class=\"sbusms-blood-type-container\"><div class=\"sbusms-blood-type-label\"><h2>Il vostro gruppo sanguigno<\/h2><\/div><div class=\"sbusms-blood-type-options\"><div><button type=\"button\" data-blood-type=\"0-\">O-<\/button><\/div><div><button type=\"button\" data-blood-type=\"0+\">O+<\/button><\/div><div><button type=\"button\" data-blood-type=\"A-\">A-<\/button><\/div><div><button type=\"button\" data-blood-type=\"A+\">A+<\/button><\/div><div><button type=\"button\" data-blood-type=\"B-\">B-<\/button><\/div><div><button type=\"button\" data-blood-type=\"B+\">B+<\/button><\/div><div><button type=\"button\" data-blood-type=\"AB-\">AB-<\/button><\/div><div><button type=\"button\" data-blood-type=\"AB+\" class=\"bt-selected\" >AB+<\/button><\/div><script>\r\n(function($) {\r\njQuery('.sbusms-blood-type-options button').on('click', function() {\r\njQuery('.sbusms-blood-type-options [name=blood_type]').val(jQuery(this).attr('data-blood-type'));\r\njQuery('.sbusms-blood-type-options button').removeClass('bt-selected');\r\njQuery(this).addClass('bt-selected');\r\nsafebloodMapGetData();\r\n});\r\njQuery(document).on('click', '.sbusms-submit-button', function(e) {\r\nsafebloodMapGetData();return false;\r\n});\r\n})(jQuery);\r\n<\/script>\r\n<input type=\"hidden\" name=\"blood_type\" value=\"AB+\" \/><\/div><\/div><div class=\"sbusms-location-container\"><div class=\"sbusms-location-label\"><h2>La tua posizione<\/h2><\/div><div class=\"sbusms-location-wrap\"><input id=\"sbusms-user-location\" name=\"user_location\" placeholder=\"Selezionare le capacit\u00e0\" value=\"\">\r\n<input type=\"hidden\" id=\"sbusms-user-lat\" name=\"user_lat\" value=\"\" \/>\r\n<input type=\"hidden\" id=\"sbusms-user-lng\" name=\"user_lng\" value=\"\" \/>\r\n<\/div><script>\r\n(function($) {\r\nsbusms_autocomplete('sbusms-user-location', 'sbusms-user-lat', 'sbusms-user-lng');\r\n})(jQuery);\r\n<\/script>\r\n<div class=\"sbusms-submit-wrap\"><input type=\"submit\" class=\"sbusms-submit-button\" name=\"safeblood_us_map_search\" value=\"Cerca\" \/><\/div><\/div><\/form><\/div><div class=\"safeblood-us-map-search-result\"><div id=\"safeblood-map\"><\/div><div class=\"small-text\">Visualizza le corrispondenze compatibili con il vostro gruppo sanguigno. Le localit\u00e0 sono approssimative.<\/div><\/div><script>\r\nvar sbMapContainer = document.getElementById('safeblood-map');\r\nsbMapContainer.style = 'height:58vH;';\r\nvar sbMap = L.map(sbMapContainer);\r\nL.tileLayer('https:\/\/{s}.tile.osm.org\/{z}\/{x}\/{y}.png', {}).addTo(sbMap);\r\nvar sbMapCenter = L.latLng('39.833333', '-48.583333');\r\nsbMap.setView(sbMapCenter, 2)\r\nvar markers = L.layerGroup();function safebloodMapGetData() {\r\nvar postData = {\r\n'blood_type': jQuery('input[name=blood_type]').val(),\r\n'user_lat': jQuery('input[name=user_lat]').val(),\r\n'user_lng': jQuery('input[name=user_lng]').val(),\r\n};\r\njQuery.ajax({\r\ntype: 'post',\r\nurl: '\/wp-admin\/admin-ajax.php',\r\ndata: {action: 'safeblood_map_search_data', postData},\r\nsuccess: function(response) {\r\nif (postData.user_lat && postData.user_lng) {\r\nvar sbMapCenter = L.latLng(postData.user_lat, postData.user_lng);\r\nsbMap.setView(sbMapCenter, 10)\r\n} else {\r\nvar sbMapCenter = L.latLng('39.833333', '-48.583333');\r\nsbMap.setView(sbMapCenter, 2)\r\n}\r\nresponse = JSON.parse(response);\r\nif (response.errors) {\r\nresponse.errors.forEach(function (error) {\r\nconsole.log(error);\r\n});\r\n}\r\nif (response.markers) {\r\nmarkers.clearLayers();\r\nresponse.markers.forEach(function (item) {\r\nvar marker = L.marker([item.lat, item.lng]);\r\nmarker.bindPopup(item.popup);\r\nmarker.addTo(markers);\r\n});\r\nsbMap.addLayer(markers);\r\n}\r\n}\r\n});\r\n}\r\nsafebloodMapGetData();\r\n<\/script>\r\n[\/vc_column_text][\/vc_column][\/vc_row]\n","protected":false},"excerpt":{"rendered":"<p>[vc_row type=&#8221;in_container&#8221; full_screen_row_position=&#8221;middle&#8221; column_margin=&#8221;default&#8221; column_direction=&#8221;default&#8221; column_direction_tablet=&#8221;default&#8221; column_direction_phone=&#8221;default&#8221; scene_position=&#8221;center&#8221; text_color=&#8221;dark&#8221; text_align=&#8221;left&#8221; row_border_radius=&#8221;none&#8221; row_border_radius_applies=&#8221;bg&#8221; overlay_strength=&#8221;0.3&#8243; gradient_direction=&#8221;left_to_right&#8221; shape_divider_position=&#8221;bottom&#8221; bg_image_animation=&#8221;none&#8221;][vc_column column_padding=&#8221;no-extra-padding&#8221; column_padding_tablet=&#8221;inherit&#8221; column_padding_phone=&#8221;inherit&#8221; column_padding_position=&#8221;all&#8221; top_margin=&#8221;-20&#8243; top_margin_tablet=&#8221;-20&#8243; top_margin_phone=&#8221;-20&#8243; column_element_spacing=&#8221;default&#8221; background_color_opacity=&#8221;1&#8243; background_hover_color_opacity=&#8221;1&#8243; column_shadow=&#8221;none&#8221; column_border_radius=&#8221;none&#8221; column_link_target=&#8221;_self&#8221; gradient_direction=&#8221;left_to_right&#8221;&#8230;<\/p>\n","protected":false},"author":2,"featured_media":0,"parent":0,"menu_order":0,"comment_status":"closed","ping_status":"closed","template":"","meta":[],"_links":{"self":[{"href":"https:\/\/safeblood.rs\/it\/wp-json\/wp\/v2\/pages\/75484"}],"collection":[{"href":"https:\/\/safeblood.rs\/it\/wp-json\/wp\/v2\/pages"}],"about":[{"href":"https:\/\/safeblood.rs\/it\/wp-json\/wp\/v2\/types\/page"}],"author":[{"embeddable":true,"href":"https:\/\/safeblood.rs\/it\/wp-json\/wp\/v2\/users\/2"}],"replies":[{"embeddable":true,"href":"https:\/\/safeblood.rs\/it\/wp-json\/wp\/v2\/comments?post=75484"}],"version-history":[{"count":6,"href":"https:\/\/safeblood.rs\/it\/wp-json\/wp\/v2\/pages\/75484\/revisions"}],"predecessor-version":[{"id":76040,"href":"https:\/\/safeblood.rs\/it\/wp-json\/wp\/v2\/pages\/75484\/revisions\/76040"}],"wp:attachment":[{"href":"https:\/\/safeblood.rs\/it\/wp-json\/wp\/v2\/media?parent=75484"}],"curies":[{"name":"wp","href":"https:\/\/api.w.org\/{rel}","templated":true}]}}