{"id":74455,"date":"2024-03-05T18:39:44","date_gmt":"2024-03-05T17:39:44","guid":{"rendered":"https:\/\/safeblood.rs\/?page_id=74455"},"modified":"2024-03-06T22:22:42","modified_gmt":"2024-03-06T21:22:42","slug":"profile","status":"publish","type":"page","link":"https:\/\/safeblood.rs\/fr\/profile\/","title":{"rendered":"Profil : voir et modifier"},"content":{"rendered":"[vc_row type=\u00a0\u00bbin_container\u00a0\u00bb full_screen_row_position=\u00a0\u00bbmiddle\u00a0\u00bb column_margin=\u00a0\u00bbdefault\u00a0\u00bb column_direction=\u00a0\u00bbdefault\u00a0\u00bb column_direction_tablet=\u00a0\u00bbdefault\u00a0\u00bb column_direction_phone=\u00a0\u00bbdefault\u00a0\u00bb scene_position=\u00a0\u00bbcenter\u00a0\u00bb text_color=\u00a0\u00bbdark\u00a0\u00bb text_align=\u00a0\u00bbleft\u00a0\u00bb row_border_radius=\u00a0\u00bbnone\u00a0\u00bb row_border_radius_applies=\u00a0\u00bbbg\u00a0\u00bb overlay_strength=\u00a0\u00bb0.3&Prime; gradient_direction=\u00a0\u00bbleft_to_right\u00a0\u00bb shape_divider_position=\u00a0\u00bbbottom\u00a0\u00bb bg_image_animation=\u00a0\u00bbnone\u00a0\u00bb][vc_column column_padding=\u00a0\u00bbno-extra-padding\u00a0\u00bb column_padding_tablet=\u00a0\u00bbinherit\u00a0\u00bb column_padding_phone=\u00a0\u00bbinherit\u00a0\u00bb column_padding_position=\u00a0\u00bball\u00a0\u00bb column_element_spacing=\u00a0\u00bbdefault\u00a0\u00bb background_color_opacity=\u00a0\u00bb1&Prime; background_hover_color_opacity=\u00a0\u00bb1&Prime; column_shadow=\u00a0\u00bbnone\u00a0\u00bb column_border_radius=\u00a0\u00bbnone\u00a0\u00bb column_link_target=\u00a0\u00bb_self\u00a0\u00bb gradient_direction=\u00a0\u00bbleft_to_right\u00a0\u00bb overlay_strength=\u00a0\u00bb0.3&Prime; width=\u00a0\u00bb1\/1&Prime; tablet_width_inherit=\u00a0\u00bbdefault\u00a0\u00bb tablet_text_alignment=\u00a0\u00bbdefault\u00a0\u00bb phone_text_alignment=\u00a0\u00bbdefault\u00a0\u00bb bg_image_animation=\u00a0\u00bbnone\u00a0\u00bb border_type=\u00a0\u00bbsimple\u00a0\u00bb column_border_width=\u00a0\u00bbnone\u00a0\u00bb column_border_style=\u00a0\u00bbsolid\u00a0\u00bb][vc_column_text]<div class='wpfep-login-alert'>This page is restricted. Please <a href=\"https:\/\/safeblood.rs\/login\/\">Connexion<\/a> to view this page.<\/div>[\/vc_column_text][\/vc_column][\/vc_row][vc_row type=\u00a0\u00bbin_container\u00a0\u00bb full_screen_row_position=\u00a0\u00bbmiddle\u00a0\u00bb column_margin=\u00a0\u00bbdefault\u00a0\u00bb column_direction=\u00a0\u00bbdefault\u00a0\u00bb column_direction_tablet=\u00a0\u00bbdefault\u00a0\u00bb column_direction_phone=\u00a0\u00bbdefault\u00a0\u00bb scene_position=\u00a0\u00bbcenter\u00a0\u00bb text_color=\u00a0\u00bbdark\u00a0\u00bb text_align=\u00a0\u00bbleft\u00a0\u00bb row_border_radius=\u00a0\u00bbnone\u00a0\u00bb row_border_radius_applies=\u00a0\u00bbbg\u00a0\u00bb overlay_strength=\u00a0\u00bb0.3&Prime; gradient_direction=\u00a0\u00bbleft_to_right\u00a0\u00bb shape_divider_position=\u00a0\u00bbbottom\u00a0\u00bb bg_image_animation=\u00a0\u00bbnone\u00a0\u00bb][vc_column column_padding=\u00a0\u00bbno-extra-padding\u00a0\u00bb column_padding_tablet=\u00a0\u00bbinherit\u00a0\u00bb column_padding_phone=\u00a0\u00bbinherit\u00a0\u00bb column_padding_position=\u00a0\u00bball\u00a0\u00bb column_element_spacing=\u00a0\u00bbdefault\u00a0\u00bb background_color_opacity=\u00a0\u00bb1&Prime; background_hover_color_opacity=\u00a0\u00bb1&Prime; column_shadow=\u00a0\u00bbnone\u00a0\u00bb column_border_radius=\u00a0\u00bbnone\u00a0\u00bb column_link_target=\u00a0\u00bb_self\u00a0\u00bb gradient_direction=\u00a0\u00bbleft_to_right\u00a0\u00bb overlay_strength=\u00a0\u00bb0.3&Prime; width=\u00a0\u00bb1\/6&Prime; tablet_width_inherit=\u00a0\u00bbdefault\u00a0\u00bb tablet_text_alignment=\u00a0\u00bbdefault\u00a0\u00bb phone_text_alignment=\u00a0\u00bbdefault\u00a0\u00bb bg_image_animation=\u00a0\u00bbnone\u00a0\u00bb border_type=\u00a0\u00bbsimple\u00a0\u00bb column_border_width=\u00a0\u00bbnone\u00a0\u00bb column_border_style=\u00a0\u00bbsolid\u00a0\u00bb][\/vc_column][vc_column column_padding=\u00a0\u00bbno-extra-padding\u00a0\u00bb column_padding_tablet=\u00a0\u00bbinherit\u00a0\u00bb column_padding_phone=\u00a0\u00bbinherit\u00a0\u00bb column_padding_position=\u00a0\u00bball\u00a0\u00bb column_element_spacing=\u00a0\u00bbdefault\u00a0\u00bb background_color_opacity=\u00a0\u00bb1&Prime; background_hover_color_opacity=\u00a0\u00bb1&Prime; column_shadow=\u00a0\u00bbnone\u00a0\u00bb column_border_radius=\u00a0\u00bbnone\u00a0\u00bb column_link_target=\u00a0\u00bb_self\u00a0\u00bb gradient_direction=\u00a0\u00bbleft_to_right\u00a0\u00bb overlay_strength=\u00a0\u00bb0.3&Prime; width=\u00a0\u00bb2\/3&Prime; tablet_width_inherit=\u00a0\u00bbdefault\u00a0\u00bb tablet_text_alignment=\u00a0\u00bbdefault\u00a0\u00bb phone_text_alignment=\u00a0\u00bbdefault\u00a0\u00bb bg_image_animation=\u00a0\u00bbnone\u00a0\u00bb border_type=\u00a0\u00bbsimple\u00a0\u00bb column_border_width=\u00a0\u00bbnone\u00a0\u00bb column_border_style=\u00a0\u00bbsolid\u00a0\u00bb][vc_column_text]\t<div class=\"asp_product_item\">\n\t\t<div class=\"asp_product_item_top\">\n\t\t<div class=\"asp_product_item_thumbnail\">\n\t\t\t\n\t\t<\/div>\n\t\t<div class=\"asp_product_name\">\n\t\t\tFrais d'adh\u00e9sion \u00e0 Safeblood\n\t\t<\/div>\n\t\t<\/div>\n\t\t<div style=\"clear:both;\"><\/div>\n\t\t<div class=\"asp_product_description\">\n\t\t<p>Le prix d'une adh\u00e9sion \u00e0 SafeBlood est de 50 euros\/francs suisses par an et par membre adulte, factur\u00e9 par ann\u00e9e civile. Les enfants et les jeunes jusqu'\u00e0 18 ans ou encore en formation sont exempt\u00e9s.<\/p>\n<p>Ce montant est valable depuis 2025. Si vous \u00eates devenu membre avant 2025, les 50 euros\/francs suisses n'\u00e9taient qu'une recommandation. Vous pouviez d\u00e9terminer vous-m\u00eame le montant que vous souhaitiez nous verser chaque ann\u00e9e \u00e0 titre de cotisation. De nombreux membres trouvaient cela trop compliqu\u00e9 et souhaitaient un montant annuel fixe. C'est d\u00e9sormais le cas depuis 2025. Si vous \u00eates devenu membre avant cette date, les conditions en vigueur au moment de votre adh\u00e9sion \u00e0 SafeBlood s'appliquent toujours, ce qui signifie dans votre cas que vous pouvez continuer \u00e0 d\u00e9terminer vous-m\u00eame le montant de votre cotisation. Si vous pouvez vous permettre de payer la cotisation mentionn\u00e9e ci-dessus, nous en sommes bien s\u00fbr ravis.<\/p>\n<p>Si vous souhaitez devenir membre mais que vous n'en avez pas les moyens, envoyez-nous <a href=\"mailto:info@safeblood.net\" target=\"_blank\" rel=\"noopener\">un e-mail<\/a> et demandez une adh\u00e9sion gratuite ou une cotisation r\u00e9duite. Nous sommes conscients qu'il existe des cas o\u00f9 cela est n\u00e9cessaire.<\/p>\n<p class=\"western\">Vous pouvez effectuer un virement sur notre compte \u00e0 Post Finance, payer avec Paypal, Bitcoin ou Unvaxcoin, ainsi que payer avec une carte de cr\u00e9dit en utilisant le bouton ci-dessous.<\/p>\n<p class=\"western\">Bien entendu, nous appr\u00e9cions que vous effectuiez votre virement directement sur le compte de Post Finance, car cela nous permet d'avoir le moins de frais possible ; la plus grande partie de votre contribution remplit ainsi son objectif r\u00e9el.<\/p>\n<hr \/>\n<p><span style=\"color: #ff0000;\"><strong>CARTE DE CR\u00c9DIT :<br \/>\n<\/strong><\/span><span style=\"font-family: Times New Roman, serif;\"><span style=\"color: #000000;\"><span style=\"font-family: Roboto, serif;\"><span style=\"font-size: large;\">Pour les virements par carte de cr\u00e9dit, faites d\u00e9filer l'\u00e9cran jusqu'en bas et appuyez sur le bouton rouge <\/span><\/span><\/span><\/span><span style=\"font-family: 'Times New Roman', serif; color: #ff0000;\"><span style=\"font-family: Roboto, serif;\"><span style=\"font-size: large;\">Paiement par carte de cr\u00e9dit.<\/span><\/span><\/span><\/p>\n<hr \/>\n<p><span style=\"color: #ff0000;\"><strong>VIREMENT BANQUAIRE \/ CHF <\/strong>:<br \/>\n<\/span><span style=\"font-family: Times New Roman, serif;\"><span style=\"color: #000000;\"><span style=\"font-family: Roboto, serif;\"><span style=\"font-size: large;\">Notre compte aupr\u00e8s de Post Finance pour les virements en CHF est le suivant<\/span><\/span><\/span><\/span><\/p>\n<p><strong>CH96 0900 0000 1586 7596 5<\/strong><br \/>\nSafeBlood, Ankenweid 29, 8041 Zurich<\/p>\n<p><span style=\"font-family: Times New Roman, serif;\"><span style=\"color: #000000;\"><span style=\"font-family: Roboto, serif;\"><span style=\"font-size: large;\">Pour les paiements en provenance de l'\u00e9tranger, vous avez \u00e9galement besoin des \u00e9l\u00e9ments suivants<br \/>\n<\/span><\/span><\/span><\/span>BIC (Code-SWIFT):\u00a0 \u00a0POFICHBEXXX<br \/>\nNom de la banque : PostFinance AG, Mingerstrasse 20, CH-3030 Berne, Suisse<\/p>\n<p><a href=\"https:\/\/safeblood.rs\/wp-content\/uploads\/2024\/02\/QR-code-postfinance.jpg\"><img class=\"alignleft size-thumbnail wp-image-73974\" src=\"https:\/\/safeblood.rs\/wp-content\/uploads\/2024\/02\/QR-code-postfinance-150x150.jpg\" alt=\"\" width=\"150\" height=\"150\" \/><\/a><\/p>\n<p><span style=\"font-family: Times New Roman, serif;\"><span style=\"color: #000000;\"><span style=\"font-family: Roboto, serif;\"><span style=\"font-size: large;\">Pour les versements sur le compte postal, veuillez indiquer l'objet de votre paiement : Cotisation 2026<\/span><\/span><\/span><\/span><\/p>\n<hr \/>\n<p><span style=\"color: #ff0000;\"><strong>VIREMENT BANQUAIRE \/ EURO (\u20ac) <\/strong>:<br \/>\n<\/span><span style=\"font-family: Times New Roman, serif;\"><span style=\"color: #000000;\"><span style=\"font-family: Roboto, serif;\"><span style=\"font-size: large;\">Notre compte aupr\u00e8s de Post Finance pour les virements en EURO est le suivant<\/span><\/span><\/span><\/span><\/p>\n<p><strong>CH54 0900 0000 1686 2698 1<\/strong><br \/>\nSafeBlood, Ankenweid 29, 8041 Zurich<\/p>\n<p><span style=\"font-family: Times New Roman, serif;\"><span style=\"color: #000000;\"><span style=\"font-family: Roboto, serif;\"><span style=\"font-size: large;\">Pour les paiements en provenance de l'\u00e9tranger, vous avez \u00e9galement besoin des \u00e9l\u00e9ments suivants<br \/>\n<\/span><\/span><\/span><\/span>BIC (Code-SWIFT):\u00a0 \u00a0POFICHBEXXX<br \/>\nNom de la banque : PostFinance AG, Mingerstrasse 20, CH-3030 Berne, Suisse<\/p>\n<p><a href=\"https:\/\/safeblood.rs\/wp-content\/uploads\/2026\/04\/QR-code-postfinance-eurokonto.jpg\"><img class=\"wp-image-82075 size-thumbnail alignleft\" src=\"https:\/\/safeblood.rs\/wp-content\/uploads\/2026\/04\/QR-code-postfinance-eurokonto-150x150.jpg\" alt=\"\" width=\"150\" height=\"150\" \/><\/a><\/p>\n<p><span style=\"font-family: Times New Roman, serif;\"><span style=\"color: #000000;\"><span style=\"font-family: Roboto, serif;\"><span style=\"font-size: large;\">Pour les versements sur le compte postal, veuillez indiquer l'objet de votre paiement : Cotisation 2026<\/span><\/span><\/span><\/span><\/p>\n<hr \/>\n<p class=\"p1\"><span style=\"color: #ff0000;\"><strong>PAYPAL :<br \/>\n<\/strong><\/span><span style=\"font-family: Times New Roman, serif;\"><span style=\"color: #000000;\"><span style=\"font-family: Roboto, serif;\"><span style=\"font-size: large;\">Pour effectuer un virement avec PayPal, cliquez sur le bouton \" Faire un don \" ou scannez le code QR avec l'application Paypal :<\/span><\/span><\/span><\/span><\/p>\n<p>EURO: <\/p>\n<div >\n<form target='_blank' action='https:\/\/www.paypal.com\/cgi-bin\/webscr' method='post'><input type='hidden' name='cmd' value='_donations' \/><input type='hidden' name='business' value='george@safeblood.net' \/><input type='hidden' name='item_name' value='d\u00e9penser' \/><input type='hidden' name='item_number' value='' \/><input type='hidden' name='currency_code' value='EUR' \/><input type='hidden' name='amount' id='amount_649d3ffb42bfea0a695a909e0d1352a6' value='' \/><input type='hidden' name='no_note' value='0'><input type='hidden' name='no_shipping' value='1'><input type='hidden' name='notify_url' value='https:\/\/safeblood.rs\/wp-admin\/admin-post.php?action=add_wpedon_button_ipn'><input type='hidden' name='lc' value='fr_CA'><input type='hidden' name='bn' value='WPPlugin_SP'><input type='hidden' name='return' value='' \/><input type='hidden' name='cancel_return' value='' \/><input class='wpedon_paypalbuttonimage' type='image' src='https:\/\/www.paypal.com\/fr_CA\/i\/btn\/btn_donate_LG.gif' border='0' name='submit' alt='Make your payments with PayPal. It is free, secure, effective.' style='border: none;'><img alt='' border='0' style='border:none;display:none;' src='https:\/\/www.paypal.com\/fr_CA\/i\/scr\/pixel.gif' width='1' height='1'><\/form>\n<\/div>\n<p> CHF: <\/p>\n<div >\n<form target='_blank' action='https:\/\/www.paypal.com\/cgi-bin\/webscr' method='post'><input type='hidden' name='cmd' value='_donations' \/><input type='hidden' name='business' value='george@safeblood.net' \/><input type='hidden' name='item_name' value='d\u00e9penser CHF' \/><input type='hidden' name='item_number' value='' \/><input type='hidden' name='currency_code' value='CHF' \/><input type='hidden' name='amount' id='amount_d6b80f6e24c164a8e65d209c6faafc57' value='' \/><input type='hidden' name='no_note' value='0'><input type='hidden' name='no_shipping' value='1'><input type='hidden' name='notify_url' value='https:\/\/safeblood.rs\/wp-admin\/admin-post.php?action=add_wpedon_button_ipn'><input type='hidden' name='lc' value='fr_CA'><input type='hidden' name='bn' value='WPPlugin_SP'><input type='hidden' name='return' value='' \/><input type='hidden' name='cancel_return' value='' \/><input class='wpedon_paypalbuttonimage' type='image' src='https:\/\/www.paypal.com\/fr_CA\/i\/btn\/btn_donate_LG.gif' border='0' name='submit' alt='Make your payments with PayPal. It is free, secure, effective.' style='border: none;'><img alt='' border='0' style='border:none;display:none;' src='https:\/\/www.paypal.com\/fr_CA\/i\/scr\/pixel.gif' width='1' height='1'><\/form>\n<\/div>\n<p><a href=\"https:\/\/safeblood.rs\/wp-content\/uploads\/2025\/07\/qrcode.png\"><img class=\"alignleft wp-image-80100\" src=\"https:\/\/safeblood.rs\/wp-content\/uploads\/2025\/07\/qrcode-150x150.png\" alt=\"\" width=\"195\" height=\"195\" \/><\/a><\/p>\n<hr \/>\n<p><span style=\"color: #ff0000;\"><strong>BITCOIN :<br \/>\n<\/strong><\/span><span style=\"font-family: Times New Roman, serif;\"><span style=\"color: #000000;\"><span style=\"font-family: Roboto, serif;\"><span style=\"font-size: large;\">Notre adresse pour les transferts en bitcoins est la suivante<\/span><\/span><\/span><\/span><\/p>\n<p><img class=\"alignleft wp-image-69880\" src=\"https:\/\/safeblood.rs\/wp-content\/uploads\/2023\/04\/download.png\" alt=\"\" width=\"207\" height=\"207\" \/><\/p>\n<p><strong>bc1q786u8x2mhu03utewejpq45tnjrqck3shvpn7le<\/strong><\/p>\n<p><span style=\"font-family: Times New Roman, serif;\"><span style=\"color: #000000;\"><span style=\"font-family: Roboto, serif;\"><span style=\"font-size: large;\">Pour les paiements en Bitcoin, veuillez nous envoyer <\/span><\/span><\/span><\/span><a href=\"mailto:george@safeblood.net\" target=\"_blank\" rel=\"noopener\">un email ici<\/a> <span style=\"font-family: Times New Roman, serif;\"><span style=\"color: #000000;\"><span style=\"font-family: Roboto, serif;\"><span style=\"font-size: large;\">avec le montant, la date, votre nom et la raison du paiement.\u00a0<\/span><\/span><\/span><\/span><\/p>\n<hr \/>\n<p><span style=\"color: #ff0000;\"><strong>UNVAXCOIN :<br \/>\n<\/strong><\/span><span style=\"font-family: Times New Roman, serif;\"><span style=\"color: #000000;\"><span style=\"font-family: Roboto, serif;\"><span style=\"font-size: large;\">Notre adresse pour les transferts UNVAXCOIN est la suivante :<\/span><\/span><\/span><\/span><\/p>\n<p><a href=\"https:\/\/safeblood.rs\/wp-content\/uploads\/2023\/07\/sbqr1.png\"><img class=\"alignleft wp-image-71118\" src=\"https:\/\/safeblood.rs\/wp-content\/uploads\/2023\/07\/sbqr1-150x150.png\" alt=\"\" width=\"208\" height=\"207\" \/><\/a><\/p>\n<p class=\"p1\"><b>rM43qVSpPGsyJjzonFmWWAuDPSz3s2tKUx<br \/>\n<\/b><br \/>\n<span style=\"font-family: Times New Roman, serif;\"><span style=\"color: #000000;\"><span style=\"font-family: Roboto, serif;\"><span style=\"font-size: large;\">Pour les paiements en Unvaxcoin, veuillez nous envoyer <\/span><\/span><\/span><\/span><a href=\"mailto:george@safeblood.net\" target=\"_blank\" rel=\"noopener\">un email ici<\/a> <span style=\"font-family: Times New Roman, serif;\"><span style=\"color: #000000;\"><span style=\"font-family: Roboto, serif;\"><span style=\"font-size: large;\">avec le montant, la date, votre nom et la raison du paiement.\u00a0<\/span><\/span><\/span><\/span><\/p>\n<hr \/>\n<p><span style=\"color: #ff0000;\"><strong>CARTE DE CR\u00c9DIT :<br \/>\n<\/strong><\/span>Alternativement, comme mentionn\u00e9, vous pouvez bien s\u00fbr payer par carte de cr\u00e9dit dans n'importe quelle devise en utilisant le bouton <strong>ci-dessous<\/strong>.<\/p>\n\n\t\t<\/div>\n\t\t<div class=\"asp_price_container\">\n\t\t<span class=\"asp_price_amount\"><\/span> <span class=\"asp_new_price_amount\"><\/span> <span class=\"asp_quantity\"><\/span>\n\t\t<div class=\"asp_under_price_line\"><\/div>\n\t\t<\/div>\n\t\t<div class=\"asp_product_buy_button\">\n\t\t<div class=\"asp-processing-cont\" style=\"display:none;\"><span class=\"asp-processing\">Processing <i>.<\/i><i>.<\/i><i>.<\/i><\/span><\/div><form id = 'asp_ng_form_069e1e0d8619a7' class='asp-stripe-form' action = '' METHOD = 'POST'> <input type='hidden' name='asp_product_id' value='74452' \/><div class=\"asp-child-hidden-fields\" style=\"display: none !important;\"><\/div><\/form><div id=\"asp-all-buttons-container-069e1e0d8619a7\" class=\"asp_all_buttons_container\"><div class=\"asp_product_buy_btn_container\"><button id=\"asp_ng_button_069e1e0d8619a7\" type=\"submit\" class=\"credit-card-donation-button\"><span>payer maintenant<\/span><\/button><\/div><noscript>Stripe Payments n\u00e9cessite que Javascript soit pris en charge par le navigateur pour fonctionner.<\/noscript><\/div><div id=\"asp-btn-spinner-container-069e1e0d8619a7\" class=\"asp-btn-spinner-container\" style=\"display: none !important\"><div class=\"asp-btn-spinner\"><div><\/div><div><\/div><div><\/div><div><\/div><\/div><\/div><script>var asp_data_069e1e0d8619a7 = {\"is_live\":true,\"product_id\":\"74452\",\"iframe_url\":\"https:\\\/\\\/safeblood.rs\\\/fr\\\/asp-payment-box\\\/?product_id=74452\",\"button_key\":\"904d99111839c9b9a6fa20b1bf9e8fea\",\"item_price\":0,\"quantity\":1,\"custom_quantity\":\"\",\"description\":\"\",\"descrGenerated\":false,\"shipping\":0,\"tax\":0,\"image\":\"\",\"currency\":\"CHF\",\"currency_variable\":\"1\",\"locale\":\"auto\",\"name\":\"Frais d'adh\\u00e9sion \\u00e0 Safeblood\",\"url\":\"\",\"amount\":0,\"billingAddress\":false,\"shippingAddress\":false,\"customer_email\":\"\",\"uniq_id\":\"069e1e0d8619a7\",\"variable\":true,\"zeroCents\":[\"JPY\",\"MGA\",\"VND\",\"KRW\"],\"addonHooks\":[\"recaptcha\"],\"button_text\":\"payer maintenant\",\"out_of_stock\":false,\"stock_control_enabled\":false,\"stock_items\":0,\"currencyFormat\":{\"c\":2,\"d\":\".\",\"t\":\",\",\"s\":\"CHF\",\"pos\":\"left\"},\"displayStr\":{\"tax\":\"%s (tva)\",\"ship\":\"%s (livraison)\"},\"thankyou_page_url\":\"\",\"show_custom_amount_input\":false,\"recaptchaSiteKey\":\"6LfNlfEgAAAAAJCVtvZhjFEaSnxftRmKtPbnUBRs\",\"recaptchaInvisible\":0};if(typeof jQuery!==\"undefined\") {jQuery(document).ready(function() {new stripeHandlerNG(asp_data_069e1e0d8619a7);});} else { if (typeof wpaspInitOnDocReady===\"undefined\") {var wpaspInitOnDocReady=[];} wpaspInitOnDocReady.push(asp_data_069e1e0d8619a7);}<\/script>\n\t\t<\/div>\n\t<\/div>\n\t[\/vc_column_text][\/vc_column][vc_column column_padding=\u00a0\u00bbno-extra-padding\u00a0\u00bb column_padding_tablet=\u00a0\u00bbinherit\u00a0\u00bb column_padding_phone=\u00a0\u00bbinherit\u00a0\u00bb column_padding_position=\u00a0\u00bball\u00a0\u00bb column_element_spacing=\u00a0\u00bbdefault\u00a0\u00bb background_color_opacity=\u00a0\u00bb1&Prime; background_hover_color_opacity=\u00a0\u00bb1&Prime; column_shadow=\u00a0\u00bbnone\u00a0\u00bb column_border_radius=\u00a0\u00bbnone\u00a0\u00bb column_link_target=\u00a0\u00bb_self\u00a0\u00bb gradient_direction=\u00a0\u00bbleft_to_right\u00a0\u00bb overlay_strength=\u00a0\u00bb0.3&Prime; width=\u00a0\u00bb1\/6&Prime; tablet_width_inherit=\u00a0\u00bbdefault\u00a0\u00bb tablet_text_alignment=\u00a0\u00bbdefault\u00a0\u00bb phone_text_alignment=\u00a0\u00bbdefault\u00a0\u00bb bg_image_animation=\u00a0\u00bbnone\u00a0\u00bb border_type=\u00a0\u00bbsimple\u00a0\u00bb column_border_width=\u00a0\u00bbnone\u00a0\u00bb column_border_style=\u00a0\u00bbsolid\u00a0\u00bb][\/vc_column][\/vc_row]\n","protected":false},"excerpt":{"rendered":"<p>Frais d&rsquo;adh\u00e9sion \u00e0 Safeblood Le prix d&rsquo;une adh\u00e9sion \u00e0 SafeBlood est de 50 euros\/francs suisses par an et par membre adulte, factur\u00e9 par ann\u00e9e civile. Les enfants et les jeunes&#8230;<\/p>\n","protected":false},"author":2,"featured_media":0,"parent":0,"menu_order":0,"comment_status":"closed","ping_status":"closed","template":"","meta":[],"_links":{"self":[{"href":"https:\/\/safeblood.rs\/fr\/wp-json\/wp\/v2\/pages\/74455"}],"collection":[{"href":"https:\/\/safeblood.rs\/fr\/wp-json\/wp\/v2\/pages"}],"about":[{"href":"https:\/\/safeblood.rs\/fr\/wp-json\/wp\/v2\/types\/page"}],"author":[{"embeddable":true,"href":"https:\/\/safeblood.rs\/fr\/wp-json\/wp\/v2\/users\/2"}],"replies":[{"embeddable":true,"href":"https:\/\/safeblood.rs\/fr\/wp-json\/wp\/v2\/comments?post=74455"}],"version-history":[{"count":3,"href":"https:\/\/safeblood.rs\/fr\/wp-json\/wp\/v2\/pages\/74455\/revisions"}],"predecessor-version":[{"id":74459,"href":"https:\/\/safeblood.rs\/fr\/wp-json\/wp\/v2\/pages\/74455\/revisions\/74459"}],"wp:attachment":[{"href":"https:\/\/safeblood.rs\/fr\/wp-json\/wp\/v2\/media?parent=74455"}],"curies":[{"name":"wp","href":"https:\/\/api.w.org\/{rel}","templated":true}]}}