{"id":74302,"date":"2024-03-04T17:24:32","date_gmt":"2024-03-04T16:24:32","guid":{"rendered":"https:\/\/safeblood.rs\/?page_id=74302"},"modified":"2024-03-11T17:30:13","modified_gmt":"2024-03-11T16:30:13","slug":"exemple-dinfo-durgence","status":"publish","type":"page","link":"https:\/\/safeblood.rs\/fr\/exemple-dinfo-durgence\/","title":{"rendered":"Exemple d&rsquo;info d&rsquo;urgence"},"content":{"rendered":"[vc_row type=\u00a0\u00bbin_container\u00a0\u00bb full_screen_row_position=\u00a0\u00bbmiddle\u00a0\u00bb column_margin=\u00a0\u00bbdefault\u00a0\u00bb column_direction=\u00a0\u00bbdefault\u00a0\u00bb column_direction_tablet=\u00a0\u00bbdefault\u00a0\u00bb column_direction_phone=\u00a0\u00bbdefault\u00a0\u00bb scene_position=\u00a0\u00bbcenter\u00a0\u00bb text_color=\u00a0\u00bbdark\u00a0\u00bb text_align=\u00a0\u00bbleft\u00a0\u00bb row_border_radius=\u00a0\u00bbnone\u00a0\u00bb row_border_radius_applies=\u00a0\u00bbbg\u00a0\u00bb overlay_strength=\u00a0\u00bb0.3&Prime; gradient_direction=\u00a0\u00bbleft_to_right\u00a0\u00bb shape_divider_position=\u00a0\u00bbbottom\u00a0\u00bb bg_image_animation=\u00a0\u00bbnone\u00a0\u00bb][vc_column column_padding=\u00a0\u00bbno-extra-padding\u00a0\u00bb column_padding_tablet=\u00a0\u00bbinherit\u00a0\u00bb column_padding_phone=\u00a0\u00bbinherit\u00a0\u00bb column_padding_position=\u00a0\u00bball\u00a0\u00bb column_element_spacing=\u00a0\u00bbdefault\u00a0\u00bb background_color_opacity=\u00a0\u00bb1&Prime; background_hover_color_opacity=\u00a0\u00bb1&Prime; column_shadow=\u00a0\u00bbnone\u00a0\u00bb column_border_radius=\u00a0\u00bbnone\u00a0\u00bb column_link_target=\u00a0\u00bb_self\u00a0\u00bb gradient_direction=\u00a0\u00bbleft_to_right\u00a0\u00bb overlay_strength=\u00a0\u00bb0.3&Prime; width=\u00a0\u00bb1\/1&Prime; tablet_width_inherit=\u00a0\u00bbdefault\u00a0\u00bb tablet_text_alignment=\u00a0\u00bbdefault\u00a0\u00bb phone_text_alignment=\u00a0\u00bbdefault\u00a0\u00bb bg_image_animation=\u00a0\u00bbnone\u00a0\u00bb border_type=\u00a0\u00bbsimple\u00a0\u00bb column_border_width=\u00a0\u00bbnone\u00a0\u00bb column_border_style=\u00a0\u00bbsolid\u00a0\u00bb][vc_column_text]Il s&rsquo;agit d&rsquo;un <strong>\u00e9chantillon des informations d&rsquo;urgence<\/strong> (image de gauche) que le personnel m\u00e9dical d&rsquo;urgence verra lorsqu&rsquo;il scannera le code QR sur votre carte d&rsquo;identit\u00e9 de membre ou acc\u00e8dera au lien associ\u00e9. Le personnel m\u00e9dical verra toutes les informations m\u00e9dicales pertinentes et votre testament de vie. (Vous pouvez voir l&rsquo;int\u00e9gralit\u00e9 du testament de vie sous \u00ab\u00a0<a href=\"https:\/\/safeblood.net\/fr\/exemple-de-testament-de-vie\/\" target=\"_blank\" rel=\"noopener\">Exemple de testament de vie<\/a>\u00ab\u00a0).<\/p>\n<p>Un avantage important est que le personnel soignant peut traduire ces informations d&rsquo;urgence directement sur le site web dans toutes les langues courantes du monde en quelques secondes (image de droite). Vous \u00eates ainsi assur\u00e9 d&rsquo;\u00eatre trait\u00e9 de mani\u00e8re ad\u00e9quate dans le monde entier.<\/p>\n<p>Si vous souhaitez obtenir vos propres informations d&rsquo;urgence, rendez-vous sur la page \u00ab\u00a0<a href=\"https:\/\/safeblood.net\/fr\/login-se-connecter\/\" target=\"_blank\" rel=\"noopener\">connexion<\/a>\u00a0\u00bb en tant que membre ici, o\u00f9 vous pourrez modifier le mod\u00e8le \u00e0 votre guise. Vous pouvez \u00e9galement devenir membre \u00ab\u00a0<a href=\"https:\/\/safeblood.net\/fr\/devenir-membre\/\" target=\"_blank\" rel=\"noopener\">ici<\/a>\u00ab\u00a0. Vous disposerez alors non seulement de votre propre testament de vie et de votre carte de membre\/carte d&rsquo;identit\u00e9 du groupe sanguin, mais aussi d&rsquo;un code d&rsquo;urgence individuel.<\/p>\n<p><a href=\"https:\/\/safeblood.rs\/wp-content\/uploads\/2024\/03\/emergency-info-pic-francais.jpg\"><img loading=\"lazy\" class=\"alignleft size-full wp-image-74679\" src=\"https:\/\/safeblood.rs\/wp-content\/uploads\/2024\/03\/emergency-info-pic-francais.jpg\" alt=\"\" width=\"2477\" height=\"1887\" srcset=\"https:\/\/safeblood.rs\/wp-content\/uploads\/2024\/03\/emergency-info-pic-francais.jpg 2477w, https:\/\/safeblood.rs\/wp-content\/uploads\/2024\/03\/emergency-info-pic-francais-300x229.jpg 300w, https:\/\/safeblood.rs\/wp-content\/uploads\/2024\/03\/emergency-info-pic-francais-1024x780.jpg 1024w, https:\/\/safeblood.rs\/wp-content\/uploads\/2024\/03\/emergency-info-pic-francais-768x585.jpg 768w, https:\/\/safeblood.rs\/wp-content\/uploads\/2024\/03\/emergency-info-pic-francais-1536x1170.jpg 1536w, https:\/\/safeblood.rs\/wp-content\/uploads\/2024\/03\/emergency-info-pic-francais-2048x1560.jpg 2048w\" sizes=\"(max-width: 2477px) 100vw, 2477px\" \/><\/a>[\/vc_column_text][\/vc_column][\/vc_row]\n","protected":false},"excerpt":{"rendered":"<p>[vc_row type=\u00a0\u00bbin_container\u00a0\u00bb full_screen_row_position=\u00a0\u00bbmiddle\u00a0\u00bb column_margin=\u00a0\u00bbdefault\u00a0\u00bb column_direction=\u00a0\u00bbdefault\u00a0\u00bb column_direction_tablet=\u00a0\u00bbdefault\u00a0\u00bb column_direction_phone=\u00a0\u00bbdefault\u00a0\u00bb scene_position=\u00a0\u00bbcenter\u00a0\u00bb text_color=\u00a0\u00bbdark\u00a0\u00bb text_align=\u00a0\u00bbleft\u00a0\u00bb row_border_radius=\u00a0\u00bbnone\u00a0\u00bb row_border_radius_applies=\u00a0\u00bbbg\u00a0\u00bb overlay_strength=\u00a0\u00bb0.3&Prime; gradient_direction=\u00a0\u00bbleft_to_right\u00a0\u00bb shape_divider_position=\u00a0\u00bbbottom\u00a0\u00bb bg_image_animation=\u00a0\u00bbnone\u00a0\u00bb][vc_column column_padding=\u00a0\u00bbno-extra-padding\u00a0\u00bb column_padding_tablet=\u00a0\u00bbinherit\u00a0\u00bb column_padding_phone=\u00a0\u00bbinherit\u00a0\u00bb column_padding_position=\u00a0\u00bball\u00a0\u00bb column_element_spacing=\u00a0\u00bbdefault\u00a0\u00bb background_color_opacity=\u00a0\u00bb1&Prime; background_hover_color_opacity=\u00a0\u00bb1&Prime; column_shadow=\u00a0\u00bbnone\u00a0\u00bb column_border_radius=\u00a0\u00bbnone\u00a0\u00bb column_link_target=\u00a0\u00bb_self\u00a0\u00bb gradient_direction=\u00a0\u00bbleft_to_right\u00a0\u00bb overlay_strength=\u00a0\u00bb0.3&Prime; width=\u00a0\u00bb1\/1&Prime; tablet_width_inherit=\u00a0\u00bbdefault\u00a0\u00bb&#8230;<\/p>\n","protected":false},"author":2,"featured_media":0,"parent":0,"menu_order":0,"comment_status":"closed","ping_status":"closed","template":"","meta":[],"_links":{"self":[{"href":"https:\/\/safeblood.rs\/fr\/wp-json\/wp\/v2\/pages\/74302"}],"collection":[{"href":"https:\/\/safeblood.rs\/fr\/wp-json\/wp\/v2\/pages"}],"about":[{"href":"https:\/\/safeblood.rs\/fr\/wp-json\/wp\/v2\/types\/page"}],"author":[{"embeddable":true,"href":"https:\/\/safeblood.rs\/fr\/wp-json\/wp\/v2\/users\/2"}],"replies":[{"embeddable":true,"href":"https:\/\/safeblood.rs\/fr\/wp-json\/wp\/v2\/comments?post=74302"}],"version-history":[{"count":4,"href":"https:\/\/safeblood.rs\/fr\/wp-json\/wp\/v2\/pages\/74302\/revisions"}],"predecessor-version":[{"id":74689,"href":"https:\/\/safeblood.rs\/fr\/wp-json\/wp\/v2\/pages\/74302\/revisions\/74689"}],"wp:attachment":[{"href":"https:\/\/safeblood.rs\/fr\/wp-json\/wp\/v2\/media?parent=74302"}],"curies":[{"name":"wp","href":"https:\/\/api.w.org\/{rel}","templated":true}]}}