{"id":77180,"date":"2024-07-12T19:09:32","date_gmt":"2024-07-12T17:09:32","guid":{"rendered":"https:\/\/safeblood.rs\/?page_id=77180"},"modified":"2025-12-29T17:03:19","modified_gmt":"2025-12-29T16:03:19","slug":"bioresonancia-biofotonica","status":"publish","type":"page","link":"https:\/\/safeblood.rs\/es\/bioresonancia-biofotonica\/","title":{"rendered":"BioResonancia Biofot\u00f3nica"},"content":{"rendered":"[vc_row type=\u00bbin_container\u00bb full_screen_row_position=\u00bbmiddle\u00bb column_margin=\u00bbdefault\u00bb column_direction=\u00bbdefault\u00bb column_direction_tablet=\u00bbdefault\u00bb column_direction_phone=\u00bbdefault\u00bb scene_position=\u00bbcenter\u00bb text_color=\u00bbdark\u00bb text_align=\u00bbleft\u00bb row_border_radius=\u00bbnone\u00bb row_border_radius_applies=\u00bbbg\u00bb overlay_strength=\u00bb0.3&#8243; gradient_direction=\u00bbleft_to_right\u00bb shape_divider_position=\u00bbbottom\u00bb bg_image_animation=\u00bbnone\u00bb shape_type=\u00bb\u00bb][vc_column column_padding=\u00bbno-extra-padding\u00bb column_padding_tablet=\u00bbinherit\u00bb column_padding_phone=\u00bbinherit\u00bb column_padding_position=\u00bball\u00bb top_margin=\u00bb-90&#8243; top_margin_tablet=\u00bb-90&#8243; top_margin_phone=\u00bb-90&#8243; column_element_spacing=\u00bbdefault\u00bb background_color_opacity=\u00bb1&#8243; background_hover_color_opacity=\u00bb1&#8243; column_shadow=\u00bbnone\u00bb column_border_radius=\u00bbnone\u00bb column_link_target=\u00bb_self\u00bb gradient_direction=\u00bbleft_to_right\u00bb overlay_strength=\u00bb0.3&#8243; width=\u00bb1\/3&#8243; tablet_width_inherit=\u00bbdefault\u00bb tablet_text_alignment=\u00bbdefault\u00bb phone_text_alignment=\u00bbdefault\u00bb bg_image_animation=\u00bbnone\u00bb border_type=\u00bbsimple\u00bb column_border_width=\u00bbnone\u00bb column_border_style=\u00bbsolid\u00bb][image_with_animation image_url=\u00bb76533&#8243; animation=\u00bbNone\u00bb hover_animation=\u00bbnone\u00bb alignment=\u00bb\u00bb img_link_target=\u00bb_blank\u00bb border_radius=\u00bbnone\u00bb box_shadow=\u00bbnone\u00bb image_loading=\u00bbdefault\u00bb max_width=\u00bb100%\u00bb max_width_mobile=\u00bbdefault\u00bb margin_top=\u00bb70&#8243; margin_top_tablet=\u00bb40&#8243; margin_top_phone=\u00bb40&#8243; img_link=\u00bbhttps:\/\/safeblood.net\/\u00bb][\/vc_column][vc_column column_padding=\u00bbno-extra-padding\u00bb column_padding_tablet=\u00bbinherit\u00bb column_padding_phone=\u00bbinherit\u00bb column_padding_position=\u00bball\u00bb top_margin=\u00bb-90&#8243; top_margin_tablet=\u00bb-90&#8243; top_margin_phone=\u00bb-90&#8243; column_element_spacing=\u00bbdefault\u00bb background_color_opacity=\u00bb1&#8243; background_hover_color_opacity=\u00bb1&#8243; column_shadow=\u00bbnone\u00bb column_border_radius=\u00bbnone\u00bb column_link_target=\u00bb_self\u00bb gradient_direction=\u00bbleft_to_right\u00bb overlay_strength=\u00bb0.3&#8243; width=\u00bb1\/3&#8243; tablet_width_inherit=\u00bbdefault\u00bb tablet_text_alignment=\u00bbdefault\u00bb phone_text_alignment=\u00bbdefault\u00bb bg_image_animation=\u00bbnone\u00bb border_type=\u00bbsimple\u00bb column_border_width=\u00bbnone\u00bb column_border_style=\u00bbsolid\u00bb][image_with_animation image_url=\u00bb76493&#8243; animation=\u00bbNone\u00bb hover_animation=\u00bbnone\u00bb alignment=\u00bbcenter\u00bb img_link_target=\u00bb_blank\u00bb border_radius=\u00bbnone\u00bb box_shadow=\u00bbnone\u00bb image_loading=\u00bbdefault\u00bb max_width=\u00bb75%\u00bb max_width_mobile=\u00bbdefault\u00bb margin_top=\u00bb50&#8243; margin_top_tablet=\u00bb50&#8243; margin_top_phone=\u00bb50&#8243; img_link=\u00bbhttps:\/\/biophotonic.uk\/\u00bb margin_left=\u00bb10&#8243; margin_left_tablet=\u00bb10&#8243; margin_left_phone=\u00bb10&#8243;][\/vc_column][vc_column column_padding=\u00bbno-extra-padding\u00bb column_padding_tablet=\u00bbinherit\u00bb column_padding_phone=\u00bbinherit\u00bb column_padding_position=\u00bball\u00bb top_margin=\u00bb-90&#8243; top_margin_tablet=\u00bb-90&#8243; top_margin_phone=\u00bb-90&#8243; column_element_spacing=\u00bbdefault\u00bb background_color_opacity=\u00bb1&#8243; background_hover_color_opacity=\u00bb1&#8243; column_shadow=\u00bbnone\u00bb column_border_radius=\u00bbnone\u00bb column_link_target=\u00bb_self\u00bb gradient_direction=\u00bbleft_to_right\u00bb overlay_strength=\u00bb0.3&#8243; width=\u00bb1\/3&#8243; tablet_width_inherit=\u00bbdefault\u00bb tablet_text_alignment=\u00bbdefault\u00bb phone_text_alignment=\u00bbdefault\u00bb bg_image_animation=\u00bbnone\u00bb border_type=\u00bbsimple\u00bb column_border_width=\u00bbnone\u00bb column_border_style=\u00bbsolid\u00bb][image_with_animation image_url=\u00bb76553&#8243; animation=\u00bbNone\u00bb hover_animation=\u00bbnone\u00bb alignment=\u00bb\u00bb img_link_target=\u00bb_blank\u00bb border_radius=\u00bbnone\u00bb box_shadow=\u00bbnone\u00bb image_loading=\u00bbdefault\u00bb max_width=\u00bb100%\u00bb max_width_mobile=\u00bbdefault\u00bb margin_top=\u00bb50&#8243; margin_top_tablet=\u00bb55&#8243; margin_top_phone=\u00bb55&#8243; img_link=\u00bbhttps:\/\/safereproduction.net\/\u00bb][\/vc_column][\/vc_row][vc_row type=\u00bbin_container\u00bb full_screen_row_position=\u00bbmiddle\u00bb column_margin=\u00bbdefault\u00bb column_direction=\u00bbdefault\u00bb column_direction_tablet=\u00bbdefault\u00bb column_direction_phone=\u00bbdefault\u00bb scene_position=\u00bbcenter\u00bb text_color=\u00bbdark\u00bb text_align=\u00bbleft\u00bb row_border_radius=\u00bbnone\u00bb row_border_radius_applies=\u00bbbg\u00bb overlay_strength=\u00bb0.3&#8243; gradient_direction=\u00bbleft_to_right\u00bb shape_divider_position=\u00bbbottom\u00bb bg_image_animation=\u00bbnone\u00bb][vc_column column_padding=\u00bbno-extra-padding\u00bb column_padding_tablet=\u00bbinherit\u00bb column_padding_phone=\u00bbinherit\u00bb column_padding_position=\u00bball\u00bb column_element_spacing=\u00bbdefault\u00bb background_color_opacity=\u00bb1&#8243; background_hover_color_opacity=\u00bb1&#8243; column_shadow=\u00bbnone\u00bb column_border_radius=\u00bbnone\u00bb column_link_target=\u00bb_self\u00bb gradient_direction=\u00bbleft_to_right\u00bb overlay_strength=\u00bb0.3&#8243; width=\u00bb1\/1&#8243; tablet_width_inherit=\u00bbdefault\u00bb tablet_text_alignment=\u00bbdefault\u00bb phone_text_alignment=\u00bbdefault\u00bb bg_image_animation=\u00bbnone\u00bb border_type=\u00bbsimple\u00bb column_border_width=\u00bbnone\u00bb column_border_style=\u00bbsolid\u00bb][vc_column_text css=\u00bb.vc_custom_1720800591437{margin-top: -50px !important;}\u00bb]\n<h2 style=\"text-align: center;\">BioResonancia Biofot\u00f3nica (BioPhotonic)<\/h2>\n[\/vc_column_text][\/vc_column][\/vc_row][vc_row type=\u00bbin_container\u00bb full_screen_row_position=\u00bbmiddle\u00bb column_margin=\u00bbdefault\u00bb column_direction=\u00bbdefault\u00bb column_direction_tablet=\u00bbdefault\u00bb column_direction_phone=\u00bbdefault\u00bb scene_position=\u00bbcenter\u00bb text_color=\u00bbdark\u00bb text_align=\u00bbleft\u00bb row_border_radius=\u00bbnone\u00bb row_border_radius_applies=\u00bbbg\u00bb overlay_strength=\u00bb0.3&#8243; gradient_direction=\u00bbleft_to_right\u00bb shape_divider_position=\u00bbbottom\u00bb bg_image_animation=\u00bbnone\u00bb][vc_column column_padding=\u00bbno-extra-padding\u00bb column_padding_tablet=\u00bbinherit\u00bb column_padding_phone=\u00bbinherit\u00bb column_padding_position=\u00bball\u00bb column_element_spacing=\u00bbdefault\u00bb background_color_opacity=\u00bb1&#8243; background_hover_color_opacity=\u00bb1&#8243; column_shadow=\u00bbnone\u00bb column_border_radius=\u00bbnone\u00bb column_link_target=\u00bb_self\u00bb gradient_direction=\u00bbleft_to_right\u00bb overlay_strength=\u00bb0.3&#8243; width=\u00bb1\/1&#8243; tablet_width_inherit=\u00bbdefault\u00bb tablet_text_alignment=\u00bbdefault\u00bb phone_text_alignment=\u00bbdefault\u00bb bg_image_animation=\u00bbnone\u00bb border_type=\u00bbsimple\u00bb column_border_width=\u00bbnone\u00bb column_border_style=\u00bbsolid\u00bb][vc_column_text css=\u00bb.vc_custom_1767024195021{margin-top: -20px !important;}\u00bb]Desde la introducci\u00f3n de\u00a0<a href=\"https:\/\/safeblood.net\/es\/\" target=\"_blank\" rel=\"noopener\">SafeBlood<\/a> y\u00a0<a href=\"https:\/\/safereproduction.net\/\" target=\"_blank\" rel=\"noopener\">Safereproduction<\/a>, hemos estado buscando m\u00e9todos de tratamiento eficientes que ayuden a eliminar los residuos nocivos de las vacunas de ARNm de nuestros organismos. Este es un gran desaf\u00edo, ya que la t\u00e9cnica del ARNm da\u00f1a el cuerpo en m\u00faltiples niveles.<\/p>\n<p>Una de las formas m\u00e1s eficientes es, sin duda, abordar el \u00abcentro de mando\u00bb del cuerpo, que funciona con energ\u00eda; las frecuencias y los impulsos el\u00e9ctricos controlan la bioqu\u00edmica y, por lo tanto, todo el metabolismo.<\/p>\n<p>Afortunadamente, <a href=\"https:\/\/biophotonic.uk\/\" target=\"_blank\" rel=\"noopener\">BioPhotonics<\/a> ha lanzado una nueva l\u00ednea de dispositivos de bioresonancia cu\u00e1ntica que ayudan con estos 3 puntos clave, entre muchos otros beneficios:<\/p>\n<ol>\n<li><strong>Desintoxicaci\u00f3n<\/strong> de residuos de cualquier vacuna Covid19<\/li>\n<li><strong>Protecci\u00f3n<\/strong> contra EMF y estr\u00e9s geop\u00e1tico (WIFI, G5, tel\u00e9fonos inteligentes, etc.)<\/li>\n<li><strong>Reparaci\u00f3n del ADN<\/strong><\/li>\n<\/ol>\n<p>Lo \u00faltimo es la caracter\u00edstica m\u00e1s sorprendente, porque no conozco ning\u00fan otro m\u00e9todo que pueda reparar el ADN da\u00f1ado, que es, lamentablemente, uno de los efectos secundarios m\u00e1s graves de las vacunas de ARNm.<\/p>\n<p>Estos dispositivos son peque\u00f1os, port\u00e1tiles, asequibles y tienen numerosos beneficios para todo tipo de problemas de salud: prevenci\u00f3n, terapia, protecci\u00f3n y, lo m\u00e1s importante, desintoxicaci\u00f3n.<br \/>\n<em>Esta es la gama de productos:<\/em><a href=\"https:\/\/biophotonic.uk\/\" target=\"_blank\" rel=\"noopener\"><img loading=\"lazy\" class=\"aligncenter size-large wp-image-76564\" src=\"https:\/\/safeblood.rs\/wp-content\/uploads\/2024\/06\/biophotonics-pic-1-1024x582.jpg\" alt=\"\" width=\"1024\" height=\"582\" srcset=\"https:\/\/safeblood.rs\/wp-content\/uploads\/2024\/06\/biophotonics-pic-1-1024x582.jpg 1024w, https:\/\/safeblood.rs\/wp-content\/uploads\/2024\/06\/biophotonics-pic-1-300x170.jpg 300w, https:\/\/safeblood.rs\/wp-content\/uploads\/2024\/06\/biophotonics-pic-1-768x436.jpg 768w, https:\/\/safeblood.rs\/wp-content\/uploads\/2024\/06\/biophotonics-pic-1-1536x872.jpg 1536w, https:\/\/safeblood.rs\/wp-content\/uploads\/2024\/06\/biophotonics-pic-1-2048x1163.jpg 2048w\" sizes=\"(max-width: 1024px) 100vw, 1024px\" \/><\/a>Nuestro principal inter\u00e9s es, por supuesto, la eliminaci\u00f3n de residuos de vacunas de ARNm. Pero hay tantos beneficios para la salud en general, como la protecci\u00f3n contra la geopat\u00eda. BioPhotonics ha realizado varios estudios con an\u00e1lisis de sangre viva que documentan los beneficios de sus dispositivos. El siguiente video es un ejemplo de protecci\u00f3n contra la radiaci\u00f3n G5 o similar para tel\u00e9fonos m\u00f3viles:<\/p>\n<p><center><br \/>\n<iframe loading=\"lazy\" title=\"YouTube video player\" src=\"https:\/\/www.youtube.com\/embed\/1V8FnD8eyt0?si=chHr3heBxGtdcEUt\" width=\"560\" height=\"315\" frameborder=\"0\" allowfullscreen=\"allowfullscreen\" data-mce-fragment=\"1\"><\/iframe><\/center><br \/>\nHe trabajado con todo tipo de dispositivos de frecuencia en mi pr\u00e1ctica naturop\u00e1tica: Biorresonancia, generadores de frecuencia (tanto para diagn\u00f3stico como para tratamiento) seg\u00fan Dr. Clark o Rife, campo magn\u00e9tico, etc. etc., y siempre me ha sorprendido lo bien que funciona.\u00a0Los dispositivos de frecuencia que usaba en mi cl\u00ednica eran, por supuesto, grandes, muy caros (estamos hablando de cientos de miles de d\u00f3lares en dispositivos) y requer\u00edan un conocimiento m\u00e9dico intensivo. Los dispositivos BioPhotonic son, como dije, <strong>peque\u00f1os y port\u00e1tiles<\/strong> y ciertamente no son baratos, <strong>pero asequibles<\/strong>. Tampoco necesitas ning\u00fan conocimiento m\u00e9dico, solo tienes que seguir las instrucciones, y en cualquier caso no pueden hacerte ning\u00fan da\u00f1o.<\/p>\n<p>Nos complace que <strong>BioPhotonic<\/strong> <strong>ofrezca un descuento del 10%<\/strong> en todos sus dispositivos <strong>para los suscriptores<\/strong> del bolet\u00edn de SafeBlood, <strong>y del 20% para los miembros de SafeBlood<\/strong>. Haga clic en el bot\u00f3n rojo a continuaci\u00f3n para ordenar o simplemente para obtener m\u00e1s informaci\u00f3n sobre los principios o los productos en detalle.<\/p>\n<p><span style=\"color: #ff0000;\"><span style=\"color: #000000;\">Para recibir el descuento <strong>para los miembros de SafeBlood<\/strong>, agregue este c\u00f3digo de descuento<\/span>*<\/span>  a su pedido. Ingr\u00e9selo en el campo \u00abC\u00f3digo de cup\u00f3n\u00bb durante el pago.<br \/>\n<em><span style=\"color: #ff0000;\">*<span style=\"color: #000000;\">Solo ver\u00e1 el c\u00f3digo aqu\u00ed si ha iniciado sesi\u00f3n como miembro de SafeBlood. Si no ve un c\u00f3digo aqu\u00ed, vaya a la p\u00e1gina de inicio de sesi\u00f3n de SafeBlood antes de volver a esta p\u00e1gina<\/span><\/span><span style=\"color: #000000;\">.<\/span><br \/>\n<\/em>Para recibir el descuento para <strong>los suscriptores del bolet\u00edn de SafeBlood<\/strong>, agregue el c\u00f3digo <em>SB10<\/em> a su pedido o el c\u00f3digo que encuentre en el bolet\u00edn en el que anunciamos nuestra colaboraci\u00f3n con BioPhotonic. Puede encontrar nuestro archivo de boletines <a href=\"https:\/\/safeblood.net\/es\/archivo-de-boletines\/\" target=\"_blank\" rel=\"noopener\">aqui<\/a>.<br \/>\n<em>Tenga en cuenta que no puede combinar dos c\u00f3digos de descuento.<\/em><br \/>\nSi desea <strong>convertirse en miembro ahora<\/strong>, puede hacerlo <a href=\"https:\/\/safeblood.net\/en\/\" target=\"_blank\" rel=\"noopener\">aqui<\/a>. Una vez que se haya registrado con \u00e9xito, ser\u00e1 miembro de inmediato y podr\u00e1 proceder con su pedido. Actualice esta p\u00e1gina para ver el c\u00f3digo de descuento antes de presionar el bot\u00f3n rojo.[\/vc_column_text][\/vc_column][\/vc_row][vc_row type=\u00bbin_container\u00bb full_screen_row_position=\u00bbmiddle\u00bb column_margin=\u00bbdefault\u00bb column_direction=\u00bbdefault\u00bb column_direction_tablet=\u00bbdefault\u00bb column_direction_phone=\u00bbdefault\u00bb scene_position=\u00bbcenter\u00bb text_color=\u00bbdark\u00bb text_align=\u00bbleft\u00bb row_border_radius=\u00bbnone\u00bb row_border_radius_applies=\u00bbbg\u00bb overlay_strength=\u00bb0.3&#8243; gradient_direction=\u00bbleft_to_right\u00bb shape_divider_position=\u00bbbottom\u00bb bg_image_animation=\u00bbnone\u00bb][vc_column column_padding=\u00bbno-extra-padding\u00bb column_padding_tablet=\u00bbinherit\u00bb column_padding_phone=\u00bbinherit\u00bb column_padding_position=\u00bball\u00bb column_element_spacing=\u00bbdefault\u00bb centered_text=\u00bbtrue\u00bb background_color_opacity=\u00bb1&#8243; background_hover_color_opacity=\u00bb1&#8243; column_shadow=\u00bbnone\u00bb column_border_radius=\u00bbnone\u00bb column_link_target=\u00bb_self\u00bb gradient_direction=\u00bbleft_to_right\u00bb overlay_strength=\u00bb0.3&#8243; width=\u00bb1\/1&#8243; tablet_width_inherit=\u00bbdefault\u00bb tablet_text_alignment=\u00bbdefault\u00bb phone_text_alignment=\u00bbdefault\u00bb bg_image_animation=\u00bbnone\u00bb border_type=\u00bbsimple\u00bb column_border_width=\u00bbnone\u00bb column_border_style=\u00bbsolid\u00bb][nectar_btn size=\u00bbjumbo\u00bb open_new_tab=\u00bbtrue\u00bb button_style=\u00bbregular\u00bb button_color_2=\u00bbAccent-Color\u00bb icon_family=\u00bbdefault_arrow\u00bb text=\u00bbLl\u00e9vame al sitio web de BioPhotonic para m\u00e1s explicaciones y el formulario de pedido.\u00bb url=\u00bbhttps:\/\/biophotonic.uk\/\u00bb][\/vc_column][\/vc_row][vc_row type=\u00bbin_container\u00bb full_screen_row_position=\u00bbmiddle\u00bb column_margin=\u00bbdefault\u00bb column_direction=\u00bbdefault\u00bb column_direction_tablet=\u00bbdefault\u00bb column_direction_phone=\u00bbdefault\u00bb scene_position=\u00bbcenter\u00bb text_color=\u00bbdark\u00bb text_align=\u00bbleft\u00bb row_border_radius=\u00bbnone\u00bb row_border_radius_applies=\u00bbbg\u00bb overlay_strength=\u00bb0.3&#8243; gradient_direction=\u00bbleft_to_right\u00bb shape_divider_position=\u00bbbottom\u00bb bg_image_animation=\u00bbnone\u00bb][vc_column column_padding=\u00bbno-extra-padding\u00bb column_padding_tablet=\u00bbinherit\u00bb column_padding_phone=\u00bbinherit\u00bb column_padding_position=\u00bball\u00bb column_element_spacing=\u00bbdefault\u00bb background_color_opacity=\u00bb1&#8243; background_hover_color_opacity=\u00bb1&#8243; column_shadow=\u00bbnone\u00bb column_border_radius=\u00bbnone\u00bb column_link_target=\u00bb_self\u00bb gradient_direction=\u00bbleft_to_right\u00bb overlay_strength=\u00bb0.3&#8243; width=\u00bb1\/1&#8243; tablet_width_inherit=\u00bbdefault\u00bb tablet_text_alignment=\u00bbdefault\u00bb phone_text_alignment=\u00bbdefault\u00bb bg_image_animation=\u00bbnone\u00bb border_type=\u00bbsimple\u00bb column_border_width=\u00bbnone\u00bb column_border_style=\u00bbsolid\u00bb][vc_column_text]Un \u00faltimo comentario: En mi pr\u00e1ctica naturop\u00e1tica, siempre he probado primero en m\u00ed mismo cada m\u00e9todo que uso para mis pacientes, y en SafeBlood tambi\u00e9n hemos probado los dispositivos mencionados nosotros mismos y hemos encontrado efectos significativos.<\/p>\n<p>Tambi\u00e9n recomendamos que se suscriba a la p\u00e1gina de YouTube de BioPhotonics, donde encontrar\u00e1 numerosos videos con instrucciones, comentarios de usuarios y detalles:<br \/>\n<a href=\"https:\/\/www.youtube.com\/@biophotonic791\" target=\"_blank\" rel=\"noopener\">https:\/\/www.youtube.com\/@biophotonic791<\/a><\/p>\n<p class=\"p1\"><b>AVISO LEGAL:<\/b><\/p>\n<p class=\"p1\"><b>SAFE BLOOD DONATION NO PROPORCIONA CONSEJOS M\u00c9DICOS.<\/b><\/p>\n<p class=\"p1\">La informaci\u00f3n, incluyendo pero no limit\u00e1ndose a, texto, gr\u00e1ficos, im\u00e1genes y otros materiales publicados o transmitidos por Safe Blood Donation y sus afiliados, directores, funcionarios, gerentes, empleados u otros representantes, es solo para fines informativos. Ning\u00fan material est\u00e1 destinado a ser un sustituto del consejo, diagn\u00f3stico o tratamiento m\u00e9dico profesional. Siempre busque el consejo de su proveedor de atenci\u00f3n m\u00e9dica de confianza con cualquier pregunta que pueda tener con respecto a una condici\u00f3n m\u00e9dica o tratamiento y antes de iniciar un nuevo r\u00e9gimen de atenci\u00f3n m\u00e9dica, y nunca ignore el consejo m\u00e9dico profesional ni retrase su b\u00fasqueda debido a algo que haya le\u00eddo o visto en cualquier publicaci\u00f3n o transmisi\u00f3n de Safe Blood Donation.<\/p>\n[\/vc_column_text][\/vc_column][\/vc_row]\n","protected":false},"excerpt":{"rendered":"<p>[vc_row type=\u00bbin_container\u00bb full_screen_row_position=\u00bbmiddle\u00bb column_margin=\u00bbdefault\u00bb column_direction=\u00bbdefault\u00bb column_direction_tablet=\u00bbdefault\u00bb column_direction_phone=\u00bbdefault\u00bb scene_position=\u00bbcenter\u00bb text_color=\u00bbdark\u00bb text_align=\u00bbleft\u00bb row_border_radius=\u00bbnone\u00bb row_border_radius_applies=\u00bbbg\u00bb overlay_strength=\u00bb0.3&#8243; gradient_direction=\u00bbleft_to_right\u00bb shape_divider_position=\u00bbbottom\u00bb bg_image_animation=\u00bbnone\u00bb shape_type=\u00bb\u00bb][vc_column column_padding=\u00bbno-extra-padding\u00bb column_padding_tablet=\u00bbinherit\u00bb column_padding_phone=\u00bbinherit\u00bb column_padding_position=\u00bball\u00bb top_margin=\u00bb-90&#8243; top_margin_tablet=\u00bb-90&#8243; top_margin_phone=\u00bb-90&#8243; column_element_spacing=\u00bbdefault\u00bb background_color_opacity=\u00bb1&#8243; background_hover_color_opacity=\u00bb1&#8243; column_shadow=\u00bbnone\u00bb column_border_radius=\u00bbnone\u00bb column_link_target=\u00bb_self\u00bb&#8230;<\/p>\n","protected":false},"author":2,"featured_media":0,"parent":0,"menu_order":0,"comment_status":"closed","ping_status":"closed","template":"","meta":[],"_links":{"self":[{"href":"https:\/\/safeblood.rs\/es\/wp-json\/wp\/v2\/pages\/77180"}],"collection":[{"href":"https:\/\/safeblood.rs\/es\/wp-json\/wp\/v2\/pages"}],"about":[{"href":"https:\/\/safeblood.rs\/es\/wp-json\/wp\/v2\/types\/page"}],"author":[{"embeddable":true,"href":"https:\/\/safeblood.rs\/es\/wp-json\/wp\/v2\/users\/2"}],"replies":[{"embeddable":true,"href":"https:\/\/safeblood.rs\/es\/wp-json\/wp\/v2\/comments?post=77180"}],"version-history":[{"count":6,"href":"https:\/\/safeblood.rs\/es\/wp-json\/wp\/v2\/pages\/77180\/revisions"}],"predecessor-version":[{"id":81387,"href":"https:\/\/safeblood.rs\/es\/wp-json\/wp\/v2\/pages\/77180\/revisions\/81387"}],"wp:attachment":[{"href":"https:\/\/safeblood.rs\/es\/wp-json\/wp\/v2\/media?parent=77180"}],"curies":[{"name":"wp","href":"https:\/\/api.w.org\/{rel}","templated":true}]}}