{"id":75768,"date":"2024-05-06T13:36:57","date_gmt":"2024-05-06T11:36:57","guid":{"rendered":"https:\/\/safeblood.rs\/?page_id=75768"},"modified":"2024-05-07T22:59:26","modified_gmt":"2024-05-07T20:59:26","slug":"edit","status":"publish","type":"page","link":"https:\/\/safeblood.rs\/es\/edit\/","title":{"rendered":"Perfil: ver y editar \u2013 p\u00e1gina dos al suscribirse"},"content":{"rendered":"[vc_row type=\u00bbin_container\u00bb full_screen_row_position=\u00bbmiddle\u00bb column_margin=\u00bbdefault\u00bb column_direction=\u00bbdefault\u00bb column_direction_tablet=\u00bbdefault\u00bb column_direction_phone=\u00bbdefault\u00bb scene_position=\u00bbcenter\u00bb text_color=\u00bbdark\u00bb text_align=\u00bbleft\u00bb row_border_radius=\u00bbnone\u00bb row_border_radius_applies=\u00bbbg\u00bb overlay_strength=\u00bb0.3&#8243; gradient_direction=\u00bbleft_to_right\u00bb shape_divider_position=\u00bbbottom\u00bb bg_image_animation=\u00bbnone\u00bb][vc_column column_padding=\u00bbno-extra-padding\u00bb column_padding_tablet=\u00bbinherit\u00bb column_padding_phone=\u00bbinherit\u00bb column_padding_position=\u00bball\u00bb column_element_spacing=\u00bbdefault\u00bb background_color_opacity=\u00bb1&#8243; background_hover_color_opacity=\u00bb1&#8243; column_shadow=\u00bbnone\u00bb column_border_radius=\u00bbnone\u00bb column_link_target=\u00bb_self\u00bb gradient_direction=\u00bbleft_to_right\u00bb overlay_strength=\u00bb0.3&#8243; width=\u00bb1\/1&#8243; tablet_width_inherit=\u00bbdefault\u00bb tablet_text_alignment=\u00bbdefault\u00bb phone_text_alignment=\u00bbdefault\u00bb bg_image_animation=\u00bbnone\u00bb border_type=\u00bbsimple\u00bb column_border_width=\u00bbnone\u00bb column_border_style=\u00bbsolid\u00bb][vc_column_text]\n<h3><strong>Por favor, completa ahora todos los campos obligatorios a continuaci\u00f3n (los que tienen un asterisco rojo<span style=\"color: #ff0000;\">*<\/span>). No ser\u00e1s miembro hasta que hayas guardado los datos en la parte inferior con \u00abGuardar entrada\u00bb.<br \/>\n<\/strong><strong>Las solicitudes de membres\u00eda sin campos obligatorios completados ser\u00e1n eliminadas autom\u00e1ticamente por el sistema despu\u00e9s de una semana.<\/strong><\/h3>\n<div class=\"error\">Ning\u00fan usuario est\u00e1 registrado para acceder a esta funci\u00f3n.<\/div>[\/vc_column_text][\/vc_column][\/vc_row]\n","protected":false},"excerpt":{"rendered":"<p>[vc_row type=\u00bbin_container\u00bb full_screen_row_position=\u00bbmiddle\u00bb column_margin=\u00bbdefault\u00bb column_direction=\u00bbdefault\u00bb column_direction_tablet=\u00bbdefault\u00bb column_direction_phone=\u00bbdefault\u00bb scene_position=\u00bbcenter\u00bb text_color=\u00bbdark\u00bb text_align=\u00bbleft\u00bb row_border_radius=\u00bbnone\u00bb row_border_radius_applies=\u00bbbg\u00bb overlay_strength=\u00bb0.3&#8243; gradient_direction=\u00bbleft_to_right\u00bb shape_divider_position=\u00bbbottom\u00bb bg_image_animation=\u00bbnone\u00bb][vc_column column_padding=\u00bbno-extra-padding\u00bb column_padding_tablet=\u00bbinherit\u00bb column_padding_phone=\u00bbinherit\u00bb column_padding_position=\u00bball\u00bb column_element_spacing=\u00bbdefault\u00bb background_color_opacity=\u00bb1&#8243; background_hover_color_opacity=\u00bb1&#8243; column_shadow=\u00bbnone\u00bb column_border_radius=\u00bbnone\u00bb column_link_target=\u00bb_self\u00bb gradient_direction=\u00bbleft_to_right\u00bb overlay_strength=\u00bb0.3&#8243; width=\u00bb1\/1&#8243; tablet_width_inherit=\u00bbdefault\u00bb&#8230;<\/p>\n","protected":false},"author":2,"featured_media":0,"parent":0,"menu_order":0,"comment_status":"closed","ping_status":"closed","template":"","meta":[],"_links":{"self":[{"href":"https:\/\/safeblood.rs\/es\/wp-json\/wp\/v2\/pages\/75768"}],"collection":[{"href":"https:\/\/safeblood.rs\/es\/wp-json\/wp\/v2\/pages"}],"about":[{"href":"https:\/\/safeblood.rs\/es\/wp-json\/wp\/v2\/types\/page"}],"author":[{"embeddable":true,"href":"https:\/\/safeblood.rs\/es\/wp-json\/wp\/v2\/users\/2"}],"replies":[{"embeddable":true,"href":"https:\/\/safeblood.rs\/es\/wp-json\/wp\/v2\/comments?post=75768"}],"version-history":[{"count":3,"href":"https:\/\/safeblood.rs\/es\/wp-json\/wp\/v2\/pages\/75768\/revisions"}],"predecessor-version":[{"id":75771,"href":"https:\/\/safeblood.rs\/es\/wp-json\/wp\/v2\/pages\/75768\/revisions\/75771"}],"wp:attachment":[{"href":"https:\/\/safeblood.rs\/es\/wp-json\/wp\/v2\/media?parent=75768"}],"curies":[{"name":"wp","href":"https:\/\/api.w.org\/{rel}","templated":true}]}}